
{"id":179,"date":"2018-01-18T16:29:59","date_gmt":"2018-01-18T16:29:59","guid":{"rendered":"https:\/\/lacuinade.timit2003.com\/afabaix2\/actividades-fijas-programadas\/"},"modified":"2025-11-14T17:36:57","modified_gmt":"2025-11-14T17:36:57","slug":"actividades-fijas-programadas","status":"publish","type":"page","link":"https:\/\/afabaix.org\/es\/actividades-fijas-programadas\/","title":{"rendered":"Actividades fijas programadas"},"content":{"rendered":"<div  class=\"tatsu-HyCVwrU2_ tatsu-section  tatsu-bg-overlay   tatsu-clearfix\" data-title=\"\"  data-headerscheme=\"background--dark\"><div class='tatsu-section-pad clearfix' data-padding='{\"d\":\"320px 0px 25px 0px\",\"t\":\"200px 0px 38px 0px\"}' data-padding-top='320px'><div class=\"tatsu-row-wrap  tatsu-wrap tatsu-row-one-col tatsu-row-has-one-cols tatsu-medium-gutter tatsu-reg-cols  tatsu-clearfix tatsu-rJx0VDS8nd\" ><div  class=\"tatsu-row \" ><div  class=\"tatsu-column  tatsu-bg-overlay tatsu-one-col tatsu-column-align-bottom tatsu-column-image-none tatsu-column-effect-none  tatsu-SJW0EPrUhd\"  data-parallax-speed=\"0\" style=\"\"><div class=\"tatsu-column-inner \" ><div class=\"tatsu-column-pad-wrap\"><div class=\"tatsu-column-pad\" ><div  class=\"tatsu-module tatsu-text-block-wrap tatsu-ryfREwHUnd  \"><div class=\"tatsu-text-inner   clearfix\" ><style>.tatsu-ryfREwHUnd.tatsu-text-block-wrap .tatsu-text-inner{width: 66%;text-align: left;background-color: rgba(241,145,3,1);padding: 0px 0px 0px 5px;color: rgba(255,255,255,1) ;}.tatsu-ryfREwHUnd.tatsu-text-block-wrap{margin: 0px 0px 30px 5px;}.tatsu-ryfREwHUnd .tatsu-text-inner *{color: rgba(255,255,255,1) ;}.tatsu-ryfREwHUnd.tatsu-text-block-wrap .tatsu-text-inner *{font-family : \"Montserrat\",-apple-system,BlinkMacSystemFont,'Segoe UI',Roboto,Oxygen-Sans,Ubuntu,Cantarell,'Helvetica Neue',sans-serif;font-weight : 700;font-size : 36px;letter-spacing : 0px;}@media only screen and (max-width:1377px) {.tatsu-ryfREwHUnd.tatsu-text-block-wrap .tatsu-text-inner{width: 21%;}}@media only screen and (min-width:768px) and (max-width: 1024px) {.tatsu-ryfREwHUnd.tatsu-text-block-wrap .tatsu-text-inner{width: 33%;}}@media only screen and (max-width: 767px) {.tatsu-ryfREwHUnd.tatsu-text-block-wrap .tatsu-text-inner{width: 83%;}}<\/style>\n<h2>Actividades Fijas Programadas<\/h2>\n<\/div><\/div><\/div><\/div><div class = \"tatsu-column-bg-image-wrap\"><div class = \"tatsu-column-bg-image\" ><\/div><\/div><div class=\"tatsu-overlay tatsu-column-overlay tatsu-animate-none\" ><\/div><\/div><style>.tatsu-row > .tatsu-SJW0EPrUhd.tatsu-column{width: 100%;}.tatsu-SJW0EPrUhd.tatsu-column > .tatsu-column-inner > .tatsu-column-overlay{mix-blend-mode: normal;}.tatsu-SJW0EPrUhd > .tatsu-column-inner > .tatsu-top-divider{z-index: 9999;}.tatsu-SJW0EPrUhd > .tatsu-column-inner > .tatsu-bottom-divider{z-index: 9999;}.tatsu-SJW0EPrUhd > .tatsu-column-inner > .tatsu-left-divider{z-index: 9999;}.tatsu-SJW0EPrUhd > .tatsu-column-inner > .tatsu-right-divider{z-index: 9999;}@media only screen and (max-width:1377px) {.tatsu-row > .tatsu-SJW0EPrUhd.tatsu-column{width: 100%;}}@media only screen and (min-width:768px) and (max-width: 1024px) {.tatsu-row > .tatsu-SJW0EPrUhd.tatsu-column{width: 100%;}}@media only screen and (max-width: 767px) {.tatsu-row > .tatsu-SJW0EPrUhd.tatsu-column{width: 100%;}}<\/style><\/div><\/div><\/div><\/div><div class=\"tatsu-section-background-wrap\"><div class = \"tatsu-section-background\" ><\/div><\/div><div class=\"tatsu-overlay tatsu-section-overlay\"><\/div><style>.tatsu-HyCVwrU2_ .tatsu-section-background{background-image: url(https:\/\/afabaix.org\/wp-content\/uploads\/2020\/08\/2949la-enfermedad-de-alzheimer-va-vinculada-la-edad-en-aragon-hay-unos-35-000-enfermos.jpeg);background-repeat: no-repeat;background-attachment: scroll;background-position: center left;background-size: cover;}.tatsu-HyCVwrU2_ .tatsu-bg-blur{background-repeat: no-repeat;background-attachment: scroll;background-position: center left;background-size: cover;}.tatsu-HyCVwrU2_ .tatsu-section-pad{padding: 320px 0px 25px 0px;}.tatsu-HyCVwrU2_ .tatsu-section-offset-wrap{transform: translateY(-0px);}.tatsu-HyCVwrU2_ > .tatsu-bottom-divider{z-index: 9999;}.tatsu-HyCVwrU2_ > .tatsu-top-divider{z-index: 9999;}.tatsu-HyCVwrU2_ .tatsu-section-overlay{background: rgba(22,20,5,0.19);mix-blend-mode: normal;}@media only screen and (min-width:768px) and (max-width: 1024px) {.tatsu-HyCVwrU2_ .tatsu-section-pad{padding: 200px 0px 38px 0px;}}<\/style><\/div><div  class=\"tatsu-ry7RVvH8hO tatsu-section  tatsu-bg-overlay   tatsu-clearfix\" data-title=\"\"  data-headerscheme=\"background--dark\"><div class='tatsu-section-pad clearfix' data-padding='{\"d\":\"53px 0px 90px 0px\",\"m\":\"65px 0px 90px 0px\"}' data-padding-top='65px'><div class=\"tatsu-row-wrap  tatsu-wrap tatsu-row-one-col tatsu-row-has-one-cols tatsu-medium-gutter tatsu-reg-cols  tatsu-clearfix tatsu-SJVAEPH8h_\" ><div  class=\"tatsu-row \" ><div  class=\"tatsu-column  tatsu-bg-overlay tatsu-one-col tatsu-column-image-none tatsu-column-effect-none  tatsu-SkBA4PSIhu\"  data-parallax-speed=\"0\" style=\"\"><div class=\"tatsu-column-inner \" ><div class=\"tatsu-column-pad-wrap\"><div class=\"tatsu-column-pad\" ><div  class=\"tatsu-module tatsu-text-block-wrap tatsu-grxefnvfjbeo9u04  \"><div class=\"tatsu-text-inner tatsu-align-center  clearfix\" ><style>.tatsu-grxefnvfjbeo9u04.tatsu-text-block-wrap .tatsu-text-inner{width: 100%;text-align: left;}<\/style>\n<p>Actividades fijas programadas en las diferentes poblaciones de la comarca.<\/p>\n<p><em>El precio de los talleres para socios es de 15\u20ac mensuales. Los grupos de apoyo est\u00e1n incluidos en la cuota de socio.<\/em><\/p>\n<h4>Estimulaci\u00f3n cognitiva y grupos de apoyo<\/h4>\n<h5>TALLERES DE ESTIMULACI\u00d3N COGNITIVA<\/h5>\n<p>Nuestros talleres de memoria est\u00e1n dirigidos por profesionales cualificados y estan pensados para enfermos de alzh\u00e9imer que se encuentran en una fase inicial o leve de la enfermedad, y para perosnas que quieren trabajar preventivamente las capacidades cognitivas.<\/p>\n<p>Nuestro objetivo es conseguir que los enfermos con demencia adquieran, mantengan o recuperen habilidades y h\u00e1bitos perdidos a causa del deterioro. Al tiempo que ayudamos a mantener una vida que sea lo m\u00e1s aut\u00f3noma, digna y satisfactoria posible.<\/p>\n<p>\u00a0<\/p>\n<table width=\"1160\">\n<thead>\n<tr>\n<td width=\"195\">\n<p><strong>POBLACI\u00d3<\/strong><\/p>\n<\/td>\n<td width=\"413\">\n<p><strong>LLOC<\/strong><\/p>\n<\/td>\n<td>\n<p><strong>HORARI<\/strong><\/p>\n<\/td>\n<\/tr>\n<\/thead>\n<tbody>\n<tr>\n<td width=\"195\">\n<p><strong>Abrera<\/strong><\/p>\n<\/td>\n<td width=\"413\">\n<p><strong>Hotel d\u2019Entitats\u00a0<\/strong><\/p>\n<\/td>\n<td>\n<p>Dilluns de \u00a016 a 17:30h.<\/p>\n<\/td>\n<\/tr>\n<tr>\n<td width=\"195\">\n<p><strong>Abrera<\/strong><\/p>\n<\/td>\n<td width=\"413\">\n<p><strong>Casal d\u2019Avis\u00a0<\/strong><\/p>\n<\/td>\n<td>\n<p>Divendres de 16 a 17:30h.<\/p>\n<\/td>\n<\/tr>\n<tr>\n<td width=\"195\">\n<p><strong>Castellbisbal<\/strong><\/p>\n<\/td>\n<td width=\"413\">\n<p><strong>Casal de la Gent Gran\u00a0<\/strong>(Carrer de Sant Joan, 2)<\/p>\n<\/td>\n<td>\n<p>Dimecres de 10 a 11:30h.<\/p>\n<\/td>\n<\/tr>\n<tr>\n<td width=\"195\">\n<p><strong>Castelldefels<\/strong><\/p>\n<\/td>\n<td width=\"413\">\n<p><strong>Masia Can Roca de Baix\u00a0<\/strong>(C. del Bisbe Urquinaona, 17)<\/p>\n<\/td>\n<td>\n<p>Divendres de 10 a 11h.<\/p>\n<\/td>\n<\/tr>\n<tr>\n<td width=\"195\">\n<p><strong>Castelldefels<\/strong><\/p>\n<\/td>\n<td width=\"413\">\n<p><strong>Masia Can Roca de Baix\u00a0<\/strong>(C. del Bisbe Urquinaona, 17)<\/p>\n<\/td>\n<td>\n<p>Dimecres de 17 a 18h.<\/p>\n<\/td>\n<\/tr>\n<tr>\n<td width=\"195\">\n<p><strong>Castelldefels<\/strong><\/p>\n<\/td>\n<td width=\"413\">\n<p><strong>Centre C\u00edvic Frederic Mompou\u00a0<\/strong>(pla\u00e7a de Joan XXIII, 10)<\/p>\n<\/td>\n<td>\n<p>Dilluns de 10:30 a 11:30h.<\/p>\n<\/td>\n<\/tr>\n<tr>\n<td width=\"195\">\n<p><strong>Castelldefels<\/strong><\/p>\n<\/td>\n<td width=\"413\">\n<p><strong>Centre C\u00edvic Frederic Mompou\u00a0<\/strong>(pla\u00e7a de Joan XXIII, 10)<\/p>\n<\/td>\n<td>\n<p>Dimecres de 10:30 a 11:30h.<\/p>\n<\/td>\n<\/tr>\n<tr>\n<td width=\"195\">\n<p><strong>Cornell\u00e0 de Llobregat<\/strong><\/p>\n<\/td>\n<td width=\"413\">\n<p><strong>Centre Cultural Garc\u00eda Nieto\u00a0<\/strong>(C. Moss\u00e8n Andreu, 13-19)<\/p>\n<\/td>\n<td>\n<p>Dimarts de 16 a 17:15h.<\/p>\n<\/td>\n<\/tr>\n<tr>\n<td width=\"195\">\n<p><strong>Cornell\u00e0 de Llobregat<\/strong><\/p>\n<\/td>\n<td width=\"413\">\n<p><strong>Centre Cultural Garc\u00eda Nieto\u00a0<\/strong>(C. Moss\u00e8n Andreu, 13-19)<\/p>\n<\/td>\n<td>\n<p>Dimarts de 17:15 a 19h.<\/p>\n<\/td>\n<\/tr>\n<tr>\n<td width=\"195\">\n<p><strong>Cornell\u00e0\u00a0de Llobregat<\/strong><\/p>\n<\/td>\n<td width=\"413\">\n<p><strong>Asociaci\u00f3n Cultural y Recreativa Pe\u00f1a del Domin\u00f3\u00a0<\/strong>(Av. \u00a0Sant Ildefons N\u00b01-3-5)<\/p>\n<\/td>\n<td>\n<p>Dimecres de 16:30 a 18h<\/p>\n<\/td>\n<\/tr>\n<tr>\n<td width=\"195\">\n<p><strong>Cornell\u00e0\u00a0de Llobregat<\/strong><\/p>\n<\/td>\n<td width=\"413\">\n<p><strong>Centre C\u00edvic de Sant Ildefons\u00a0<\/strong>(Carrer de la Gerdera, 08940)<\/p>\n<\/td>\n<td>\n<p>Divendres de 10 a 11:30h.<\/p>\n<\/td>\n<\/tr>\n<tr>\n<td width=\"195\">\n<p><strong>Cornell\u00e0\u00a0de Llobregat<\/strong><\/p>\n<\/td>\n<td width=\"413\">\n<p><strong>Centre C\u00edvic de Sant Ildefons\u00a0<\/strong>(Carrer de la Gerdera, 08940)<\/p>\n<\/td>\n<td>\n<p>Divendres de 11:30 a 13h.<\/p>\n<\/td>\n<\/tr>\n<tr>\n<td width=\"195\">\n<p><strong>El Prat de Llobregat<\/strong><\/p>\n<\/td>\n<td width=\"413\">\n<p><strong>Casal C\u00edvic Lo Gaiter de Llobregat\u00a0<\/strong>(C. Lo gaiter, 31)<\/p>\n<\/td>\n<td>\n<p>Dilluns de 16 a 17h.<\/p>\n<\/td>\n<\/tr>\n<tr>\n<td width=\"195\">\n<p><strong>El Prat de Llobregat<\/strong><\/p>\n<\/td>\n<td width=\"413\">\n<p><strong>Centre C\u00edvic Jardins de la Pau\u00a0<\/strong>(Jardins de la Pau, s\/n)<\/p>\n<\/td>\n<td>\n<p>Dimarts de 15:45 \u00a0a 17:15h.<\/p>\n<\/td>\n<\/tr>\n<tr>\n<td width=\"195\">\n<p><strong>El Prat de Llobregat<\/strong><\/p>\n<\/td>\n<td width=\"413\">\n<p><strong>Centre C\u00edvic Jardins de la Pau\u00a0<\/strong>(Jardins de la Pau, s\/n)<\/p>\n<\/td>\n<td>\n<p>Dimarts de 17:15 a 18:45h.<\/p>\n<\/td>\n<\/tr>\n<tr>\n<td width=\"195\">\n<p><strong>El Prat de Llobregat<\/strong><\/p>\n<\/td>\n<td width=\"413\">\n<p><strong>Centre C\u00edvic Jardins de la Pau\u00a0<\/strong>(Jardins de la Pau, s\/n)<\/p>\n<\/td>\n<td>\n<p>Dimecres de 16:30 a 17:30h<\/p>\n<\/td>\n<\/tr>\n<tr>\n<td width=\"195\">\n<p><strong>El Prat de Llobregat<\/strong><\/p>\n<\/td>\n<td width=\"413\">\n<p><strong>Esplai La Caixa\u00a0<\/strong>(Passeig Rector Mart\u00ed i Pi\u00f1ol, 13)<\/p>\n<\/td>\n<td>\n<p>Dilluns de 16:30 a 18 h.<\/p>\n<\/td>\n<\/tr>\n<tr>\n<td width=\"195\">\n<p><strong>Esplugues de Llobregat<\/strong><\/p>\n<\/td>\n<td width=\"413\">\n<p><strong>Casal de gent gran del Gall\u00a0<\/strong>(C. \u00c0ngel Guimer\u00e0, 128)<\/p>\n<\/td>\n<td>\n<p>Dilluns d\u201911 a 12:30h.<\/p>\n<\/td>\n<\/tr>\n<tr>\n<td width=\"195\">\n<p><strong>Martorell <\/strong><\/p>\n<\/td>\n<td width=\"413\">\n<p><strong>Casal d\u2019Avis Buenos Aires <\/strong>(Av. F\u00e8lix Duran i Canyameres, 5)<\/p>\n<\/td>\n<td>\n<p>Dijous de16:30 a 17:30<\/p>\n<\/td>\n<\/tr>\n<tr>\n<td width=\"195\">\n<p><strong>Molins de Rei<\/strong><\/p>\n<\/td>\n<td width=\"413\">\n<p><strong>Federaci\u00f3 Obrera\u00a0<\/strong>(C. de Jacint Verdaguer, 48)<\/p>\n<\/td>\n<td>\n<p>Dijous de 16 a 17:30h.<\/p>\n<\/td>\n<\/tr>\n<tr>\n<td width=\"195\">\n<p><strong>Molins de Rei<\/strong><\/p>\n<\/td>\n<td width=\"413\">\n<p><strong>Federaci\u00f3 Obrera\u00a0<\/strong>(C. de Jacint Verdaguer, 48)<\/p>\n<\/td>\n<td>\n<p>Dijous de 17:30 a 19h.<\/p>\n<\/td>\n<\/tr>\n<tr>\n<td width=\"195\">\n<p><strong>Sant Boi de Llobregat<\/strong><\/p>\n<\/td>\n<td width=\"413\">\n<p><strong>Casal dels Avis Barri Centre\u00a0<\/strong>(C. de Llu\u00eds Castells, 27)<\/p>\n<\/td>\n<td>\n<p>Dimecres 10:30 a 11:30h<\/p>\n<\/td>\n<\/tr>\n<tr>\n<td width=\"195\">\n<p><strong>Sant Boi de Llobregat<\/strong><\/p>\n<\/td>\n<td width=\"413\">\n<p><strong>Casal dels Avis Barri Centre\u00a0<\/strong>(C. de Llu\u00eds Castells, 27)<\/p>\n<\/td>\n<td>\n<p>Dimecres d\u201911:45 a 12:45h.<\/p>\n<\/td>\n<\/tr>\n<tr>\n<td width=\"195\">\n<p><strong>Sant Boi de Llobregat<\/strong><\/p>\n<\/td>\n<td width=\"413\">\n<p><strong>Espai Fem Mem\u00f2ria\u00a0<\/strong>(C. D\u00eddac Priu 10)<\/p>\n<\/td>\n<td>\n<p>Dilluns de 16 a 17 h. (2 grups)<\/p>\n<\/td>\n<\/tr>\n<tr>\n<td width=\"195\">\n<p><strong>Sant Boi de Llobregat<\/strong><\/p>\n<\/td>\n<td width=\"413\">\n<p><strong>Espai Fem Mem\u00f2ria\u00a0<\/strong>(C. D\u00eddac Priu 10)<\/p>\n<\/td>\n<td>\n<p>Dilluns de 17 a 18 h. (2 grups)<\/p>\n<\/td>\n<\/tr>\n<tr>\n<td width=\"195\">\n<p><strong>Sant Boi de Llobregat<\/strong><\/p>\n<\/td>\n<td width=\"413\">\n<p><strong>Espai Fem Mem\u00f2ria\u00a0<\/strong>(C. D\u00eddac Priu 10)<\/p>\n<\/td>\n<td>\n<p>Divendres de 16 a 17 h. (2 grups)<\/p>\n<\/td>\n<\/tr>\n<tr>\n<td width=\"195\">\n<p><strong>Sant Boi de Llobregat<\/strong><\/p>\n<\/td>\n<td width=\"413\">\n<p><strong>Casal de Barri Ciutat Cooperativa-Mol\u00ed Nou\u00a0<\/strong>(C. Pau Casals, 7)<\/p>\n<\/td>\n<td>\n<p>Dimarts d\u2019 11 a 12h.<\/p>\n<\/td>\n<\/tr>\n<tr>\n<td width=\"195\">\n<p><strong>Sant Boi de Llobregat<\/strong><\/p>\n<\/td>\n<td width=\"413\">\n<p><strong>Casal de Barri Ciutat Cooperativa-Mol\u00ed Nou\u00a0<\/strong>(C. Pau Casals, 7)<\/p>\n<\/td>\n<td>\n<p>Divendres d\u201910:45 a 11:45h.<\/p>\n<\/td>\n<\/tr>\n<tr>\n<td width=\"195\">\n<p><strong>Sant Boi de Llobregat<\/strong><\/p>\n<\/td>\n<td width=\"413\">\n<p><strong>Casal de Barri Ciutat Cooperativa-Mol\u00ed Nou\u00a0<\/strong>(C. Pau Casals, 7)<\/p>\n<\/td>\n<td>\n<p>Divendres de 12 a 13h.<\/p>\n<\/td>\n<\/tr>\n<tr>\n<td width=\"195\">\n<p><strong>Sant Boi de Llobregat<\/strong><\/p>\n<\/td>\n<td width=\"413\">\n<p><strong>Cal Ninyo<\/strong> (Carrer Major, 43)<\/p>\n<\/td>\n<td>\n<p>Dimecres de 17 a 18 h<\/p>\n<\/td>\n<\/tr>\n<tr>\n<td width=\"195\">\n<p><strong>Sant Feliu de Llobregat<\/strong><\/p>\n<\/td>\n<td width=\"413\">\n<p><strong>Casal Municipal de Gent Gran\u00a0<\/strong>(C. Pi i Margall, 43)<\/p>\n<\/td>\n<td>\n<p>Dimarts de 16 a 17:30h.<\/p>\n<\/td>\n<\/tr>\n<tr>\n<td width=\"195\">\n<p><strong>Sant Feliu de Llobregat<\/strong><\/p>\n<\/td>\n<td width=\"413\">\n<p><strong>Casal Municipal de Gent Gran\u00a0<\/strong>(C. Pi i Margall, 43)<\/p>\n<\/td>\n<td>\n<p>Dimarts de 17:30 a 19h.<\/p>\n<\/td>\n<\/tr>\n<tr>\n<td width=\"195\">\n<p><strong>Sant Joan Desp\u00ed<\/strong><\/p>\n<\/td>\n<td width=\"413\">\n<p><strong>Centre de Gent Gran Cirerers\u00a0<\/strong>(C. Sant Francesc de Sales,1)<\/p>\n<\/td>\n<td>\n<p>Dimecres de 17 a 18:30 h.<\/p>\n<\/td>\n<\/tr>\n<tr>\n<td width=\"195\">\n<p><strong>Sant Vicen\u00e7 dels horts<\/strong><\/p>\n<\/td>\n<td width=\"413\">\n<p><strong>Centre C\u00edvic Virginia Amposta\u00a0<\/strong>(Carrer d\u2019Antoni Mampel, 1-3)<\/p>\n<\/td>\n<td>\n<p>Dilluns de 17 a 18h.<\/p>\n<\/td>\n<\/tr>\n<\/tbody>\n<\/table>\n<p>\u00a0<\/p>\n<p><strong>MUSICOTER\u00c0PIA<\/strong><\/p>\n<p>La Musicoterapia es una disciplina que puede beneficiar a los enfermos de alzheimer y otras demencias.<\/p>\n<p>Los estudios e investigaciones iniciadas hace unos 20 a\u00f1os contin\u00faan llev\u00e1ndose a cabo en la actualidad a nivel nacional e internacional, y siguen demostrando la eficacia de la Musicoterapia en el tratamiento de diferentes s\u00edntomas que presentan estos enfermos (como son el deterioro) de las habilidades cognitivas, sociales\/emocionales, y los problemas conductuales). Tambi\u00e9n es una ayuda para los cuidadores de estos enfermos.<\/p>\n<p><strong>\u00a0<\/strong><\/p>\n<table>\n<tbody>\n<tr>\n<td width=\"216\">\n<p>\u00a0<strong>POBLACI\u00d3<\/strong><\/p>\n<\/td>\n<td width=\"216\">\n<p><strong>HORARI<\/strong><\/p>\n<\/td>\n<\/tr>\n<tr>\n<td width=\"216\">\n<p><strong>El Prat de Llobergat, C.C. Jardins de la Pau<\/strong><\/p>\n<\/td>\n<td width=\"216\">\n<p>Divendres de 16:30 a 17:30h.<\/p>\n<\/td>\n<\/tr>\n<tr>\n<td width=\"216\">\n<p><strong>Sant Boi de Llobregat, Espai Fem Mem\u00f2ria<\/strong><\/p>\n<\/td>\n<td width=\"216\">\n<p>Dimecres de 17 a 18h.\u00a0<\/p>\n<\/td>\n<\/tr>\n<\/tbody>\n<\/table>\n<p>\u00a0<\/p>\n<p><strong>GRUPOS DE APOYO\u00a0<\/strong><\/p>\n<p>El apoyo a los familiares con un enfermo de Alzheimer tiene como objetivo, por un lado, dar informaci\u00f3n y orientaci\u00f3n a las familias sobre la enfermedad y los cuidados y tratamientos que debe recibir el enfermo, y por el otro, acompa\u00f1ar al proceso de duelo que supone el deterioro del enfermo.<\/p>\n<p>Con ello, se pretende conseguir que el enfermo est\u00e9 bien atendido tanto en los aspectos m\u00e9dicos, como en los aspectos familiares y, al mismo tiempo, que la labor del cuidador se pueda realizar de forma saludable, es decir, evitando los sobreesfuerzos y la sobrecarga que habitualmente se manifiesta en forma de s\u00edntomas: estr\u00e9s, angustia, depresi\u00f3n, aislamiento, etc.<\/p>\n<p>Los grupos de soporte son dirigidos por psic\u00f3logos especializados que trabajan la atenci\u00f3n multifamiliar (grupos de soporte) y unifamiliar (entrevistas familiares de contenci\u00f3n, informaci\u00f3n y\u00a0 apoyo).<\/p>\n<p><strong>\u00a0<\/strong><\/p>\n<table width=\"1160\">\n<thead>\n<tr>\n<td width=\"195\">\n<p><strong>POBLACI\u00d3<\/strong><\/p>\n<\/td>\n<td width=\"413\">\n<p><strong>LLOC<\/strong><\/p>\n<\/td>\n<td>\n<p><strong>HORARI (Periodicitat)<\/strong><\/p>\n<\/td>\n<\/tr>\n<\/thead>\n<tbody>\n<tr>\n<td width=\"195\">\n<p><strong>Cornell\u00e0 de Llobregat<\/strong><\/p>\n<\/td>\n<td width=\"413\">\n<p><strong>Centre Alois Cornell\u00e0\u00a0<\/strong>(Avda. L\u00ednea El\u00e8ctrica 13, baixos)<\/p>\n<\/td>\n<td>\n<p>Dijous de 16 a 18h. (quinzenal)<\/p>\n<\/td>\n<\/tr>\n<tr>\n<td width=\"195\">\n<p><strong>El Prat de Llobregat<\/strong><\/p>\n<\/td>\n<td width=\"413\">\n<p><strong>Centre Alois Prat\u00a0<\/strong>(Avda. Apel\u00b7les Mestres 33, baixos)<strong>\u00a0<\/strong><\/p>\n<\/td>\n<td>\n<p>Dimecres de 16 a 17:30h. (quinzenal)<\/p>\n<\/td>\n<\/tr>\n<tr>\n<td width=\"195\">\n<p><strong>Esparreguera<\/strong><\/p>\n<\/td>\n<td width=\"413\">\n<p><strong>Centre Dual <\/strong>(C. dels Arbres 21)<\/p>\n<\/td>\n<td>\n<p>Dimarts de16 a 17:30 (setmanal)<\/p>\n<\/td>\n<\/tr>\n<tr>\n<td width=\"195\">\n<p><strong>Esplugues<\/strong><\/p>\n<\/td>\n<td width=\"413\">\n<p><strong>Casal de Cultura Robert Brillas\u00a0<\/strong>(C. \u00c0ngel Guimer\u00e0, 38)<\/p>\n<\/td>\n<td>\n<p>Dimarts de 15:30 a 17h. (setmanal)<\/p>\n<\/td>\n<\/tr>\n<tr>\n<td width=\"195\">\n<p><strong>Molins de Rei<\/strong><\/p>\n<\/td>\n<td width=\"413\">\n<p><strong>Federaci\u00f3 Obrera\u00a0<\/strong>(C. de Jacint Verdaguer, 48)<\/p>\n<\/td>\n<td>\n<p>Dimecres de 10:00 a 11:30h. (quinzenal)<\/p>\n<\/td>\n<\/tr>\n<tr>\n<td width=\"195\">\n<p><strong>Olesa de Montserrat<\/strong><\/p>\n<\/td>\n<td width=\"413\">\n<p><strong>Cal Rapissa\u00a0<\/strong>(C. Ample, 25)<\/p>\n<\/td>\n<td>\n<p>Divendres de 17 a 18h.(setmanal)<\/p>\n<\/td>\n<\/tr>\n<tr>\n<td width=\"195\">\n<p><strong>Sant Boi de Llobregat<\/strong><\/p>\n<\/td>\n<td width=\"413\">\n<p><strong>Espai Fem Mem\u00f2ria\u00a0<\/strong>(C. D\u00eddac Priu 10, baixos)<\/p>\n<\/td>\n<td>\n<p>Dijous de 16:30 a 18h. (quinzenal)<\/p>\n<\/td>\n<\/tr>\n<tr>\n<td width=\"195\">\n<p><strong>Sant Feliu de Llobregat<\/strong><\/p>\n<\/td>\n<td width=\"413\">\n<p><strong>\u00a0Centre Polivalent Falguera\u00a0<\/strong>(Pl. Rafael Alberti,1)<\/p>\n<\/td>\n<td>\n<p>Dijous de 10 a 11:30h.(quinzenal)<\/p>\n<\/td>\n<\/tr>\n<tr>\n<td width=\"195\">\n<p><strong>Sant Joan Desp\u00ed<\/strong><\/p>\n<\/td>\n<td width=\"413\">\n<p><strong>Centre C\u00edvic Les Planes\u00a0<\/strong>(C. John F. Kennedy,4)<\/p>\n<\/td>\n<td>\n<p>Dilluns de 15:30 a 17h.( quinzenal)<\/p>\n<\/td>\n<\/tr>\n<\/tbody>\n<\/table>\n<p>\u00a0<\/p>\n<\/div><\/div><\/div><\/div><div class = \"tatsu-column-bg-image-wrap\"><div class = \"tatsu-column-bg-image\" ><\/div><\/div><div class=\"tatsu-overlay tatsu-column-overlay tatsu-animate-none\" ><\/div><\/div><style>.tatsu-row > .tatsu-SkBA4PSIhu.tatsu-column{width: 100%;}.tatsu-SkBA4PSIhu.tatsu-column > .tatsu-column-inner > .tatsu-column-overlay{mix-blend-mode: normal;}.tatsu-SkBA4PSIhu > .tatsu-column-inner > .tatsu-top-divider{z-index: 9999;}.tatsu-SkBA4PSIhu > .tatsu-column-inner > .tatsu-bottom-divider{z-index: 9999;}.tatsu-SkBA4PSIhu > .tatsu-column-inner > .tatsu-left-divider{z-index: 9999;}.tatsu-SkBA4PSIhu > .tatsu-column-inner > .tatsu-right-divider{z-index: 9999;}<\/style><\/div><\/div><\/div><\/div><div class=\"tatsu-section-background-wrap\"><div class = \"tatsu-section-background\" ><\/div><\/div><div class=\"tatsu-overlay tatsu-section-overlay\"><\/div><style>.tatsu-ry7RVvH8hO .tatsu-section-pad{padding: 53px 0px 90px 0px;}.tatsu-ry7RVvH8hO > .tatsu-bottom-divider{z-index: 9999;}.tatsu-ry7RVvH8hO > .tatsu-top-divider{z-index: 9999;}.tatsu-ry7RVvH8hO .tatsu-section-overlay{mix-blend-mode: normal;}@media only screen and (max-width: 767px) {.tatsu-ry7RVvH8hO .tatsu-section-pad{padding: 65px 0px 90px 0px;}}<\/style><\/div>\n","protected":false},"excerpt":{"rendered":"<div><a href=\"https:\/\/afabaix.org\/es\/actividades-fijas-programadas\/\" class=\"exp-read-more exp-read-more-underlined\">Read More<\/a><\/div>\n","protected":false},"author":1,"featured_media":0,"parent":0,"menu_order":0,"comment_status":"closed","ping_status":"closed","template":"","meta":{"footnotes":""},"class_list":["post-179","page","type-page","status-publish","hentry"],"_links":{"self":[{"href":"https:\/\/afabaix.org\/es\/wp-json\/wp\/v2\/pages\/179","targetHints":{"allow":["GET"]}}],"collection":[{"href":"https:\/\/afabaix.org\/es\/wp-json\/wp\/v2\/pages"}],"about":[{"href":"https:\/\/afabaix.org\/es\/wp-json\/wp\/v2\/types\/page"}],"author":[{"embeddable":true,"href":"https:\/\/afabaix.org\/es\/wp-json\/wp\/v2\/users\/1"}],"replies":[{"embeddable":true,"href":"https:\/\/afabaix.org\/es\/wp-json\/wp\/v2\/comments?post=179"}],"version-history":[{"count":28,"href":"https:\/\/afabaix.org\/es\/wp-json\/wp\/v2\/pages\/179\/revisions"}],"predecessor-version":[{"id":29824,"href":"https:\/\/afabaix.org\/es\/wp-json\/wp\/v2\/pages\/179\/revisions\/29824"}],"wp:attachment":[{"href":"https:\/\/afabaix.org\/es\/wp-json\/wp\/v2\/media?parent=179"}],"curies":[{"name":"wp","href":"https:\/\/api.w.org\/{rel}","templated":true}]}}