
{"id":187,"date":"2018-06-14T09:45:30","date_gmt":"2018-06-14T09:45:30","guid":{"rendered":"https:\/\/lacuinade.timit2003.com\/afabaix2\/transparencia-2\/"},"modified":"2025-08-14T18:25:44","modified_gmt":"2025-08-14T18:25:44","slug":"transparencia","status":"publish","type":"page","link":"https:\/\/afabaix.org\/es\/afabaix\/transparencia\/","title":{"rendered":"Transparencia"},"content":{"rendered":"<div  class=\"tatsu-S15v0OnAO tatsu-section  tatsu-bg-overlay   tatsu-clearfix\" data-title=\"\"  data-headerscheme=\"background--dark\"><div class='tatsu-section-pad clearfix' data-padding='{\"d\":\"320px 0px 25px 0px\",\"t\":\"200px 0px 38px 0px\"}' data-padding-top='320px'><div class=\"tatsu-row-wrap  tatsu-wrap tatsu-row-one-col tatsu-row-has-one-cols tatsu-medium-gutter tatsu-reg-cols  tatsu-clearfix tatsu-H1e9DAu2Rd\" ><div  class=\"tatsu-row \" ><div  class=\"tatsu-column  tatsu-bg-overlay tatsu-one-col tatsu-column-align-bottom tatsu-column-image-none tatsu-column-effect-none  tatsu-r1bcwCd20u\"  data-parallax-speed=\"0\" style=\"\"><div class=\"tatsu-column-inner \" ><div class=\"tatsu-column-pad-wrap\"><div class=\"tatsu-column-pad\" ><div  class=\"tatsu-module tatsu-text-block-wrap tatsu-rJf9v0d30u  \"><div class=\"tatsu-text-inner   clearfix\" ><style>.tatsu-rJf9v0d30u.tatsu-text-block-wrap .tatsu-text-inner{width: 34%;text-align: left;background-color: rgba(241,145,3,1);padding: 0px 0px 0px 5px;color: rgba(255,255,255,1) ;}.tatsu-rJf9v0d30u.tatsu-text-block-wrap{margin: 0px 0px 30px 5px;}.tatsu-rJf9v0d30u .tatsu-text-inner *{color: rgba(255,255,255,1) ;}.tatsu-rJf9v0d30u.tatsu-text-block-wrap .tatsu-text-inner *{font-family : \"Montserrat\",-apple-system,BlinkMacSystemFont,'Segoe UI',Roboto,Oxygen-Sans,Ubuntu,Cantarell,'Helvetica Neue',sans-serif;font-weight : 700;font-size : 36px;letter-spacing : 0px;}@media only screen and (max-width:1377px) {.tatsu-rJf9v0d30u.tatsu-text-block-wrap .tatsu-text-inner{width: 21%;}}@media only screen and (min-width:768px) and (max-width: 1024px) {.tatsu-rJf9v0d30u.tatsu-text-block-wrap .tatsu-text-inner{width: 33%;}}@media only screen and (max-width: 767px) {.tatsu-rJf9v0d30u.tatsu-text-block-wrap .tatsu-text-inner{width: 100%;}}<\/style>\n<h2>Transparencia<\/h2>\n<\/div><\/div><\/div><\/div><div class = \"tatsu-column-bg-image-wrap\"><div class = \"tatsu-column-bg-image\" ><\/div><\/div><div class=\"tatsu-overlay tatsu-column-overlay tatsu-animate-none\" ><\/div><\/div><style>.tatsu-row > .tatsu-r1bcwCd20u.tatsu-column{width: 100%;}.tatsu-r1bcwCd20u.tatsu-column > .tatsu-column-inner > .tatsu-column-overlay{mix-blend-mode: normal;}.tatsu-r1bcwCd20u > .tatsu-column-inner > .tatsu-top-divider{z-index: 9999;}.tatsu-r1bcwCd20u > .tatsu-column-inner > .tatsu-bottom-divider{z-index: 9999;}.tatsu-r1bcwCd20u > .tatsu-column-inner > .tatsu-left-divider{z-index: 9999;}.tatsu-r1bcwCd20u > .tatsu-column-inner > .tatsu-right-divider{z-index: 9999;}@media only screen and (max-width:1377px) {.tatsu-row > .tatsu-r1bcwCd20u.tatsu-column{width: 100%;}}@media only screen and (min-width:768px) and (max-width: 1024px) {.tatsu-row > .tatsu-r1bcwCd20u.tatsu-column{width: 100%;}}@media only screen and (max-width: 767px) {.tatsu-row > .tatsu-r1bcwCd20u.tatsu-column{width: 100%;}}<\/style><\/div><\/div><\/div><\/div><div class=\"tatsu-section-background-wrap\"><div class = \"tatsu-section-background\" ><\/div><\/div><div class=\"tatsu-overlay tatsu-section-overlay\"><\/div><style>.tatsu-S15v0OnAO .tatsu-section-background{background-image: url(https:\/\/afabaix.org\/wp-content\/uploads\/2020\/10\/30822-10-20molins.jpg);background-repeat: no-repeat;background-attachment: scroll;background-position: center left;background-size: cover;}.tatsu-S15v0OnAO .tatsu-bg-blur{background-repeat: no-repeat;background-attachment: scroll;background-position: center left;background-size: cover;}.tatsu-S15v0OnAO .tatsu-section-pad{padding: 320px 0px 25px 0px;}.tatsu-S15v0OnAO .tatsu-section-offset-wrap{transform: translateY(-0px);}.tatsu-S15v0OnAO > .tatsu-bottom-divider{z-index: 9999;}.tatsu-S15v0OnAO > .tatsu-top-divider{z-index: 9999;}.tatsu-S15v0OnAO .tatsu-section-overlay{background: rgba(22,20,5,0.19);mix-blend-mode: normal;}@media only screen and (min-width:768px) and (max-width: 1024px) {.tatsu-S15v0OnAO .tatsu-section-pad{padding: 200px 0px 38px 0px;}}<\/style><\/div><div  class=\"tatsu-H1Zbq09ht tatsu-section  tatsu-bg-overlay   tatsu-clearfix\" data-title=\"\"  data-headerscheme=\"background--dark\"><div class='tatsu-section-pad clearfix' data-padding='{\"d\":\"45px 0px 2px 0px\"}' data-padding-top='45px'><div class=\"tatsu-row-wrap  tatsu-wrap tatsu-row-has-three-cols tatsu-medium-gutter tatsu-reg-cols  tatsu-clearfix tatsu-r1ebW50chK\" ><div  class=\"tatsu-row \" ><div  class=\"tatsu-column  tatsu-bg-overlay tatsu-one-third tatsu-column-image-none tatsu-column-effect-none  tatsu-H1-ZW5CqhF\"  data-parallax-speed=\"0\" style=\"\"><div class=\"tatsu-column-inner \" ><div class=\"tatsu-column-pad-wrap\"><div class=\"tatsu-column-pad\" ><div class=\"tatsu-row-wrap  tatsu-row-one-col tatsu-row-has-one-cols tatsu-medium-gutter tatsu-reg-cols tatsu-inner-row-wrap  tatsu-clearfix tatsu-S1M-Z9R9nK\" ><div  class=\"tatsu-row \" ><div  class=\"tatsu-column  tatsu-bg-overlay tatsu-one-col tatsu-column-align-middle tatsu-column-image- tatsu-column-effect-  tatsu-BJX-W9C92t\"  data-parallax-speed=\"0\" style=\"\"><div class=\"tatsu-column-inner \" ><div class=\"tatsu-column-pad-wrap\"><div class=\"tatsu-column-pad\" ><div  class=\"tatsu-module tatsu-normal-icon tatsu-icon-shortcode align-center tatsu-By4-Wq09nt   \"><style>.tatsu-By4-Wq09nt .tatsu-icon{color: rgba(241,145,3,1) ;}.tatsu-By4-Wq09nt.tatsu-normal-icon{margin: 0px 0px 10px 0px;}.tatsu-By4-Wq09nt{border-width: 0px 0px 0px 0px;}<\/style><a href=\"#\"  class=\"tatsu-icon-wrap plain  tatsu-animate    \" data-animation=\"fadeIn\"   aria-label=\"tatsu-icon-book2\" data-gdpr-atts={}   ><i class=\"tatsu-icon tatsu-custom-icon tatsu-custom-icon-class tatsu-icon-book2 large plain\"><\/i><\/a><\/div><div  class=\"tatsu-module tatsu-text-block-wrap tatsu-HkHZ-cC5nY  \"><div class=\"tatsu-text-inner tatsu-align-center  clearfix\" ><style>.tatsu-HkHZ-cC5nY.tatsu-text-block-wrap .tatsu-text-inner{width: 100%;text-align: center;}<\/style>\n<h6>ESTATUTOS<\/h6>\n<\/div><\/div><\/div><\/div><div class = \"tatsu-column-bg-image-wrap\"><div class = \"tatsu-column-bg-image\" ><\/div><\/div><div class=\"tatsu-overlay tatsu-column-overlay tatsu-animate-none\" ><\/div><a href=\"https:\/\/afabaix.org\/afabaix\/butlleti\/\" class=\"tatsu-col-overlay-link\"><\/a><\/div><style>.tatsu-row > .tatsu-BJX-W9C92t.tatsu-column{width: 100%;}.tatsu-BJX-W9C92t.tatsu-column > .tatsu-column-inner > .tatsu-column-overlay{mix-blend-mode: normal;}.tatsu-BJX-W9C92t > .tatsu-column-inner > .tatsu-top-divider{z-index: 9999;}.tatsu-BJX-W9C92t > .tatsu-column-inner > .tatsu-bottom-divider{z-index: 9999;}.tatsu-BJX-W9C92t > .tatsu-column-inner > .tatsu-left-divider{z-index: 9999;}.tatsu-BJX-W9C92t > .tatsu-column-inner > .tatsu-right-divider{z-index: 9999;}@media only screen and (max-width:1377px) {.tatsu-row > .tatsu-BJX-W9C92t.tatsu-column{width: 100%;}}@media only screen and (min-width:768px) and (max-width: 1024px) {.tatsu-row > .tatsu-BJX-W9C92t.tatsu-column{width: 100%;}}@media only screen and (max-width: 767px) {.tatsu-row > .tatsu-BJX-W9C92t.tatsu-column{width: 100%;}}<\/style><\/div><\/div><\/div><\/div><\/div><div class = \"tatsu-column-bg-image-wrap\"><div class = \"tatsu-column-bg-image\" ><\/div><\/div><div class=\"tatsu-overlay tatsu-column-overlay tatsu-animate-none\" ><\/div><a href=\"https:\/\/afabaix.org\/es\/afabaix\/estatutos\/\" class=\"tatsu-col-overlay-link\"><\/a><\/div><style>.tatsu-row > .tatsu-H1-ZW5CqhF.tatsu-column{width: 33.33%;}.tatsu-H1-ZW5CqhF.tatsu-column > .tatsu-column-inner > .tatsu-column-overlay{mix-blend-mode: normal;}.tatsu-H1-ZW5CqhF > .tatsu-column-inner > .tatsu-top-divider{z-index: 9999;}.tatsu-H1-ZW5CqhF > .tatsu-column-inner > .tatsu-bottom-divider{z-index: 9999;}.tatsu-H1-ZW5CqhF > .tatsu-column-inner > .tatsu-left-divider{z-index: 9999;}.tatsu-H1-ZW5CqhF > .tatsu-column-inner > .tatsu-right-divider{z-index: 9999;}@media only screen and (max-width:1377px) {.tatsu-row > .tatsu-H1-ZW5CqhF.tatsu-column{width: 33.33%;}}@media only screen and (min-width:768px) and (max-width: 1024px) {.tatsu-row > .tatsu-H1-ZW5CqhF.tatsu-column{width: 33.33%;}}@media only screen and (max-width: 767px) {.tatsu-row > .tatsu-H1-ZW5CqhF.tatsu-column{width: 100%;}}<\/style><\/div><div  class=\"tatsu-column  tatsu-bg-overlay tatsu-one-third tatsu-column-image-none tatsu-column-effect-none  tatsu-Bkl8b9RqhF\"  data-parallax-speed=\"0\" style=\"\"><div class=\"tatsu-column-inner \" ><div class=\"tatsu-column-pad-wrap\"><div class=\"tatsu-column-pad\" ><div  class=\"tatsu-module tatsu-normal-icon tatsu-icon-shortcode align-center tatsu-BkaZWcRchK   \"><style>.tatsu-BkaZWcRchK .tatsu-icon{color: rgba(241,145,3,1) ;}.tatsu-BkaZWcRchK.tatsu-normal-icon{margin: 0px 0px 10px 0px;}.tatsu-BkaZWcRchK{border-width: 0px 0px 0px 0px;}<\/style><a href=\"#\"  class=\"tatsu-icon-wrap plain  tatsu-animate    \" data-animation=\"fadeIn\"   aria-label=\"tatsu-icon-euro\" data-gdpr-atts={}   ><i class=\"tatsu-icon tatsu-custom-icon tatsu-custom-icon-class tatsu-icon-euro large plain\"><\/i><\/a><\/div><div  class=\"tatsu-module tatsu-text-block-wrap tatsu-rJCZb50q3F  \"><div class=\"tatsu-text-inner tatsu-align-center  clearfix\" ><style>.tatsu-rJCZb50q3F.tatsu-text-block-wrap .tatsu-text-inner{width: 100%;text-align: center;}<\/style>\n<h6>CUENTAS ANUALES<\/h6>\n<\/div><\/div><\/div><\/div><div class = \"tatsu-column-bg-image-wrap\"><div class = \"tatsu-column-bg-image\" ><\/div><\/div><div class=\"tatsu-overlay tatsu-column-overlay tatsu-animate-none\" ><\/div><a href=\"https:\/\/afabaix.org\/es\/afabaix\/cuentas-anuales\/\" class=\"tatsu-col-overlay-link\"><\/a><\/div><style>.tatsu-row > .tatsu-Bkl8b9RqhF.tatsu-column{width: 33.33%;}.tatsu-Bkl8b9RqhF.tatsu-column > .tatsu-column-inner > .tatsu-column-overlay{mix-blend-mode: normal;}.tatsu-Bkl8b9RqhF > .tatsu-column-inner > .tatsu-top-divider{z-index: 9999;}.tatsu-Bkl8b9RqhF > .tatsu-column-inner > .tatsu-bottom-divider{z-index: 9999;}.tatsu-Bkl8b9RqhF > .tatsu-column-inner > .tatsu-left-divider{z-index: 9999;}.tatsu-Bkl8b9RqhF > .tatsu-column-inner > .tatsu-right-divider{z-index: 9999;}@media only screen and (max-width:1377px) {.tatsu-row > .tatsu-Bkl8b9RqhF.tatsu-column{width: 33.33%;}}@media only screen and (min-width:768px) and (max-width: 1024px) {.tatsu-row > .tatsu-Bkl8b9RqhF.tatsu-column{width: 33.33%;}}@media only screen and (max-width: 767px) {.tatsu-row > .tatsu-Bkl8b9RqhF.tatsu-column{width: 100%;}}<\/style><\/div><div  class=\"tatsu-column  tatsu-bg-overlay tatsu-one-third tatsu-column-image-none tatsu-column-effect-none  tatsu-HJ-8Z5052Y\"  data-parallax-speed=\"0\" style=\"\"><div class=\"tatsu-column-inner \" ><div class=\"tatsu-column-pad-wrap\"><div class=\"tatsu-column-pad\" ><div  class=\"tatsu-module tatsu-normal-icon tatsu-icon-shortcode align-center tatsu-Hkllb-qAq2F   \"><style>.tatsu-Hkllb-qAq2F .tatsu-icon{color: rgba(241,145,3,1) ;}.tatsu-Hkllb-qAq2F.tatsu-normal-icon{margin: 0px 0px 10px 0px;}.tatsu-Hkllb-qAq2F{border-width: 0px 0px 0px 0px;}<\/style><a href=\"#\"  class=\"tatsu-icon-wrap plain  tatsu-animate    \" data-animation=\"fadeIn\"   aria-label=\"tatsu-icon-price-ribbon\" data-gdpr-atts={}   ><i class=\"tatsu-icon tatsu-custom-icon tatsu-custom-icon-class tatsu-icon-price-ribbon large plain\"><\/i><\/a><\/div><div  class=\"tatsu-module tatsu-text-block-wrap tatsu-BJ-eZ-50q3t  \"><div class=\"tatsu-text-inner tatsu-align-center  clearfix\" ><style>.tatsu-BJ-eZ-50q3t.tatsu-text-block-wrap .tatsu-text-inner{width: 100%;text-align: center;}.tatsu-BJ-eZ-50q3t.tatsu-text-block-wrap .tatsu-text-inner *{text-transform : uppercase;}<\/style>\n<h6>Alta en registros y certificados<\/h6>\n<\/div><\/div><\/div><\/div><div class = \"tatsu-column-bg-image-wrap\"><div class = \"tatsu-column-bg-image\" ><\/div><\/div><div class=\"tatsu-overlay tatsu-column-overlay tatsu-animate-none\" ><\/div><a href=\"https:\/\/afabaix.org\/es\/afabaix\/alta-en-registros-y-certificados\/\" class=\"tatsu-col-overlay-link\"><\/a><\/div><style>.tatsu-row > .tatsu-HJ-8Z5052Y.tatsu-column{width: 33.33%;}.tatsu-HJ-8Z5052Y.tatsu-column > .tatsu-column-inner > .tatsu-column-overlay{mix-blend-mode: normal;}.tatsu-HJ-8Z5052Y > .tatsu-column-inner > .tatsu-top-divider{z-index: 9999;}.tatsu-HJ-8Z5052Y > .tatsu-column-inner > .tatsu-bottom-divider{z-index: 9999;}.tatsu-HJ-8Z5052Y > .tatsu-column-inner > .tatsu-left-divider{z-index: 9999;}.tatsu-HJ-8Z5052Y > .tatsu-column-inner > .tatsu-right-divider{z-index: 9999;}@media only screen and (max-width:1377px) {.tatsu-row > .tatsu-HJ-8Z5052Y.tatsu-column{width: 33.33%;}}@media only screen and (min-width:768px) and (max-width: 1024px) {.tatsu-row > .tatsu-HJ-8Z5052Y.tatsu-column{width: 33.33%;}}@media only screen and (max-width: 767px) {.tatsu-row > .tatsu-HJ-8Z5052Y.tatsu-column{width: 100%;}}<\/style><\/div><\/div><\/div><\/div><div class=\"tatsu-section-background-wrap\"><div class = \"tatsu-section-background\" ><\/div><\/div><div class=\"tatsu-overlay tatsu-section-overlay\"><\/div><style>.tatsu-H1Zbq09ht .tatsu-section-pad{padding: 45px 0px 2px 0px;}.tatsu-H1Zbq09ht .tatsu-section-offset-wrap{transform: translateY(-0px);}.tatsu-H1Zbq09ht > .tatsu-bottom-divider{z-index: 9999;}.tatsu-H1Zbq09ht > .tatsu-top-divider{z-index: 9999;}.tatsu-H1Zbq09ht .tatsu-section-overlay{mix-blend-mode: normal;}<\/style><\/div><div  class=\"tatsu-BJ7qvCOhAu tatsu-section  tatsu-bg-overlay   tatsu-clearfix\" data-title=\"\"  data-headerscheme=\"background--dark\"><div class='tatsu-section-pad clearfix' data-padding='{\"d\":\"36px 0px 90px 0px\",\"m\":\"65px 0px 90px 0px\"}' data-padding-top='65px'><div class=\"tatsu-row-wrap  tatsu-wrap tatsu-row-one-col tatsu-row-has-one-cols tatsu-medium-gutter tatsu-reg-cols  tatsu-clearfix tatsu-HJN9vAO3Au\" ><div  class=\"tatsu-row \" ><div  class=\"tatsu-column  tatsu-bg-overlay tatsu-one-col tatsu-column-image-none tatsu-column-effect-none  tatsu-BkH9PCdnCd\"  data-parallax-speed=\"0\" style=\"\"><div class=\"tatsu-column-inner \" ><div class=\"tatsu-column-pad-wrap\"><div class=\"tatsu-column-pad\" ><div  class=\"tatsu-module tatsu-text-block-wrap tatsu-gsuwvjv3gsa0wlfc  \"><div class=\"tatsu-text-inner tatsu-align-center  clearfix\" ><style>.tatsu-gsuwvjv3gsa0wlfc.tatsu-text-block-wrap .tatsu-text-inner{width: 100%;text-align: left;}<\/style>\n<p>Como Asociaci\u00f3n sin \u00e1nimo de lucro declarada de Utilidad P\u00fablica, la AFA Baix Llobregat quiere poner a disposici\u00f3n de los socios y de todo el mundo que tenga inter\u00e9s, toda la informaci\u00f3n sobre la gesti\u00f3n de la entidad, haciendo de la transparencia un rasgo distintivo de la AFA Baix Llobregat.<\/p>\n<p>Siguiendo esta premisa, a continuaci\u00f3n, en base a la LEY 19\/2014, de 29 de diciembre, de transparencia, acceso a la informaci\u00f3n p\u00fablica y buen gobierno, y la LEY 21\/2014, de 29 de diciembre, del protectorado de las fundaciones y de verificaci\u00f3n de la actividad de las asociaciones declaradas de utilidad p\u00fablica, le ofrecemos toda la informaci\u00f3n pertinente.<\/p>\n<\/div><\/div><\/div><\/div><div class = \"tatsu-column-bg-image-wrap\"><div class = \"tatsu-column-bg-image\" ><\/div><\/div><div class=\"tatsu-overlay tatsu-column-overlay tatsu-animate-none\" ><\/div><\/div><style>.tatsu-row > .tatsu-BkH9PCdnCd.tatsu-column{width: 100%;}.tatsu-BkH9PCdnCd.tatsu-column > .tatsu-column-inner > .tatsu-column-overlay{mix-blend-mode: normal;}.tatsu-BkH9PCdnCd > .tatsu-column-inner > .tatsu-top-divider{z-index: 9999;}.tatsu-BkH9PCdnCd > .tatsu-column-inner > .tatsu-bottom-divider{z-index: 9999;}.tatsu-BkH9PCdnCd > .tatsu-column-inner > .tatsu-left-divider{z-index: 9999;}.tatsu-BkH9PCdnCd > .tatsu-column-inner > .tatsu-right-divider{z-index: 9999;}<\/style><\/div><\/div><\/div><\/div><div class=\"tatsu-section-background-wrap\"><div class = \"tatsu-section-background\" ><\/div><\/div><div class=\"tatsu-overlay tatsu-section-overlay\"><\/div><style>.tatsu-BJ7qvCOhAu .tatsu-section-pad{padding: 36px 0px 90px 0px;}.tatsu-BJ7qvCOhAu > .tatsu-bottom-divider{z-index: 9999;}.tatsu-BJ7qvCOhAu > .tatsu-top-divider{z-index: 9999;}.tatsu-BJ7qvCOhAu .tatsu-section-overlay{mix-blend-mode: normal;}@media only screen and (max-width: 767px) {.tatsu-BJ7qvCOhAu .tatsu-section-pad{padding: 65px 0px 90px 0px;}}<\/style><\/div>\n","protected":false},"excerpt":{"rendered":"<div><a href=\"https:\/\/afabaix.org\/es\/afabaix\/transparencia\/\" class=\"exp-read-more exp-read-more-underlined\">Read More<\/a><\/div>\n","protected":false},"author":1,"featured_media":0,"parent":22504,"menu_order":0,"comment_status":"closed","ping_status":"closed","template":"","meta":{"footnotes":""},"class_list":["post-187","page","type-page","status-publish","hentry"],"_links":{"self":[{"href":"https:\/\/afabaix.org\/es\/wp-json\/wp\/v2\/pages\/187","targetHints":{"allow":["GET"]}}],"collection":[{"href":"https:\/\/afabaix.org\/es\/wp-json\/wp\/v2\/pages"}],"about":[{"href":"https:\/\/afabaix.org\/es\/wp-json\/wp\/v2\/types\/page"}],"author":[{"embeddable":true,"href":"https:\/\/afabaix.org\/es\/wp-json\/wp\/v2\/users\/1"}],"replies":[{"embeddable":true,"href":"https:\/\/afabaix.org\/es\/wp-json\/wp\/v2\/comments?post=187"}],"version-history":[{"count":11,"href":"https:\/\/afabaix.org\/es\/wp-json\/wp\/v2\/pages\/187\/revisions"}],"predecessor-version":[{"id":29191,"href":"https:\/\/afabaix.org\/es\/wp-json\/wp\/v2\/pages\/187\/revisions\/29191"}],"up":[{"embeddable":true,"href":"https:\/\/afabaix.org\/es\/wp-json\/wp\/v2\/pages\/22504"}],"wp:attachment":[{"href":"https:\/\/afabaix.org\/es\/wp-json\/wp\/v2\/media?parent=187"}],"curies":[{"name":"wp","href":"https:\/\/api.w.org\/{rel}","templated":true}]}}