
{"id":22181,"date":"2021-06-27T18:24:03","date_gmt":"2021-06-27T18:24:03","guid":{"rendered":"https:\/\/lacuinade.timit2003.com\/afabaix2\/estructura-2\/"},"modified":"2025-08-14T18:24:31","modified_gmt":"2025-08-14T18:24:31","slug":"estructura","status":"publish","type":"page","link":"https:\/\/afabaix.org\/es\/afabaix\/estructura\/","title":{"rendered":"Estructura"},"content":{"rendered":"<div  class=\"tatsu-Hy8uGHInO tatsu-section  tatsu-bg-overlay   tatsu-clearfix\" data-title=\"\"  data-headerscheme=\"background--dark\"><div class='tatsu-section-pad clearfix' data-padding='{\"d\":\"321px 0px 25px 0px\",\"t\":\"200px 0px 38px 0px\"}' data-padding-top='321px'><div class=\"tatsu-row-wrap  tatsu-wrap tatsu-row-one-col tatsu-row-has-one-cols tatsu-medium-gutter tatsu-reg-cols  tatsu-clearfix tatsu-ByeI_GBL3_\" ><div  class=\"tatsu-row \" ><div  class=\"tatsu-column  tatsu-bg-overlay tatsu-one-col tatsu-column-align-bottom tatsu-column-image-none tatsu-column-effect-none  tatsu-B1ZIuGrU3d\"  data-parallax-speed=\"0\" style=\"\"><div class=\"tatsu-column-inner \" ><div class=\"tatsu-column-pad-wrap\"><div class=\"tatsu-column-pad\" ><div  class=\"tatsu-module tatsu-text-block-wrap tatsu-HyG8uMBU2O  \"><div class=\"tatsu-text-inner   clearfix\" ><style>.tatsu-HyG8uMBU2O.tatsu-text-block-wrap .tatsu-text-inner{width: 20%;text-align: left;background-color: rgba(241,145,3,1);padding: 0px 0px 0px 5px;color: rgba(255,255,255,1) ;}.tatsu-HyG8uMBU2O.tatsu-text-block-wrap{margin: 0px 0px 30px 5px;}.tatsu-HyG8uMBU2O .tatsu-text-inner *{color: rgba(255,255,255,1) ;}.tatsu-HyG8uMBU2O.tatsu-text-block-wrap .tatsu-text-inner *{font-family : \"Montserrat\",-apple-system,BlinkMacSystemFont,'Segoe UI',Roboto,Oxygen-Sans,Ubuntu,Cantarell,'Helvetica Neue',sans-serif;font-weight : 700;font-size : 36px;letter-spacing : 0px;}@media only screen and (max-width:1377px) {.tatsu-HyG8uMBU2O.tatsu-text-block-wrap .tatsu-text-inner{width: 21%;}}@media only screen and (min-width:768px) and (max-width: 1024px) {.tatsu-HyG8uMBU2O.tatsu-text-block-wrap .tatsu-text-inner{width: 33%;}}@media only screen and (max-width: 767px) {.tatsu-HyG8uMBU2O.tatsu-text-block-wrap .tatsu-text-inner{width: 83%;}}<\/style>\n<h2>Estructura<\/h2>\n<\/div><\/div><\/div><\/div><div class = \"tatsu-column-bg-image-wrap\"><div class = \"tatsu-column-bg-image\" ><\/div><\/div><div class=\"tatsu-overlay tatsu-column-overlay tatsu-animate-none\" ><\/div><\/div><style>.tatsu-row > .tatsu-B1ZIuGrU3d.tatsu-column{width: 100%;}.tatsu-B1ZIuGrU3d.tatsu-column > .tatsu-column-inner > .tatsu-column-overlay{mix-blend-mode: normal;}.tatsu-B1ZIuGrU3d > .tatsu-column-inner > .tatsu-top-divider{z-index: 9999;}.tatsu-B1ZIuGrU3d > .tatsu-column-inner > .tatsu-bottom-divider{z-index: 9999;}.tatsu-B1ZIuGrU3d > .tatsu-column-inner > .tatsu-left-divider{z-index: 9999;}.tatsu-B1ZIuGrU3d > .tatsu-column-inner > .tatsu-right-divider{z-index: 9999;}@media only screen and (max-width:1377px) {.tatsu-row > .tatsu-B1ZIuGrU3d.tatsu-column{width: 100%;}}@media only screen and (min-width:768px) and (max-width: 1024px) {.tatsu-row > .tatsu-B1ZIuGrU3d.tatsu-column{width: 100%;}}@media only screen and (max-width: 767px) {.tatsu-row > .tatsu-B1ZIuGrU3d.tatsu-column{width: 100%;}}<\/style><\/div><\/div><\/div><\/div><div class=\"tatsu-section-background-wrap\"><div class = \"tatsu-section-background\" ><\/div><\/div><div class=\"tatsu-overlay tatsu-section-overlay\"><\/div><style>.tatsu-Hy8uGHInO .tatsu-section-background{background-image: url(https:\/\/afabaix.org\/wp-content\/uploads\/2019\/12\/img_5295.jpg);background-repeat: no-repeat;background-attachment: scroll;background-position: center right;background-size: cover;}.tatsu-Hy8uGHInO .tatsu-bg-blur{background-repeat: no-repeat;background-attachment: scroll;background-position: center right;background-size: cover;}.tatsu-Hy8uGHInO .tatsu-section-pad{padding: 321px 0px 25px 0px;}.tatsu-Hy8uGHInO .tatsu-section-offset-wrap{transform: translateY(-0px);}.tatsu-Hy8uGHInO > .tatsu-bottom-divider{z-index: 9999;}.tatsu-Hy8uGHInO > .tatsu-top-divider{z-index: 9999;}.tatsu-Hy8uGHInO .tatsu-section-overlay{background: rgba(22,20,5,0.19);mix-blend-mode: normal;}@media only screen and (min-width:768px) and (max-width: 1024px) {.tatsu-Hy8uGHInO .tatsu-section-pad{padding: 200px 0px 38px 0px;}}<\/style><\/div><div  class=\"tatsu-ry7LOfrU2u tatsu-section  tatsu-bg-overlay   tatsu-clearfix\" data-title=\"\"  data-headerscheme=\"background--dark\"><div class='tatsu-section-pad clearfix' data-padding='{\"d\":\"43px 0px 90px 0px\",\"m\":\"65px 0px 90px 0px\"}' data-padding-top='65px'><div class=\"tatsu-row-wrap  tatsu-wrap tatsu-row-one-col tatsu-row-has-one-cols tatsu-medium-gutter tatsu-reg-cols  tatsu-clearfix tatsu-B1ELdGHIh_\" ><div  class=\"tatsu-row \" ><div  class=\"tatsu-column  tatsu-bg-overlay tatsu-one-col tatsu-column-image-none tatsu-column-effect-none  tatsu-ByBUdGHIn_\"  data-parallax-speed=\"0\" style=\"\"><div class=\"tatsu-column-inner \" ><div class=\"tatsu-column-pad-wrap\"><div class=\"tatsu-column-pad\" ><div  class=\"tatsu-module tatsu-text-block-wrap tatsu-B1JOQBIhd  \"><div class=\"tatsu-text-inner tatsu-align-center  clearfix\" ><style>.tatsu-B1JOQBIhd.tatsu-text-block-wrap .tatsu-text-inner{width: 100%;text-align: left;color: rgba(61,61,61,1) ;}.tatsu-B1JOQBIhd.tatsu-text-block-wrap{margin: 0px 0px 40px 0px;}.tatsu-B1JOQBIhd .tatsu-text-inner *{color: rgba(61,61,61,1) ;}<\/style>\n<div class=\"field field-name-body field-type-text-with-summary field-label-hidden\">\n<div class=\"field-items\">\n<div class=\"field-item even\">\n<div class=\"field field-name-body field-type-text-with-summary field-label-hidden\">\n<div class=\"field-items\">\n<div class=\"field-item even\">\n<p><span id=\"result_box\" lang=\"es\" xml:lang=\"es\"><span class=\"hps\">En<\/span><strong><span class=\"hps\">\u00a0AFA<\/span>\u00a0<span class=\"hps\">Baix Llobregat<\/span><\/strong>\u00a0<span class=\"hps\">hay 3<\/span>\u00a0<span class=\"hps\">\u00f3rganos<\/span>\u00a0<span class=\"hps\">de gesti\u00f3n<\/span><\/span><span id=\"result_box\" lang=\"es\" xml:lang=\"es\"><span class=\"hps\">.<\/span>\u00a0<span class=\"hps\">Vea<\/span>\u00a0<span class=\"hps\">todos los<\/span>\u00a0<span class=\"hps\">detalles en<\/span>\u00a0<span class=\"hps\">las pesta\u00f1as<\/span>\u00a0<span class=\"hps\">inferiores.<\/span><\/span><\/p>\n<\/div>\n<\/div>\n<\/div>\n<\/div>\n<\/div>\n<\/div>\n<\/div><\/div><div  class=\"tatsu-module tatsu-accordion tatsu-accordion-style1 tatsu-B1z0hzrL2_   \"  ><style>.tatsu-B1z0hzrL2_ .accordion-content.ui-accordion-content{border-color: #CACACA; }.tatsu-B1z0hzrL2_ .accordion-head.ui-accordion-header{border-color: #CACACA; }.tatsu-B1z0hzrL2_.tatsu-module{margin: 0 0 60px 0;}<\/style><div data-collapsed=\"0\" class = \"tatsu-accordion-inner\"><h3 class=\"accordion-head h6\">ASSEMBLEA GENERAL DE SOCIOS<span class = \"tatsu-accordion-expand\"><\/span><\/h3><div class = \"accordion-content body\" ><div class = \"accordion-content-inner \">\n<p>Es el \u00f3rgano supremo de decisi\u00f3n. Se re\u00fane en sesi\u00f3n ordinaria, como m\u00ednimo, una vez al a\u00f1o y en sesi\u00f3n extraordinaria siempre que lo acuerde la Junta Directiva o lo solicite el 20% del n\u00famero total de socios.<\/p>\n<h6>Funciones:<\/h6>\n<ul>\n<li>Aprobar las cuentas y la memoria de actividades del a\u00f1o anterior y el presupuesto del ejercicio siguiente.<\/li>\n<li>Controlar la actividad y gesti\u00f3n de la Junta Directiva.<\/li>\n<li>Elegir, destituir y sustituir a los miembros de la Junta Directiva, de acuerdo con los Estatutos.<\/li>\n<li>Establecer las l\u00edneas program\u00e1ticas generales de actuaci\u00f3n que permitan a la Asociaci\u00f3n cumplir sus fines.<\/li>\n<li>Cubrir las vacantes que se hayan producido al la Junta Directiva<\/li>\n<li>Aprobar el reglamento de r\u00e9gimen interno.<\/li>\n<li>Acordar la baja o separaci\u00f3n definitiva, con un expediente previo, de los asociados y asociadas<\/li>\n<li>Modificar los Estatutos<\/li>\n<li>Disolver y liquidar la Asociaci\u00f3n<\/li>\n<li>Resolver cualquier otra cuesti\u00f3n que no est\u00e9 directamente atribuida a ning\u00fan otro \u00f3rgano de la Asociaci\u00f3n.<\/li>\n<\/ul>\n<\/div><\/div><h3 class=\"accordion-head h6\">JUNTA DIRECTIVA<span class = \"tatsu-accordion-expand\"><\/span><\/h3><div class = \"accordion-content body\" ><div class = \"accordion-content-inner \">\n<p><strong>Funciones<\/strong>: es el \u00f3rgano de gesti\u00f3n, representaci\u00f3n y direcci\u00f3n estrat\u00e9gica de la entidad por mandato de la asamblea general de socios.\u00a0Como se estipula en los estatutos de la Asociaci\u00f3n, ninguno de los miembros de junta no reciben retribuci\u00f3n econ\u00f3mica para ejercer su cargo.<\/p>\n<h5>Miembros de la Junta directiva<\/h5>\n<p><strong>Presidencia de Honor<\/strong>:\u00a0<em>Maria Rosa Giner i Qui\u00f1onero<br \/><\/em>Fundadora de AFA Baix Llobregat, familiar y cuidadora de enfermos de Alzheimer.<\/p>\n<p><strong>Presidenta:<\/strong> <em>Merc\u00e8 Rull Giner<\/em><br \/>Representa legalmente e institucional la asociaci\u00f3n, la dirige, convoca, preside y dirige las reuniones de la Asamblea General y Junta Directiva. Debe dar el visto bueno a los actos de las sesiones y velar por el cumplimiento de los acuerdos adoptados, tiene voto de calidad.<\/p>\n<p><strong>Vice-pr<\/strong><strong>esidencia<\/strong>:<\/p>\n<p>\u00a0Sustituir\u00e1 presidencia en caso de ausencia, enfermedad o motivo justificado.<\/p>\n<p><strong>Secretar\u00eda<\/strong>:<em>\u00a0<\/em><em>Olegario Mart\u00ednez i Rodr\u00edguez<\/em><em><br \/><\/em>Redacta las actas de la asamblea general y de junta directiva dando fe conjuntamente con la presidencia. Entrega certificados con referencia a libros, documentos y con el visto bueno de Presidencia, prepara, redacta y publica la memoria anual de la Asociaci\u00f3n. Cualquier otra funci\u00f3n no especificada que le encomiende la asamblea general o la junta directiva.\u00a0<\/p>\n<p><strong>Tesorer\u00eda<\/strong>: <em>Esther Villegas Luna<\/em><em><br \/><\/em>Recauda, custodia y controla los fondos de la ASOCIACI\u00d3N con el visto bueno de presidencia. Elabora el presupuesto, el balance y la liquidaci\u00f3n de cuentas, lleva el libro de caja, firma los recibos de las cuotas y otros documentos de tesorer\u00eda, paga las facturas aprobadas por la junta directiva visadas previamente por presidencia e ingresa lo que sobra en dep\u00f3sitos abiertos en establecimientos de cr\u00e9dito o ahorro.<\/p>\n<p><strong>Vocales<\/strong>: <em>Pilar M\u00e0s, Rodrigo Mart\u00ednez, Xavier Rull, Marta Ponce, Carles Marty, Encarna Rodr\u00edguez, Merc\u00e8 Mart\u00ednez i Joana Fonollosa.<\/em><\/p>\n<p>Sus funciones son las de representaci\u00f3n de la AFABAIX a nivel local.<\/p>\n<\/div><\/div><h3 class=\"accordion-head h6\">EQUIP T\u00c8CNIC<span class = \"tatsu-accordion-expand\"><\/span><\/h3><div class = \"accordion-content body\" ><div class = \"accordion-content-inner \">\n<p><strong>Funciones<\/strong>: \u00f3rgano ejecutivo bajo el mandato directo de la junta directiva, lleva a cabo los programas y proyectos dirigidos a los enfermos y sus familias. Consta de personal contratado, profesionales externos y voluntarios.<\/p>\n<ol>\n<li><strong>Departamento de Trabajo Social:<\/strong><br \/><em>Judith Lera<\/em><\/li>\n<li><strong>Departamento de Proyectos y Subvenciones:<\/strong><br \/><em>Esther Villegas i Alba Mart\u00ednez<\/em><\/li>\n<li><strong>\u00c1rea de Administraci\u00f3n y Gesti\u00f3n:<\/strong><br \/><em>Merc\u00e8 Rull, Esther Villegas, Dani Mendoza i Xavier Rull<\/em><\/li>\n<li><strong>\u00c1rea de Comunicaci\u00f3n<em>\u00a0\u00a0<\/em><\/strong>Xavier Rull<\/li>\n<li><strong>C<\/strong><strong>oordinaci\u00f3n centre ALO\u00cfS I Prat \/ Centre ALO\u00cfS II Cornell\u00e0 \/ ALO\u00cfS III Molins de Rei \/ Espai Fem Mem\u00f2ria<\/strong><strong>:<\/strong><br \/><em>Isabel Macanaz \/ Antonia Gonz\u00e1lez\/ Pau Solsona \/Alba Naval<\/em><\/li>\n<li><strong>Estimulaci\u00f3n cognitiva:<\/strong><br \/><em>Profesionales AFA\u00a0<br \/><\/em><\/li>\n<li><strong>Departamento Asesoramiento jur\u00eddico:<\/strong><br \/><em>Judith Serra<\/em><\/li>\n<li><strong>Contabilidad:<\/strong> Josep Maria Sancho<\/li>\n<li><strong>Coordinadora del SAD:<\/strong> Sandra Vila<\/li>\n<li><strong>Ayudas T\u00e9cnicas y Mantenimiento:<\/strong><br \/><em>Carles Mart\u00ed i Anabel P\u00e9rez<br \/><\/em><\/li>\n<li><strong>Actividades visibilidad:<\/strong><br \/><em>Equipo voluntario y Delegaciones<\/em><\/li>\n<\/ol>\n<\/div><\/div><\/div><\/div><\/div><\/div><div class = \"tatsu-column-bg-image-wrap\"><div class = \"tatsu-column-bg-image\" ><\/div><\/div><div class=\"tatsu-overlay tatsu-column-overlay tatsu-animate-none\" ><\/div><\/div><style>.tatsu-row > .tatsu-ByBUdGHIn_.tatsu-column{width: 100%;}.tatsu-ByBUdGHIn_.tatsu-column > .tatsu-column-inner > .tatsu-column-overlay{mix-blend-mode: normal;}.tatsu-ByBUdGHIn_ > .tatsu-column-inner > .tatsu-top-divider{z-index: 9999;}.tatsu-ByBUdGHIn_ > .tatsu-column-inner > .tatsu-bottom-divider{z-index: 9999;}.tatsu-ByBUdGHIn_ > .tatsu-column-inner > .tatsu-left-divider{z-index: 9999;}.tatsu-ByBUdGHIn_ > .tatsu-column-inner > .tatsu-right-divider{z-index: 9999;}<\/style><\/div><\/div><\/div><\/div><div class=\"tatsu-section-background-wrap\"><div class = \"tatsu-section-background\" ><\/div><\/div><div class=\"tatsu-overlay tatsu-section-overlay\"><\/div><style>.tatsu-ry7LOfrU2u .tatsu-section-pad{padding: 43px 0px 90px 0px;}.tatsu-ry7LOfrU2u > .tatsu-bottom-divider{z-index: 9999;}.tatsu-ry7LOfrU2u > .tatsu-top-divider{z-index: 9999;}.tatsu-ry7LOfrU2u .tatsu-section-overlay{mix-blend-mode: normal;}@media only screen and (max-width: 767px) {.tatsu-ry7LOfrU2u .tatsu-section-pad{padding: 65px 0px 90px 0px;}}<\/style><\/div>\n","protected":false},"excerpt":{"rendered":"<div><a href=\"https:\/\/afabaix.org\/es\/afabaix\/estructura\/\" class=\"exp-read-more exp-read-more-underlined\">Read More<\/a><\/div>\n","protected":false},"author":1,"featured_media":0,"parent":22504,"menu_order":0,"comment_status":"closed","ping_status":"closed","template":"","meta":{"footnotes":""},"class_list":["post-22181","page","type-page","status-publish","hentry"],"_links":{"self":[{"href":"https:\/\/afabaix.org\/es\/wp-json\/wp\/v2\/pages\/22181","targetHints":{"allow":["GET"]}}],"collection":[{"href":"https:\/\/afabaix.org\/es\/wp-json\/wp\/v2\/pages"}],"about":[{"href":"https:\/\/afabaix.org\/es\/wp-json\/wp\/v2\/types\/page"}],"author":[{"embeddable":true,"href":"https:\/\/afabaix.org\/es\/wp-json\/wp\/v2\/users\/1"}],"replies":[{"embeddable":true,"href":"https:\/\/afabaix.org\/es\/wp-json\/wp\/v2\/comments?post=22181"}],"version-history":[{"count":10,"href":"https:\/\/afabaix.org\/es\/wp-json\/wp\/v2\/pages\/22181\/revisions"}],"predecessor-version":[{"id":29189,"href":"https:\/\/afabaix.org\/es\/wp-json\/wp\/v2\/pages\/22181\/revisions\/29189"}],"up":[{"embeddable":true,"href":"https:\/\/afabaix.org\/es\/wp-json\/wp\/v2\/pages\/22504"}],"wp:attachment":[{"href":"https:\/\/afabaix.org\/es\/wp-json\/wp\/v2\/media?parent=22181"}],"curies":[{"name":"wp","href":"https:\/\/api.w.org\/{rel}","templated":true}]}}