
{"id":22626,"date":"2021-09-17T13:44:18","date_gmt":"2021-09-17T13:44:18","guid":{"rendered":"https:\/\/lacuinade.timit2003.com\/afabaix2\/?page_id=22626"},"modified":"2022-02-23T10:19:47","modified_gmt":"2022-02-23T10:19:47","slug":"atencion-psicologica","status":"publish","type":"page","link":"https:\/\/afabaix.org\/es\/servicios\/atencion-psicologica\/","title":{"rendered":"Atenci\u00f3n psicol\u00f3gica"},"content":{"rendered":"<div  class=\"tatsu-Bk-Djkfmt tatsu-section  tatsu-bg-overlay   tatsu-clearfix\" data-title=\"\"  data-headerscheme=\"background--dark\"><div class='tatsu-section-pad clearfix' data-padding='{\"d\":\"320px 0px 25px 0px\",\"t\":\"200px 0px 38px 0px\"}' data-padding-top='320px'><div class=\"tatsu-row-wrap  tatsu-wrap tatsu-row-one-col tatsu-row-has-one-cols tatsu-medium-gutter tatsu-reg-cols  tatsu-clearfix tatsu-SyeWDjyzQY\" ><div  class=\"tatsu-row \" ><div  class=\"tatsu-column  tatsu-bg-overlay tatsu-one-col tatsu-column-align-bottom tatsu-column-image-none tatsu-column-effect-none  tatsu-S1-bPiyfQt\"  data-parallax-speed=\"0\" style=\"\"><div class=\"tatsu-column-inner \" ><div class=\"tatsu-column-pad-wrap\"><div class=\"tatsu-column-pad\" ><div  class=\"tatsu-module tatsu-text-block-wrap tatsu-SJzbPskf7F  \"><div class=\"tatsu-text-inner   clearfix\" ><style>.tatsu-SJzbPskf7F.tatsu-text-block-wrap .tatsu-text-inner{width: 37%;text-align: left;background-color: rgba(241,145,3,1);padding: 0px 0px 0px 5px;color: rgba(255,255,255,1) ;}.tatsu-SJzbPskf7F.tatsu-text-block-wrap{margin: 0px 0px 30px 5px;}.tatsu-SJzbPskf7F .tatsu-text-inner *{color: rgba(255,255,255,1) ;}.tatsu-SJzbPskf7F.tatsu-text-block-wrap .tatsu-text-inner *{font-family : \"Montserrat\",-apple-system,BlinkMacSystemFont,'Segoe UI',Roboto,Oxygen-Sans,Ubuntu,Cantarell,'Helvetica Neue',sans-serif;font-weight : 700;font-size : 36px;letter-spacing : 0px;}@media only screen and (max-width:1377px) {.tatsu-SJzbPskf7F.tatsu-text-block-wrap .tatsu-text-inner{width: 21%;}}@media only screen and (min-width:768px) and (max-width: 1024px) {.tatsu-SJzbPskf7F.tatsu-text-block-wrap .tatsu-text-inner{width: 33%;}}@media only screen and (max-width: 767px) {.tatsu-SJzbPskf7F.tatsu-text-block-wrap .tatsu-text-inner{width: 83%;}}<\/style>\n<h1 id=\"page-title\" class=\"title\">Atenci\u00f3n psicol\u00f3gica<\/h1>\n<\/div><\/div><\/div><\/div><div class = \"tatsu-column-bg-image-wrap\"><div class = \"tatsu-column-bg-image\" ><\/div><\/div><div class=\"tatsu-overlay tatsu-column-overlay tatsu-animate-none\" ><\/div><\/div><style>.tatsu-row > .tatsu-S1-bPiyfQt.tatsu-column{width: 100%;}.tatsu-S1-bPiyfQt.tatsu-column > .tatsu-column-inner > .tatsu-column-overlay{mix-blend-mode: normal;}.tatsu-S1-bPiyfQt > .tatsu-column-inner > .tatsu-top-divider{z-index: 9999;}.tatsu-S1-bPiyfQt > .tatsu-column-inner > .tatsu-bottom-divider{z-index: 9999;}.tatsu-S1-bPiyfQt > .tatsu-column-inner > .tatsu-left-divider{z-index: 9999;}.tatsu-S1-bPiyfQt > .tatsu-column-inner > .tatsu-right-divider{z-index: 9999;}@media only screen and (max-width:1377px) {.tatsu-row > .tatsu-S1-bPiyfQt.tatsu-column{width: 100%;}}@media only screen and (min-width:768px) and (max-width: 1024px) {.tatsu-row > .tatsu-S1-bPiyfQt.tatsu-column{width: 100%;}}@media only screen and (max-width: 767px) {.tatsu-row > .tatsu-S1-bPiyfQt.tatsu-column{width: 100%;}}<\/style><\/div><\/div><\/div><\/div><div class=\"tatsu-section-background-wrap\"><div class = \"tatsu-section-background\" ><\/div><\/div><div class=\"tatsu-overlay tatsu-section-overlay\"><\/div><style>.tatsu-Bk-Djkfmt .tatsu-section-background{background-image: url(https:\/\/afabaix.org\/wp-content\/uploads\/2021\/09\/banner_old_3.jpg);background-repeat: no-repeat;background-attachment: scroll;background-position: center left;background-size: cover;}.tatsu-Bk-Djkfmt .tatsu-bg-blur{background-repeat: no-repeat;background-attachment: scroll;background-position: center left;background-size: cover;}.tatsu-Bk-Djkfmt .tatsu-section-pad{padding: 320px 0px 25px 0px;}.tatsu-Bk-Djkfmt .tatsu-section-offset-wrap{transform: translateY(-0px);}.tatsu-Bk-Djkfmt > .tatsu-bottom-divider{z-index: 9999;}.tatsu-Bk-Djkfmt > .tatsu-top-divider{z-index: 9999;}.tatsu-Bk-Djkfmt .tatsu-section-overlay{background: rgba(22,20,5,0.19);mix-blend-mode: normal;}@media only screen and (min-width:768px) and (max-width: 1024px) {.tatsu-Bk-Djkfmt .tatsu-section-pad{padding: 200px 0px 38px 0px;}}<\/style><\/div><div  class=\"tatsu-H1mZPj1MQY tatsu-section  tatsu-bg-overlay   tatsu-clearfix\" data-title=\"\"  data-headerscheme=\"background--dark\"><div class='tatsu-section-pad clearfix' data-padding='{\"d\":\"90px 0px 90px 0px\",\"m\":\"65px 0px 90px 0px\"}' data-padding-top='65px'><div class=\"tatsu-row-wrap  tatsu-wrap tatsu-row-one-col tatsu-row-has-one-cols tatsu-medium-gutter tatsu-reg-cols  tatsu-clearfix tatsu-r14-PikG7F\" ><div  class=\"tatsu-row \" ><div  class=\"tatsu-column  tatsu-bg-overlay tatsu-one-col tatsu-column-image-none tatsu-column-effect-none  tatsu-SJSZwiJzmK\"  data-parallax-speed=\"0\" style=\"\"><div class=\"tatsu-column-inner \" ><div class=\"tatsu-column-pad-wrap\"><div class=\"tatsu-column-pad\" ><div  class=\"tatsu-module tatsu-text-block-wrap tatsu-SJIWPj1MQt  \"><div class=\"tatsu-text-inner tatsu-align-center  clearfix\" ><style>.tatsu-SJIWPj1MQt.tatsu-text-block-wrap .tatsu-text-inner{width: 100%;text-align: left;}<\/style>\n<div class=\"field field-name-body field-type-text-with-summary field-label-hidden\">\n<div class=\"field-items\">\n<div class=\"field-item even\">\n<h5 style=\"text-align: left;\">Grupos de apoyo emocional y atencion individualizada<\/h5>\n<div class=\"field field-name-body field-type-text-with-summary field-label-hidden\">\n<div class=\"field-items\">\n<div class=\"field-item even\">\n<p>El apoyo emocional a los familiares con un enfermo de Alzheimer es un servicio gratuito para los socios que tiene como objetivo, por un lado, dar informaci\u00f3n y orientaci\u00f3n a las familias sobre la enfermedad y los cuidados y tratamientos que debe recibir el enfermo, y ,por otro, acompa\u00f1ar en el proceso de duelo que supone el deterioro del enfermo.<\/p>\n<p>Son grupos que, liderados por una psic\u00f3loga, tienen por objetivo facilitar espacios de encuentro entre personas cuidadoras que se encuentran en una situaci\u00f3n similar, para que puedan compartir sus necesidades y preocupaciones y tambi\u00e9n sus vivencias y conocimientos. Se pretende reducir el impacto negativo de la situaci\u00f3n que, en ocasiones, pueden experimentar los cuidadores y cuidadores no profesionales, y mejorar la calidad de vida de las personas en situaci\u00f3n de dependencia debido a la demencia.<\/p>\n<p>Se trata de un recurso que promueve el apoyo emocional y la relaci\u00f3n entre personas cuidadoras que comparten una misma problem\u00e1tica, para que se sientan apoyadas en el proceso de cuidado de la persona en situaci\u00f3n de dependencia.<\/p>\n<p>Con ello, se pretende conseguir que el enfermo est\u00e9 bien atendido tanto en los aspectos m\u00e9dicos, como en los aspectos familiares ya la vez, que la tarea del curador se pueda hacer de forma saludable, es decir, evitando los sobreesfuerzos y la sobrecarga que habitualmente es manifiesta en forma de s\u00edntomas: estr\u00e9s, angustia, depresi\u00f3n, aislamiento, etc.<\/p>\n<p>La metodolog\u00eda de trabajo se basa en la atenci\u00f3n multifamiliar (Grupos de Ayuda mutua y Apoyo, GAMS) y la atenci\u00f3n unifamiliar (entrevistas familiares de contenci\u00f3n, informaci\u00f3n, soporte y elaboraci\u00f3n de la enfermedad).<\/p>\n<p>El apoyo psicol\u00f3gico individual va dirigido especialmente al familiar que es el cuidador principal del enfermo con demencia, incidiendo en aquellos cuidadores y cuidadores que presenten mayores dificultades para asimilar y elaborar la situaci\u00f3n y necesitan un espacio propio.<\/p>\n<\/div>\n<\/div>\n<\/div>\n<\/div>\n<\/div>\n<\/div>\n<\/div><\/div><div  class=\"tatsu-module tatsu-accordion tatsu-accordion-style1 tatsu-rkzJFs1MQK   \"  ><style>.tatsu-rkzJFs1MQK .accordion-content.ui-accordion-content{border-color: #CACACA; }.tatsu-rkzJFs1MQK .accordion-head.ui-accordion-header{border-color: #CACACA; }.tatsu-rkzJFs1MQK.tatsu-module{margin: 0 0 60px 0;}<\/style><div data-collapsed=\"0\" class = \"tatsu-accordion-inner\"><h3 class=\"accordion-head h6\">Beneficiarios<span class = \"tatsu-accordion-expand\"><\/span><\/h3><div class = \"accordion-content body\" ><div class = \"accordion-content-inner \">\n<div class=\"ui-accordion-content ui-helper-reset ui-widget-content ui-corner-bottom ui-accordion-content-active\" role=\"tabpanel\">\n<div class=\"ui-accordion-content ui-helper-reset ui-widget-content ui-corner-bottom ui-accordion-content-active\" role=\"tabpanel\">\n<p>Los cuidadores y cuidadoras familiares de personas enfermas Alzheimer, socios de <strong>AFA Baix Llobregat<\/strong>.<\/p>\n<\/div>\n<\/div>\n<\/div><\/div><h3 class=\"accordion-head h6\">Objetivos Generales<span class = \"tatsu-accordion-expand\"><\/span><\/h3><div class = \"accordion-content body\" ><div class = \"accordion-content-inner \">\n<div class=\"ui-accordion-content ui-helper-reset ui-widget-content ui-corner-bottom ui-accordion-content-active\" role=\"tabpanel\">\n<ul>\n<li>Ofrecer contenci\u00f3n emocional.<\/li>\n<li>Ofrecer informaci\u00f3n sobre la enfermedad.<\/li>\n<li>Tratar las dificultades psicol\u00f3gicas asociadas y las dificultades relacionales tanto con el enfermo como con otros miembros de la familia.<\/li>\n<\/ul>\n<\/div>\n<\/div><\/div><h3 class=\"accordion-head h6\">Objetivos espec\u00edficos<span class = \"tatsu-accordion-expand\"><\/span><\/h3><div class = \"accordion-content body\" ><div class = \"accordion-content-inner \">\n<div class=\"ui-accordion-content ui-helper-reset ui-widget-content ui-corner-bottom ui-accordion-content-active\" role=\"tabpanel\">\n<ul>\n<li>Evitar el aislamiento social.<\/li>\n<li>Aceptar la realidad de su condici\u00f3n de familiar de enfermo de Alzheimer.<\/li>\n<li>Aceptar las limitaciones y los efectos que la demencia provoca en la vida del enfermo y su familia.<\/li>\n<li>Aumentar la seguridad y la autoestima.<\/li>\n<li>Desarrollar el autocontrol y la autocontenci\u00f3n.<\/li>\n<li>Desarrollar nuevas conductas y cambiar actitudes que favorezcan m\u00e1s contacto con el propio enfermo y sus necesidades.<\/li>\n<li>Ayudar a llevar una vida provechosa, disfrutando de los detalles m\u00e1s peque\u00f1os.<\/li>\n<li>Facilitar un espacio donde los familiares puedan expresar su dolor, dando sentido al sufrimiento ya cada una de las l\u00e1grimas.<\/li>\n<li>Generar v\u00ednculos de relaci\u00f3n, apoyo y ayuda mutua entre las personas cuidadoras para que puedan compartir la experiencia de cuidar de forma satisfactoria.<\/li>\n<li>Ofrecer estrategias al cuidador para que gestione favorablemente necesidades y conflictos.<\/li>\n<li>Evitar el aislamiento social del cuidador.<br \/>Ayudar al cuidador no profesional a afrontar la situaci\u00f3n de cambios que se produce en la familia.<\/li>\n<li>Apoyar al cuidador para la gesti\u00f3n de emociones y sentimientos que aparezcan durante el proceso de cuidado, con el fin de prevenir y evitar situaciones de agotamiento y claudicaci\u00f3n.<\/li>\n<li>Ense\u00f1ar al cuidador estrategias para cuidar de s\u00ed mismo y de mejora de la autoestima.<\/li>\n<li>Aumentar los conocimientos generales y espec\u00edficos sobre la enfermedad. Informar a los cuidadores y cuidadoras de los diferentes recursos que la AFA y\/o las diferentes entidades p\u00fablicas ponen a su disposici\u00f3n.<\/li>\n<\/ul>\n<\/div>\n<\/div><\/div><h3 class=\"accordion-head h6\">Frecuencia<span class = \"tatsu-accordion-expand\"><\/span><\/h3><div class = \"accordion-content body\" ><div class = \"accordion-content-inner \">\n<p>Los grupos de apoyo tienen una frecuencia quincenal, mientras que las visitas individuales dependen de la evoluci\u00f3n y de la aceptaci\u00f3n de la enfermedad as\u00ed como de las necesidades de la persona que asiste.<\/p>\n<p>Las entrevistas unifamiliares para acceder al grupo son concertadas entre la familia y el conductor del grupo a trav\u00e9s de las delegadas de cada poblaci\u00f3n, en caso de que sea una familia nueva en la asociaci\u00f3n o que el grupo no conoce.<\/p>\n<p>Pueden consultar la relaci\u00f3n de Poblaciones i frecuencia de los grupos de apoyo que realizamos\u00a0<a href=\"https:\/\/afabaix.org\/es\/actividades-fijas-programadas\/\" target=\"_blank\" rel=\"noopener\">CLICANDO AQU\u00cd.<\/a><\/p>\n<\/div><\/div><\/div><\/div><\/div><\/div><div class = \"tatsu-column-bg-image-wrap\"><div class = \"tatsu-column-bg-image\" ><\/div><\/div><div class=\"tatsu-overlay tatsu-column-overlay tatsu-animate-none\" ><\/div><\/div><style>.tatsu-row > .tatsu-SJSZwiJzmK.tatsu-column{width: 100%;}.tatsu-SJSZwiJzmK.tatsu-column > .tatsu-column-inner > .tatsu-column-overlay{mix-blend-mode: normal;}.tatsu-SJSZwiJzmK > .tatsu-column-inner > .tatsu-top-divider{z-index: 9999;}.tatsu-SJSZwiJzmK > .tatsu-column-inner > .tatsu-bottom-divider{z-index: 9999;}.tatsu-SJSZwiJzmK > .tatsu-column-inner > .tatsu-left-divider{z-index: 9999;}.tatsu-SJSZwiJzmK > .tatsu-column-inner > .tatsu-right-divider{z-index: 9999;}<\/style><\/div><\/div><\/div><\/div><div class=\"tatsu-section-background-wrap\"><div class = \"tatsu-section-background\" ><\/div><\/div><div class=\"tatsu-overlay tatsu-section-overlay\"><\/div><style>.tatsu-H1mZPj1MQY .tatsu-section-pad{padding: 90px 0px 90px 0px;}.tatsu-H1mZPj1MQY > .tatsu-bottom-divider{z-index: 9999;}.tatsu-H1mZPj1MQY > .tatsu-top-divider{z-index: 9999;}.tatsu-H1mZPj1MQY .tatsu-section-overlay{mix-blend-mode: normal;}@media only screen and (max-width: 767px) {.tatsu-H1mZPj1MQY .tatsu-section-pad{padding: 65px 0px 90px 0px;}}<\/style><\/div>\n","protected":false},"excerpt":{"rendered":"<div><a href=\"https:\/\/afabaix.org\/es\/servicios\/atencion-psicologica\/\" class=\"exp-read-more exp-read-more-underlined\">Read More<\/a><\/div>\n","protected":false},"author":1,"featured_media":0,"parent":22601,"menu_order":0,"comment_status":"closed","ping_status":"closed","template":"","meta":{"footnotes":""},"class_list":["post-22626","page","type-page","status-publish","hentry"],"_links":{"self":[{"href":"https:\/\/afabaix.org\/es\/wp-json\/wp\/v2\/pages\/22626","targetHints":{"allow":["GET"]}}],"collection":[{"href":"https:\/\/afabaix.org\/es\/wp-json\/wp\/v2\/pages"}],"about":[{"href":"https:\/\/afabaix.org\/es\/wp-json\/wp\/v2\/types\/page"}],"author":[{"embeddable":true,"href":"https:\/\/afabaix.org\/es\/wp-json\/wp\/v2\/users\/1"}],"replies":[{"embeddable":true,"href":"https:\/\/afabaix.org\/es\/wp-json\/wp\/v2\/comments?post=22626"}],"version-history":[{"count":7,"href":"https:\/\/afabaix.org\/es\/wp-json\/wp\/v2\/pages\/22626\/revisions"}],"predecessor-version":[{"id":23918,"href":"https:\/\/afabaix.org\/es\/wp-json\/wp\/v2\/pages\/22626\/revisions\/23918"}],"up":[{"embeddable":true,"href":"https:\/\/afabaix.org\/es\/wp-json\/wp\/v2\/pages\/22601"}],"wp:attachment":[{"href":"https:\/\/afabaix.org\/es\/wp-json\/wp\/v2\/media?parent=22626"}],"curies":[{"name":"wp","href":"https:\/\/api.w.org\/{rel}","templated":true}]}}