
{"id":22628,"date":"2021-09-17T11:32:02","date_gmt":"2021-09-17T11:32:02","guid":{"rendered":"https:\/\/lacuinade.timit2003.com\/afabaix2\/?page_id=22628"},"modified":"2025-02-01T09:16:56","modified_gmt":"2025-02-01T09:16:56","slug":"centros-alois","status":"publish","type":"page","link":"https:\/\/afabaix.org\/es\/centros-alois\/","title":{"rendered":"Centros Alo\u00efs"},"content":{"rendered":"<div  class=\"tatsu-BkqPt7hA_ tatsu-section  tatsu-bg-overlay   tatsu-clearfix\" data-title=\"\"  data-headerscheme=\"background--dark\"><div class='tatsu-section-pad clearfix' data-padding='{\"d\":\"320px 0px 25px 0px\",\"t\":\"200px 0px 38px 0px\"}' data-padding-top='320px'><div class=\"tatsu-row-wrap  tatsu-wrap tatsu-row-one-col tatsu-row-has-one-cols tatsu-medium-gutter tatsu-reg-cols  tatsu-clearfix tatsu-Sygqwt7n0d\" ><div  class=\"tatsu-row \" ><div  class=\"tatsu-column  tatsu-bg-overlay tatsu-one-col tatsu-column-align-bottom tatsu-column-image-none tatsu-column-effect-none  tatsu-S1bcvKQ3A_\"  data-parallax-speed=\"0\" style=\"\"><div class=\"tatsu-column-inner \" ><div class=\"tatsu-column-pad-wrap\"><div class=\"tatsu-column-pad\" ><div  class=\"tatsu-module tatsu-text-block-wrap tatsu-r1GcvtQ2AO  \"><div class=\"tatsu-text-inner   clearfix\" ><style>.tatsu-r1GcvtQ2AO.tatsu-text-block-wrap .tatsu-text-inner{width: 24%;text-align: left;background-color: rgba(241,145,3,1);padding: 0px 0px 0px 5px;color: rgba(255,255,255,1) ;}.tatsu-r1GcvtQ2AO.tatsu-text-block-wrap{margin: 0px 0px 30px 5px;}.tatsu-r1GcvtQ2AO .tatsu-text-inner *{color: rgba(255,255,255,1) ;}.tatsu-r1GcvtQ2AO.tatsu-text-block-wrap .tatsu-text-inner *{font-family : \"Montserrat\",-apple-system,BlinkMacSystemFont,'Segoe UI',Roboto,Oxygen-Sans,Ubuntu,Cantarell,'Helvetica Neue',sans-serif;font-weight : 700;font-size : 36px;letter-spacing : 0px;}@media only screen and (max-width:1377px) {.tatsu-r1GcvtQ2AO.tatsu-text-block-wrap .tatsu-text-inner{width: 21%;}}@media only screen and (min-width:768px) and (max-width: 1024px) {.tatsu-r1GcvtQ2AO.tatsu-text-block-wrap .tatsu-text-inner{width: 33%;}}@media only screen and (max-width: 767px) {.tatsu-r1GcvtQ2AO.tatsu-text-block-wrap .tatsu-text-inner{width: 83%;}}<\/style>\n<h2>Centros Alo\u00efs<\/h2>\n<\/div><\/div><\/div><\/div><div class = \"tatsu-column-bg-image-wrap\"><div class = \"tatsu-column-bg-image\" ><\/div><\/div><div class=\"tatsu-overlay tatsu-column-overlay tatsu-animate-none\" ><\/div><\/div><style>.tatsu-row > .tatsu-S1bcvKQ3A_.tatsu-column{width: 100%;}.tatsu-S1bcvKQ3A_.tatsu-column > .tatsu-column-inner > .tatsu-column-overlay{mix-blend-mode: normal;}.tatsu-S1bcvKQ3A_ > .tatsu-column-inner > .tatsu-top-divider{z-index: 9999;}.tatsu-S1bcvKQ3A_ > .tatsu-column-inner > .tatsu-bottom-divider{z-index: 9999;}.tatsu-S1bcvKQ3A_ > .tatsu-column-inner > .tatsu-left-divider{z-index: 9999;}.tatsu-S1bcvKQ3A_ > .tatsu-column-inner > .tatsu-right-divider{z-index: 9999;}@media only screen and (max-width:1377px) {.tatsu-row > .tatsu-S1bcvKQ3A_.tatsu-column{width: 100%;}}@media only screen and (min-width:768px) and (max-width: 1024px) {.tatsu-row > .tatsu-S1bcvKQ3A_.tatsu-column{width: 100%;}}@media only screen and (max-width: 767px) {.tatsu-row > .tatsu-S1bcvKQ3A_.tatsu-column{width: 100%;}}<\/style><\/div><\/div><\/div><\/div><div class=\"tatsu-section-background-wrap\"><div class = \"tatsu-section-background\" ><\/div><\/div><div class=\"tatsu-overlay tatsu-section-overlay\"><\/div><style>.tatsu-BkqPt7hA_ .tatsu-section-background{background-image: url(https:\/\/afabaix.org\/wp-content\/uploads\/2025\/01\/MLKF4549.jpg);background-repeat: no-repeat;background-attachment: scroll;background-position: center left;background-size: cover;}.tatsu-BkqPt7hA_ .tatsu-bg-blur{background-repeat: no-repeat;background-attachment: scroll;background-position: center left;background-size: cover;}.tatsu-BkqPt7hA_ .tatsu-section-pad{padding: 320px 0px 25px 0px;}.tatsu-BkqPt7hA_ .tatsu-section-offset-wrap{transform: translateY(-0px);}.tatsu-BkqPt7hA_ > .tatsu-bottom-divider{z-index: 9999;}.tatsu-BkqPt7hA_ > .tatsu-top-divider{z-index: 9999;}.tatsu-BkqPt7hA_ .tatsu-section-overlay{background: rgba(22,20,5,0.19);mix-blend-mode: normal;}@media only screen and (min-width:768px) and (max-width: 1024px) {.tatsu-BkqPt7hA_ .tatsu-section-pad{padding: 200px 0px 38px 0px;}}<\/style><\/div><div  class=\"tatsu-HJQcvFQn0O tatsu-section  tatsu-bg-overlay   tatsu-clearfix\" data-title=\"\"  data-headerscheme=\"background--dark\"><div class='tatsu-section-pad clearfix' data-padding='{\"d\":\"58px 0px 90px 0px\",\"m\":\"65px 0px 90px 0px\"}' data-padding-top='65px'><div class=\"tatsu-row-wrap  tatsu-wrap tatsu-row-one-col tatsu-row-has-one-cols tatsu-medium-gutter tatsu-reg-cols  tatsu-clearfix tatsu-BkNcvYmnC_\" ><div  class=\"tatsu-row \" ><div  class=\"tatsu-column  tatsu-bg-overlay tatsu-one-col tatsu-column-image-none tatsu-column-effect-none  tatsu-SkH9Dt72Au\"  data-parallax-speed=\"0\" style=\"\"><div class=\"tatsu-column-inner \" ><div class=\"tatsu-column-pad-wrap\"><div class=\"tatsu-column-pad\" ><div  class=\"tatsu-module tatsu-text-block-wrap tatsu-HJDFY73R_  \"><div class=\"tatsu-text-inner tatsu-align-center  clearfix\" ><style>.tatsu-HJDFY73R_.tatsu-text-block-wrap .tatsu-text-inner{width: 100%;text-align: left;}<\/style>\n<p>Los <strong>Centros Alo\u00efs <\/strong>son centros especializados en la atenci\u00f3n a personas con enfermedad de Alzheimer u otras demencias en fases iniciales y moderadas. Un espacio adecuado para favorecer la estimulaci\u00f3n cognitiva, donde el objetivo principal es mejorar la calidad de vida de las personas afectadas por estas enfermedades y la de sus familiares, proporcionando un espacio y un tiempo de respiro a los cuidadores y mejorando las capacidades de los usuarios, ralentizando el proceso degenerativo en el que se encuentran.<\/p>\n<p>Nuestros Centros son espacios cardioprotegidos, cuentan con la acreditaci\u00f3n de cuidados sin sujeciones f\u00edsicas ni qu\u00edmicas, e incorporan terapias y metodolog\u00edas innovadoras como la terapia con animales, la realidad virtual, las mu\u00f1ecas reborn, las tabletss inform\u00e1ticas, los huertos terap\u00e9uticos o las salas snoezelen.<\/p>\n<p>Somos un equipo multidisciplinar especializado en la atenci\u00f3n a personas con enfermedades neurodegenerativas cuya tarea no se limita a la estimulaci\u00f3n cognitiva, sino que es una atenci\u00f3n global del enfermo, incidiendo tambi\u00e9n en el estado f\u00edsico, an\u00edmico y social.<\/p>\n<p>La metodolog\u00eda que rige nuestros espacios de atenci\u00f3n especializada se basa en la Atenci\u00f3n Centrada en la Persona.<\/p>\n<p>Actualmente, la AFA gestiona tres Centros Alo\u00efs en la comarca, en las localidades de Cornell\u00e0, Molins de Rei y El Prat. Pueden encontrar la direcci\u00f3n y c\u00f3mo contactar con los Centros en la tabla que encontrar\u00e1 al final de estas l\u00edneas.<\/p>\n<\/div><\/div><div  class=\"tatsu-module tatsu-accordion tatsu-accordion-style1 tatsu-S1zGstQhCu   \"  ><style>.tatsu-S1zGstQhCu .accordion-content.ui-accordion-content{border-color: #CACACA; }.tatsu-S1zGstQhCu .accordion-head.ui-accordion-header{border-color: #CACACA; }.tatsu-S1zGstQhCu.tatsu-module{margin: 0 0 60px 0;}<\/style><div data-collapsed=\"0\" class = \"tatsu-accordion-inner\"><h3 class=\"accordion-head h6\">Objetivos generales de los Centros Alo\u00efs<span class = \"tatsu-accordion-expand\"><\/span><\/h3><div class = \"accordion-content body\" ><div class = \"accordion-content-inner \">\n<p>Mejorar la calidad de vida de las personas afectadas por la enfermedad de Alzheimer u otra demencia y la de sus familiares, ofreciendo un espacio de atenci\u00f3n especializada que permite, por un lado, que los familiares puedan disfrutar de unas horas de respiro que repercuten muy positivamente en el d\u00eda a d\u00eda de los cuidadores, con la tranquilidad de que sus familiares estar\u00e1n atendidos de la mejor forma posible; por otro, que los familiares enfermos reciban una serie de servicios y, principalmente, una estimulaci\u00f3n congitiva personalizada que ralentice el proceso del alzh\u00e9imer.<\/p>\n<\/div><\/div><h3 class=\"accordion-head h6\">Objetivos Espec\u00edficos del Centro<span class = \"tatsu-accordion-expand\"><\/span><\/h3><div class = \"accordion-content body\" ><div class = \"accordion-content-inner \">\n<p><span class=\"VIiyi\" lang=\"es\"><span class=\"JLqJ4b\" data-language-for-alternatives=\"es\" data-language-to-translate-into=\"ca\" data-phrase-index=\"0\" data-number-of-phrases=\"1\">Los objetivos generales son: <\/span><\/span><\/p>\n<p><span class=\"VIiyi\" lang=\"es\"><span class=\"JLqJ4b\" data-language-for-alternatives=\"es\" data-language-to-translate-into=\"ca\" data-phrase-index=\"0\" data-number-of-phrases=\"1\">\u2022 Conseguir que las personas con demencia adquieran, mantengan o recuperen (en caso de que se trate de una demencia de tipo reversible) habilidades y\/o h\u00e1bitos que hayan perdido a causa del proceso de deterioro. <\/span><\/span><\/p>\n<p><span class=\"VIiyi\" lang=\"es\"><span class=\"JLqJ4b\" data-language-for-alternatives=\"es\" data-language-to-translate-into=\"ca\" data-phrase-index=\"0\" data-number-of-phrases=\"1\">\u2022 Ayudar a las personas enfermas a mantener una vida que sea lo m\u00e1s aut\u00f3noma, digna y satisfactoria posible. <\/span><\/span><\/p>\n<p><span class=\"VIiyi\" lang=\"es\"><span class=\"JLqJ4b\" data-language-for-alternatives=\"es\" data-language-to-translate-into=\"ca\" data-phrase-index=\"0\" data-number-of-phrases=\"1\">\u2022 Promocionar un estado de bienestar, reduciendo respuestas de angustia y depresi\u00f3n. <\/span><\/span><\/p>\n<p><span class=\"VIiyi\" lang=\"es\"><span class=\"JLqJ4b\" data-language-for-alternatives=\"es\" data-language-to-translate-into=\"ca\" data-phrase-index=\"0\" data-number-of-phrases=\"1\">\u2022 Evitar o retrasar internamientos innecesarios. <\/span><\/span><\/p>\n<p><span class=\"VIiyi\" lang=\"es\"><span class=\"JLqJ4b\" data-language-for-alternatives=\"es\" data-language-to-translate-into=\"ca\" data-phrase-index=\"0\" data-number-of-phrases=\"1\">\u2022 Favorecer la integraci\u00f3n en el medio habitual de la vida: el propio hogar. <\/span><\/span><\/p>\n<p><span class=\"VIiyi\" lang=\"es\"><span class=\"JLqJ4b\" data-language-for-alternatives=\"es\" data-language-to-translate-into=\"ca\" data-phrase-index=\"0\" data-number-of-phrases=\"1\">\u2022 Ofrecer soporte, asesoramiento e informaci\u00f3n a cuidadores y cuidadoras formales e informales. <\/span><\/span><\/p>\n<p><span class=\"VIiyi\" lang=\"es\"><span class=\"JLqJ4b\" data-language-for-alternatives=\"es\" data-language-to-translate-into=\"ca\" data-phrase-index=\"0\" data-number-of-phrases=\"1\">\u2022 Ofrecer respiro y tiempo libre a las familias cuidadoras, previniendo situaciones de crisis y claudicaci\u00f3n. <\/span><\/span><\/p>\n<p><span class=\"VIiyi\" lang=\"es\"><span class=\"JLqJ4b\" data-language-for-alternatives=\"es\" data-language-to-translate-into=\"ca\" data-phrase-index=\"0\" data-number-of-phrases=\"1\">Los objetivos m\u00e1s espec\u00edficos son: \u2022 Integrar la estimulaci\u00f3n cognitiva en la vida de los enfermos y enfermas de alzheimer. <\/span><\/span><\/p>\n<p><span class=\"VIiyi\" lang=\"es\"><span class=\"JLqJ4b\" data-language-for-alternatives=\"es\" data-language-to-translate-into=\"ca\" data-phrase-index=\"0\" data-number-of-phrases=\"1\">\u2022 Estudiar cada caso individualmente, planificando tareas adecuadas a los d\u00e9ficits de cada enfermo. <\/span><\/span><\/p>\n<p><span class=\"VIiyi\" lang=\"es\"><span class=\"JLqJ4b\" data-language-for-alternatives=\"es\" data-language-to-translate-into=\"ca\" data-phrase-index=\"0\" data-number-of-phrases=\"1\">\u2022 Aumentar la autoestima y el sentimiento de utilidad de los usuarios, a partir de la propuesta y resoluci\u00f3n de tareas asequibles para los d\u00e9ficits del enfermo. <\/span><\/span><\/p>\n<p><span class=\"VIiyi\" lang=\"es\"><span class=\"JLqJ4b\" data-language-for-alternatives=\"es\" data-language-to-translate-into=\"ca\" data-phrase-index=\"0\" data-number-of-phrases=\"1\">\u2022 Mejorar la capacidad de adaptaci\u00f3n a las nuevas situaciones, a trav\u00e9s de propuestas de trabajo que inciten a la exploraci\u00f3n y experimentaci\u00f3n de nuevas respuestas. <\/span><\/span><\/p>\n<p><span class=\"VIiyi\" lang=\"es\"><span class=\"JLqJ4b\" data-language-for-alternatives=\"es\" data-language-to-translate-into=\"ca\" data-phrase-index=\"0\" data-number-of-phrases=\"1\">\u2022 Promover la independencia del enfermo facilitando pautas para mantener las actividades de la vida diaria. <\/span><\/span><\/p>\n<p><span class=\"VIiyi\" lang=\"es\"><span class=\"JLqJ4b\" data-language-for-alternatives=\"es\" data-language-to-translate-into=\"ca\" data-phrase-index=\"0\" data-number-of-phrases=\"1\">\u2022 Acompa\u00f1ar en el proceso de la elaboraci\u00f3n de p\u00e9rdidas, tanto a los usuarios como a los familiares. <\/span><\/span><\/p>\n<p><span class=\"VIiyi\" lang=\"es\"><span class=\"JLqJ4b\" data-language-for-alternatives=\"es\" data-language-to-translate-into=\"ca\" data-phrase-index=\"0\" data-number-of-phrases=\"1\">\u2022 Favorecer la interrelaci\u00f3n del usuario con: sus familiares, cuidadores y cuidadoras formales y\/o informales, sus vecinos y amigos, otras personas mayores y las relaciones intergeneracionales.<\/span><\/span><\/p>\n<p><span class=\"VIiyi\" lang=\"es\"><span class=\"JLqJ4b\" data-language-for-alternatives=\"es\" data-language-to-translate-into=\"ca\" data-phrase-index=\"0\" data-number-of-phrases=\"1\"> \u2022 Formar e informar a las familias y a sus cuidadores y cuidadoras formales sobre las ventajas de estos programas de entrenamiento de la memoria.<\/span><\/span><\/p>\n<\/div><\/div><h3 class=\"accordion-head h6\">Usuarios<span class = \"tatsu-accordion-expand\"><\/span><\/h3><div class = \"accordion-content body\" ><div class = \"accordion-content-inner \">\n<div class=\"ui-accordion-content ui-helper-reset ui-widget-content ui-corner-bottom ui-accordion-content-active\" role=\"tabpanel\">\n<p>Personas afectadas por la Enfermedad de Alzheimer o por otra demencia, que se encuentren en fase leve\/moderada y que puedan beneficiarse de la estimulaci\u00f3n cognitiva. Es necesario que el usuario o usuaria tenga un familiar que sea socio\/a de la Asociaci\u00f3n.<\/p>\n<\/div>\n<\/div><\/div><h3 class=\"accordion-head h6\">Actividades del Centro<span class = \"tatsu-accordion-expand\"><\/span><\/h3><div class = \"accordion-content body\" ><div class = \"accordion-content-inner \">\n<p>Las actividades del Centro ayudan a mantener las capacidades preservadas y a mejorar los d\u00e9ficits cognitivos, a la vez que permiten un respiro a los familiares ante la presi\u00f3n constante de la atenci\u00f3n diaria.<\/p>\n<ul>\n<li>Ejercicios de estimulaci\u00f3n cognitiva en grupo e individuales<\/li>\n<li>Actividades de la Vida Diaria<\/li>\n<li>Orientaci\u00f3n a la realidad<\/li>\n<li>Ejercicio f\u00edsico<\/li>\n<li>Manualidades<\/li>\n<li>Musicoterapia<\/li>\n<li>Reminiscencia<\/li>\n<li>Actividades de ocio<\/li>\n<li>Huerto i jard\u00edn terap\u00e9utico<\/li>\n<li>Taller de puzzles y encajables<\/li>\n<li>Taller de praxias<\/li>\n<li>Taller de libretas<\/li>\n<li>Taller de juegos de mesa<\/li>\n<li>Taller de gnosias<\/li>\n<li>Grupos de soporte emocional<\/li>\n<li>Reposteria<\/li>\n<li>Fisioterapia (2 veces a la semana): rehabilitaci\u00f3n y mejora de las p\u00e9rdidas motrices, gimnasia pasiva, ejercicio f\u00edsico i esquema corporal.<\/li>\n<li>Seguimiento: neuropsicol\u00f3gico, funcional, emocional y de enfermer\u00eda.<\/li>\n<li>Sala de estimulaci\u00f3n sensorial<\/li>\n<li><span class=\"VIiyi\" lang=\"es\"><span class=\"JLqJ4b\" data-language-for-alternatives=\"es\" data-language-to-translate-into=\"ca\" data-phrase-index=\"0\" data-number-of-phrases=\"1\">Programa de apoyo a las familias <\/span><\/span><\/li>\n<li><span class=\"VIiyi\" lang=\"es\"><span class=\"JLqJ4b\" data-language-for-alternatives=\"es\" data-language-to-translate-into=\"ca\" data-phrase-index=\"0\" data-number-of-phrases=\"1\">Programa de intervenci\u00f3n socializadora y l\u00fadica <\/span><\/span><\/li>\n<li><span class=\"VIiyi\" lang=\"es\"><span class=\"JLqJ4b\" data-language-for-alternatives=\"es\" data-language-to-translate-into=\"ca\" data-phrase-index=\"0\" data-number-of-phrases=\"1\">Taller de Realidad Virtual <\/span><\/span><\/li>\n<li><span class=\"VIiyi\" lang=\"es\"><span class=\"JLqJ4b\" data-language-for-alternatives=\"es\" data-language-to-translate-into=\"ca\" data-phrase-index=\"0\" data-number-of-phrases=\"1\">Acceso al Aula de Memoria adjunta. <\/span><\/span><\/li>\n<li><span class=\"VIiyi\" lang=\"es\"><span class=\"JLqJ4b\" data-language-for-alternatives=\"es\" data-language-to-translate-into=\"ca\" data-phrase-index=\"0\" data-number-of-phrases=\"1\">Terapia Asistida con Animales<\/span><\/span><\/li>\n<li><span class=\"VIiyi\" lang=\"es\"><span class=\"JLqJ4b\" data-language-for-alternatives=\"es\" data-language-to-translate-into=\"ca\" data-phrase-index=\"0\" data-number-of-phrases=\"1\"> Terapia con mu\u00f1ecas reborn.<\/span><\/span><\/li>\n<\/ul>\n<\/div><\/div><h3 class=\"accordion-head h6\">Servicios del Centro<span class = \"tatsu-accordion-expand\"><\/span><\/h3><div class = \"accordion-content body\" ><div class = \"accordion-content-inner \">\n<ul>\n<li><span class=\"VIiyi\" lang=\"es\"><span class=\"JLqJ4b ChMk0b\" data-language-for-alternatives=\"es\" data-language-to-translate-into=\"ca\" data-phrase-index=\"0\" data-number-of-phrases=\"9\">Catering (incluido en horario completo)<\/span> <\/span><\/li>\n<li><span class=\"VIiyi\" lang=\"es\"><span class=\"JLqJ4b ChMk0b\" data-language-for-alternatives=\"es\" data-language-to-translate-into=\"ca\" data-phrase-index=\"2\" data-number-of-phrases=\"9\">Transporte adaptado (gratuito por los usuarios de los Centros del Prat y de Cornell\u00e0)<\/span> <\/span><\/li>\n<li><span class=\"VIiyi\" lang=\"es\"><span class=\"JLqJ4b ChMk0b\" data-language-for-alternatives=\"es\" data-language-to-translate-into=\"ca\" data-phrase-index=\"4\" data-number-of-phrases=\"9\">Ducha (bajo demanda, 1 a la semana incluida en horario completo)<\/span> <\/span><\/li>\n<li><span class=\"VIiyi\" lang=\"es\"><span class=\"JLqJ4b ChMk0b\" data-language-for-alternatives=\"es\" data-language-to-translate-into=\"ca\" data-phrase-index=\"6\" data-number-of-phrases=\"9\">Peluquer\u00eda (precio variable)<\/span> <\/span><\/li>\n<li><span class=\"VIiyi\" lang=\"es\"><span class=\"JLqJ4b ChMk0b\" data-language-for-alternatives=\"es\" data-language-to-translate-into=\"ca\" data-phrase-index=\"8\" data-number-of-phrases=\"9\">Podolog\u00eda (10\u20ac sesi\u00f3n)<\/span><\/span><\/li>\n<\/ul>\n<\/div><\/div><h3 class=\"accordion-head h6\">Horarios<span class = \"tatsu-accordion-expand\"><\/span><\/h3><div class = \"accordion-content body\" ><div class = \"accordion-content-inner \">\n<div class=\"ui-accordion-content ui-helper-reset ui-widget-content ui-corner-bottom ui-accordion-content-active\" role=\"tabpanel\">\n<div class=\"ui-accordion-content ui-helper-reset ui-widget-content ui-corner-bottom ui-accordion-content-active\" role=\"tabpanel\">\n<p>De lunes a viernes, de 9.00 a 18.00 horas.<\/p>\n<\/div>\n<\/div>\n<h3 class=\"ui-accordion-header ui-helper-reset ui-state-default ui-corner-all\" tabindex=\"-1\" role=\"tab\" aria-expanded=\"false\" aria-selected=\"false\">\u00a0<\/h3>\n<\/div><\/div><h3 class=\"accordion-head h6\">Precios<span class = \"tatsu-accordion-expand\"><\/span><\/h3><div class = \"accordion-content body\" ><div class = \"accordion-content-inner \">\n<table>\n<tbody>\n<tr>\n<td width=\"122\">\n<p><strong>JORNADA COMPLETA<\/strong><\/p>\n<\/td>\n<td width=\"123\">\n<p><strong>MEDIA JORNADA<\/strong><\/p>\n<\/td>\n<td width=\"179\">\n<p><strong>MEDIA JORNADA MA\u00d1ANA + COMIDA<\/strong><\/p>\n<\/td>\n<td width=\"142\">\n<p><strong>MEDIA JORNADA TARDE + COMIDA<\/strong><\/p>\n<\/td>\n<\/tr>\n<tr>\n<td width=\"122\">\n<p>740 \u20ac<\/p>\n<\/td>\n<td width=\"123\">\n<p>445 \u20ac<\/p>\n<\/td>\n<td width=\"179\">\n<p>525 \u20ac<\/p>\n<\/td>\n<td width=\"142\">\n<p>525 \u20ac<\/p>\n<\/td>\n<\/tr>\n<tr>\n<td width=\"122\">\n<p>de 9.00 a 18.00<\/p>\n<\/td>\n<td width=\"123\">\n<p>de 9.00 a 13.00<\/p>\n<\/td>\n<td width=\"179\">\n<p>de 9.00 a 14.00<\/p>\n<\/td>\n<td width=\"142\">\n<p>de 13.00 a 18.00<\/p>\n<\/td>\n<\/tr>\n<\/tbody>\n<\/table>\n<ul>\n<li>Se priorizar\u00e1n las demandas de jornada completa.<\/li>\n<li>Plazas vinculadas por la Prestaci\u00f3n Vinculada en el Servicio.<\/li>\n<li>El precio aumenta cada a\u00f1o -tal y como se especifica en el contrato- seg\u00fan el valor del IPC anual, que este a\u00f1o ha sido del 2,8%. Este incremento ya est\u00e1 contemplado en este listado de precios de cara al 2025<\/li>\n<\/ul>\n<\/div><\/div><\/div><\/div><div  class=\"tatsu-module tatsu-text-block-wrap tatsu-SJmRExz7t  \"><div class=\"tatsu-text-inner tatsu-align-center  clearfix\" ><style>.tatsu-SJmRExz7t.tatsu-text-block-wrap .tatsu-text-inner{width: 100%;text-align: left;}<\/style>\n<table>\n<tbody>\n<tr>\n<td width=\"283\">\n<p><strong>CENTRO ALO\u00cfS CORNELL\u00c0<\/strong><\/p>\n<p>Av. L\u00ednea El\u00e8ctrica, 13 bx.<br \/>08940, Cornell\u00e0 de Llobregat<br \/>Tel. 93 375 59 25<br \/><u><a href=\"mailto:alois-cornella@afabaix.org\">alois-cornella@afabaix.org<\/a><\/u><\/p>\n<p>\u00a0<\/p>\n<\/td>\n<td width=\"283\">\n<p><strong>CENTRO ALOIS MOLINS<\/strong><\/p>\n<p>C. Cam\u00ed Antic de la Sta. Creu d&#8217;Olorda 4<br \/>08750 Molins de Rei<br \/>Tel. 93.668.86.99<br \/><a href=\"mailto:alois-molins@afabaix.org\">alois-molins@afabaix.org<\/a><\/p>\n<p>\u00a0<\/p>\n<\/td>\n<\/tr>\n<tr>\n<td colspan=\"2\" width=\"566\">\n<p><strong>CENTRO ALO\u00cfS PRAT<\/strong><\/p>\n<p>Av. Apel\u00b7les Mestres, 33 bx.1a.<br \/>08820, El Prat de Llobregat<br \/>Tel. 93 370 45 29<br \/><a href=\"mailto:alois-prat@afabaix.org\">alois-prat@afabaix.org<\/a><\/p>\n<\/td>\n<\/tr>\n<\/tbody>\n<\/table>\n<\/div><\/div><div  class=\"tatsu-module tatsu-video tatsu-youtube-wrap tatsu-H1THpGHRi   \" ><div class = \"be-video-embed be-embed-placeholder\"><div class = \"be-youtube-embed\" data-video-id = \"G3as4gS7KpA\" data-autoplay = \"0\" data-loop = \"0\"><\/div><\/div><\/div><div  class=\"tatsu-module tatsu-video tatsu-youtube-wrap tatsu-rkVxrxMQK   \" ><div class = \"be-video-embed be-embed-placeholder\"><div class = \"be-youtube-embed\" data-video-id = \"3q7fUwXvB-0\" data-autoplay = \"0\" data-loop = \"0\"><\/div><\/div><\/div><div  class=\"tatsu-module tatsu-video tatsu-youtube-wrap tatsu-ByLK1i7g9   \" ><div class = \"be-video-embed be-embed-placeholder\"><div class = \"be-youtube-embed\" data-video-id = \"SGrfiVv8Xho\" data-autoplay = \"0\" data-loop = \"0\"><\/div><\/div><\/div><\/div><\/div><div class = \"tatsu-column-bg-image-wrap\"><div class = \"tatsu-column-bg-image\" ><\/div><\/div><div class=\"tatsu-overlay tatsu-column-overlay tatsu-animate-none\" ><\/div><\/div><style>.tatsu-row > .tatsu-SkH9Dt72Au.tatsu-column{width: 100%;}.tatsu-SkH9Dt72Au.tatsu-column > .tatsu-column-inner > .tatsu-column-overlay{mix-blend-mode: normal;}.tatsu-SkH9Dt72Au > .tatsu-column-inner > .tatsu-top-divider{z-index: 9999;}.tatsu-SkH9Dt72Au > .tatsu-column-inner > .tatsu-bottom-divider{z-index: 9999;}.tatsu-SkH9Dt72Au > .tatsu-column-inner > .tatsu-left-divider{z-index: 9999;}.tatsu-SkH9Dt72Au > .tatsu-column-inner > .tatsu-right-divider{z-index: 9999;}<\/style><\/div><\/div><\/div><\/div><div class=\"tatsu-section-background-wrap\"><div class = \"tatsu-section-background\" ><\/div><\/div><div class=\"tatsu-overlay tatsu-section-overlay\"><\/div><style>.tatsu-HJQcvFQn0O .tatsu-section-pad{padding: 58px 0px 90px 0px;}.tatsu-HJQcvFQn0O > .tatsu-bottom-divider{z-index: 9999;}.tatsu-HJQcvFQn0O > .tatsu-top-divider{z-index: 9999;}.tatsu-HJQcvFQn0O .tatsu-section-overlay{mix-blend-mode: normal;}@media only screen and (max-width: 767px) {.tatsu-HJQcvFQn0O .tatsu-section-pad{padding: 65px 0px 90px 0px;}}<\/style><\/div>\n","protected":false},"excerpt":{"rendered":"<div><a href=\"https:\/\/afabaix.org\/es\/centros-alois\/\" class=\"exp-read-more exp-read-more-underlined\">Read More<\/a><\/div>\n","protected":false},"author":1,"featured_media":0,"parent":0,"menu_order":0,"comment_status":"closed","ping_status":"closed","template":"","meta":{"footnotes":""},"class_list":["post-22628","page","type-page","status-publish","hentry"],"_links":{"self":[{"href":"https:\/\/afabaix.org\/es\/wp-json\/wp\/v2\/pages\/22628","targetHints":{"allow":["GET"]}}],"collection":[{"href":"https:\/\/afabaix.org\/es\/wp-json\/wp\/v2\/pages"}],"about":[{"href":"https:\/\/afabaix.org\/es\/wp-json\/wp\/v2\/types\/page"}],"author":[{"embeddable":true,"href":"https:\/\/afabaix.org\/es\/wp-json\/wp\/v2\/users\/1"}],"replies":[{"embeddable":true,"href":"https:\/\/afabaix.org\/es\/wp-json\/wp\/v2\/comments?post=22628"}],"version-history":[{"count":21,"href":"https:\/\/afabaix.org\/es\/wp-json\/wp\/v2\/pages\/22628\/revisions"}],"predecessor-version":[{"id":28523,"href":"https:\/\/afabaix.org\/es\/wp-json\/wp\/v2\/pages\/22628\/revisions\/28523"}],"wp:attachment":[{"href":"https:\/\/afabaix.org\/es\/wp-json\/wp\/v2\/media?parent=22628"}],"curies":[{"name":"wp","href":"https:\/\/api.w.org\/{rel}","templated":true}]}}