
{"id":22727,"date":"2021-09-17T15:03:52","date_gmt":"2021-09-17T15:03:52","guid":{"rendered":"https:\/\/lacuinade.timit2003.com\/afabaix2\/?page_id=22727"},"modified":"2021-09-17T15:03:52","modified_gmt":"2021-09-17T15:03:52","slug":"politica-de-privacidad-rgpd","status":"publish","type":"page","link":"https:\/\/afabaix.org\/es\/politica-de-privacidad-rgpd\/","title":{"rendered":"Pol\u00edtica de Privacidad (RGPD"},"content":{"rendered":"<p><span style=\"font-weight: 400;\">RESPONSABLE DEL TRATAMIENTO<\/span><\/p>\n<p><span style=\"font-weight: 400;\">A.F.A. BAIX LLOBREGAT G61516746, con domicilio en C\/ Eusebi Soler n\u00ba 1, 1\u00ba-1\u00aa, 08820, El Prat de Llobregat Tel\u00e9fono 933790022 y mail <\/span><span style=\"font-weight: 400;\">comunicacio@afabaix.org<\/span><span style=\"font-weight: 400;\">\u00a0<\/span><\/p>\n<p><span style=\"font-weight: 400;\">FINALIDAD<\/span><\/p>\n<p><span style=\"font-weight: 400;\">La finalidad de la creaci\u00f3n, existencia y mantenimiento es el tratamiento de los datos con los exclusivos fines de de poder hacer efectivo nuestro servicio y realizar la facturaci\u00f3n del mismo.<\/span><\/p>\n<p><span style=\"font-weight: 400;\">LEGITIMACI\u00d3N<\/span><\/p>\n<p><span style=\"font-weight: 400;\">La base legal para el tratamiento de sus datos es la ejecuci\u00f3n de la prestaci\u00f3n del servicio entre el titular del dato y el responsable del tratamiento y dicha informaci\u00f3n personal se conservar\u00e1 mientras se mantenga la prestaci\u00f3n del mismoo durante el tiempo estrictamente necesario para cumplir con las obligaciones legales.<\/span><\/p>\n<p>&nbsp;<\/p>\n<p><span style=\"font-weight: 400;\">PERIODO DE CONSERVACI\u00d3N<\/span><\/p>\n<p><span style=\"font-weight: 400;\">\u00a0Los datos proporcionados se conservar\u00e1n mientras se mantenga la prestaci\u00f3n del servicio o durante los a\u00f1os necesarios para cumplir con las obligaciones legales<\/span><\/p>\n<p>&nbsp;<\/p>\n<p><span style=\"font-weight: 400;\">DESTINATARIOS<\/span><\/p>\n<p><span style=\"font-weight: 400;\">Mientras dure el tratamiento de los datos del interesado, A.F.A. BAIX LLOBREGAT no ceder\u00e1 los datos a terceros, salvo que medie obligaci\u00f3n legal.<\/span><\/p>\n<p><span style=\"font-weight: 400;\">En los supuestos que, para la realizaci\u00f3n de tratamientos de tipo administrativo, fiscal, contable y\/o comercial, se cuente con los servicios de terceros, se formalizar\u00e1 debidamente el preceptivo contrato de encargado de tratamiento, con la finalidad de garantizar la seguridad y confidencialidad de los datos del interesado frente a terceros.<\/span><\/p>\n<p>&nbsp;<\/p>\n<p><span style=\"font-weight: 400;\">DERECHOS<\/span><\/p>\n<p><span style=\"font-weight: 400;\">Las personas interesadas tienen derecho a\u00a0<\/span><span style=\"font-weight: 400;\">acceder<\/span><span style=\"font-weight: 400;\">\u00a0a sus datos de car\u00e1cter personal, as\u00ed como a solicitar la\u00a0<\/span><span style=\"font-weight: 400;\">rectificaci\u00f3n<\/span><span style=\"font-weight: 400;\">\u00a0de datos inexactos o, en su caso, solicitar la\u00a0<\/span><span style=\"font-weight: 400;\">supresi\u00f3n<\/span><span style=\"font-weight: 400;\">\u00a0cuando, entre otros motivos, los datos ya no sean necesarios para la finalidad que fueron entregados as\u00ed como\u00a0<\/span><span style=\"font-weight: 400;\">retirar el consentimiento otorgado<\/span><span style=\"font-weight: 400;\">. Tambi\u00e9n puede ejercer su derecho a la\u00a0<\/span><span style=\"font-weight: 400;\">limitaci\u00f3n del tratamiento<\/span><span style=\"font-weight: 400;\">, de forma que sus datos no ser\u00e1n suprimidos pero el tratamiento de los mismos estar\u00e1 sujeto a limitaciones.<\/span><\/p>\n<p><span style=\"font-weight: 400;\">Los ejercicios de portabilidad y automatizaci\u00f3n de decisiones no aplican en este caso por la tipolog\u00eda de datos y tratamiento de los mismos.<\/span><\/p>\n<p>&nbsp;<\/p>\n<p><b>Reglamento General de Protecci\u00f3n de Datos (RGPD)<\/b><\/p>\n<p>&nbsp;<\/p>\n<p><span style=\"font-weight: 400;\">En nombre de A.F.A. BAIX LLOBREGAT, propietaria del dominio web <\/span><i><span style=\"font-weight: 400;\">www.afabaix.org<\/span><\/i><i><span style=\"font-weight: 400;\"> les informamos que <\/span><\/i><span style=\"font-weight: 400;\">tratamos la informaci\u00f3n que nos facilita en el presente formulario con el fin de poder atender su solicitud. Los datos proporcionados se conservar\u00e1n mientras se realiza el procesamiento de su solicitud y se le da respuesta. Usted tiene derecho a obtener confirmaci\u00f3n sobre si en A.F.A. BAIX LLOBREGAT\u00a0 estamos tratando sus datos personales por tanto tiene derecho a acceder a sus datos personales, rectificar los datos inexactos o solicitar su supresi\u00f3n cuando los datos ya no sean necesarios<\/span><span style=\"font-weight: 400;\">.<\/span><\/p>\n","protected":false},"excerpt":{"rendered":"<p>RESPONSABLE DEL TRATAMIENTO A.F.A. BAIX LLOBREGAT G61516746, con domicilio en C\/ Eusebi Soler n&ordm; 1, 1&ordm;-1&ordf;, 08820, El Prat de Llobregat Tel&eacute;fono 933790022 y mail comunicacio@afabaix.org&nbsp; FINALIDAD La finalidad de<\/p>\n<div><a href=\"https:\/\/afabaix.org\/es\/politica-de-privacidad-rgpd\/\" class=\"exp-read-more exp-read-more-underlined\">Read More<\/a><\/div>\n","protected":false},"author":1,"featured_media":0,"parent":0,"menu_order":0,"comment_status":"closed","ping_status":"closed","template":"","meta":{"footnotes":""},"class_list":["post-22727","page","type-page","status-publish","hentry"],"_links":{"self":[{"href":"https:\/\/afabaix.org\/es\/wp-json\/wp\/v2\/pages\/22727","targetHints":{"allow":["GET"]}}],"collection":[{"href":"https:\/\/afabaix.org\/es\/wp-json\/wp\/v2\/pages"}],"about":[{"href":"https:\/\/afabaix.org\/es\/wp-json\/wp\/v2\/types\/page"}],"author":[{"embeddable":true,"href":"https:\/\/afabaix.org\/es\/wp-json\/wp\/v2\/users\/1"}],"replies":[{"embeddable":true,"href":"https:\/\/afabaix.org\/es\/wp-json\/wp\/v2\/comments?post=22727"}],"version-history":[{"count":1,"href":"https:\/\/afabaix.org\/es\/wp-json\/wp\/v2\/pages\/22727\/revisions"}],"predecessor-version":[{"id":22728,"href":"https:\/\/afabaix.org\/es\/wp-json\/wp\/v2\/pages\/22727\/revisions\/22728"}],"wp:attachment":[{"href":"https:\/\/afabaix.org\/es\/wp-json\/wp\/v2\/media?parent=22727"}],"curies":[{"name":"wp","href":"https:\/\/api.w.org\/{rel}","templated":true}]}}