
{"id":23280,"date":"2021-11-23T11:08:14","date_gmt":"2021-11-23T11:08:14","guid":{"rendered":"https:\/\/afabaix.org\/centres\/"},"modified":"2025-02-01T09:13:04","modified_gmt":"2025-02-01T09:13:04","slug":"centros","status":"publish","type":"page","link":"https:\/\/afabaix.org\/es\/centros\/","title":{"rendered":"Centros"},"content":{"rendered":"<div  class=\"tatsu-BkFQnBcdK tatsu-section  tatsu-bg-overlay   tatsu-clearfix\" data-title=\"\"  data-headerscheme=\"background--dark\"><div class='tatsu-section-pad clearfix' data-padding='{\"d\":\"320px 0px 25px 0px\",\"t\":\"200px 0px 38px 0px\"}' data-padding-top='320px'><div class=\"tatsu-row-wrap  tatsu-wrap tatsu-row-one-col tatsu-row-has-one-cols tatsu-medium-gutter tatsu-reg-cols  tatsu-clearfix tatsu-r1gtQ3r5_t\" ><div  class=\"tatsu-row \" ><div  class=\"tatsu-column  tatsu-bg-overlay tatsu-one-col tatsu-column-align-bottom tatsu-column-image-none tatsu-column-effect-none  tatsu-SkZFQnBcuK\"  data-parallax-speed=\"0\" style=\"\"><div class=\"tatsu-column-inner \" ><div class=\"tatsu-column-pad-wrap\"><div class=\"tatsu-column-pad\" ><div  class=\"tatsu-module tatsu-text-block-wrap tatsu-ByfFQhB5dt  \"><div class=\"tatsu-text-inner   clearfix\" ><style>.tatsu-ByfFQhB5dt.tatsu-text-block-wrap .tatsu-text-inner{width: 18%;text-align: left;background-color: rgba(241,145,3,1);padding: 0px 0px 0px 5px;color: rgba(255,255,255,1) ;}.tatsu-ByfFQhB5dt.tatsu-text-block-wrap{margin: 0px 0px 30px 5px;}.tatsu-ByfFQhB5dt .tatsu-text-inner *{color: rgba(255,255,255,1) ;}.tatsu-ByfFQhB5dt.tatsu-text-block-wrap .tatsu-text-inner *{font-family : \"Montserrat\",-apple-system,BlinkMacSystemFont,'Segoe UI',Roboto,Oxygen-Sans,Ubuntu,Cantarell,'Helvetica Neue',sans-serif;font-weight : 700;font-size : 36px;letter-spacing : 0px;}@media only screen and (max-width:1377px) {.tatsu-ByfFQhB5dt.tatsu-text-block-wrap .tatsu-text-inner{width: 21%;}}@media only screen and (min-width:768px) and (max-width: 1024px) {.tatsu-ByfFQhB5dt.tatsu-text-block-wrap .tatsu-text-inner{width: 33%;}}@media only screen and (max-width: 767px) {.tatsu-ByfFQhB5dt.tatsu-text-block-wrap .tatsu-text-inner{width: 83%;}}<\/style>\n<h2>Centros<\/h2>\n<\/div><\/div><\/div><\/div><div class = \"tatsu-column-bg-image-wrap\"><div class = \"tatsu-column-bg-image\" ><\/div><\/div><div class=\"tatsu-overlay tatsu-column-overlay tatsu-animate-none\" ><\/div><\/div><style>.tatsu-row > .tatsu-SkZFQnBcuK.tatsu-column{width: 100%;}.tatsu-SkZFQnBcuK.tatsu-column > .tatsu-column-inner > .tatsu-column-overlay{mix-blend-mode: normal;}.tatsu-SkZFQnBcuK > .tatsu-column-inner > .tatsu-top-divider{z-index: 9999;}.tatsu-SkZFQnBcuK > .tatsu-column-inner > .tatsu-bottom-divider{z-index: 9999;}.tatsu-SkZFQnBcuK > .tatsu-column-inner > .tatsu-left-divider{z-index: 9999;}.tatsu-SkZFQnBcuK > .tatsu-column-inner > .tatsu-right-divider{z-index: 9999;}@media only screen and (max-width:1377px) {.tatsu-row > .tatsu-SkZFQnBcuK.tatsu-column{width: 100%;}}@media only screen and (min-width:768px) and (max-width: 1024px) {.tatsu-row > .tatsu-SkZFQnBcuK.tatsu-column{width: 100%;}}@media only screen and (max-width: 767px) {.tatsu-row > .tatsu-SkZFQnBcuK.tatsu-column{width: 100%;}}<\/style><\/div><\/div><\/div><\/div><div class=\"tatsu-section-background-wrap\"><div class = \"tatsu-section-background\" ><\/div><\/div><div class=\"tatsu-overlay tatsu-section-overlay\"><\/div><style>.tatsu-BkFQnBcdK .tatsu-section-background{background-image: url(https:\/\/afabaix.org\/wp-content\/uploads\/2025\/01\/GEOD3013.jpg);background-repeat: no-repeat;background-attachment: scroll;background-position: center left;background-size: cover;}.tatsu-BkFQnBcdK .tatsu-bg-blur{background-repeat: no-repeat;background-attachment: scroll;background-position: center left;background-size: cover;}.tatsu-BkFQnBcdK .tatsu-section-pad{padding: 320px 0px 25px 0px;}.tatsu-BkFQnBcdK .tatsu-section-offset-wrap{transform: translateY(-0px);}.tatsu-BkFQnBcdK > .tatsu-bottom-divider{z-index: 9999;}.tatsu-BkFQnBcdK > .tatsu-top-divider{z-index: 9999;}.tatsu-BkFQnBcdK .tatsu-section-overlay{background: rgba(22,20,5,0.19);mix-blend-mode: normal;}@media only screen and (min-width:768px) and (max-width: 1024px) {.tatsu-BkFQnBcdK .tatsu-section-pad{padding: 200px 0px 38px 0px;}}<\/style><\/div><div  class=\"tatsu-BJs_nH9_t tatsu-section  tatsu-bg-overlay   tatsu-clearfix\" data-title=\"\"  data-headerscheme=\"background--dark\"><div class='tatsu-section-pad clearfix' data-padding='{\"d\":\"45px 0px 2px 0px\"}' data-padding-top='45px'><div class=\"tatsu-row-wrap  tatsu-wrap tatsu-row-has-five-cols tatsu-medium-gutter tatsu-reg-cols  tatsu-clearfix tatsu-SJliO3Hc_t\" ><div  class=\"tatsu-row \" ><div  class=\"tatsu-column  tatsu-bg-overlay tatsu-column-empty tatsu-one-fifth tatsu-column-image-none tatsu-column-effect-none  tatsu-HJWj_nrq_Y\"  data-parallax-speed=\"0\" style=\"\"><div class=\"tatsu-column-inner \" ><div class=\"tatsu-column-pad-wrap\"><div class=\"tatsu-column-pad\" ><\/div><\/div><div class = \"tatsu-column-bg-image-wrap\"><div class = \"tatsu-column-bg-image\" ><\/div><\/div><div class=\"tatsu-overlay tatsu-column-overlay tatsu-animate-none\" ><\/div><\/div><style>.tatsu-row > .tatsu-HJWj_nrq_Y.tatsu-column{width: 20%;}.tatsu-HJWj_nrq_Y.tatsu-column > .tatsu-column-inner > .tatsu-column-overlay{mix-blend-mode: normal;}.tatsu-HJWj_nrq_Y > .tatsu-column-inner > .tatsu-top-divider{z-index: 9999;}.tatsu-HJWj_nrq_Y > .tatsu-column-inner > .tatsu-bottom-divider{z-index: 9999;}.tatsu-HJWj_nrq_Y > .tatsu-column-inner > .tatsu-left-divider{z-index: 9999;}.tatsu-HJWj_nrq_Y > .tatsu-column-inner > .tatsu-right-divider{z-index: 9999;}@media only screen and (max-width:1377px) {.tatsu-row > .tatsu-HJWj_nrq_Y.tatsu-column{width: 20%;}}@media only screen and (min-width:768px) and (max-width: 1024px) {.tatsu-row > .tatsu-HJWj_nrq_Y.tatsu-column{width: 20%;}}@media only screen and (max-width: 767px) {.tatsu-row > .tatsu-HJWj_nrq_Y.tatsu-column{width: 100%;}}<\/style><\/div><div  class=\"tatsu-column  tatsu-bg-overlay tatsu-one-fifth tatsu-column-image-none tatsu-column-effect-none  tatsu-B1g1zhCNxc\"  data-parallax-speed=\"0\" style=\"\"><div class=\"tatsu-column-inner \" ><div class=\"tatsu-column-pad-wrap\"><div class=\"tatsu-column-pad\" ><div  class=\"tatsu-single-image tatsu-module align-center tatsu-image-lazyload tatsu-external-image tatsu-HkBh3B9OY  \" ><div class=\"tatsu-single-image-inner \" style=\"\" ><div class = \"tatsu-single-image-padding-wrap\" style = \"\" ><\/div><img class = \"tatsu-gradient-border\" data-src = \"https:\/\/afabaix.org\/wp-content\/uploads\/2021\/06\/Icones_AFABAIX_Alsheimer-copia.png\" alt =\" \"  src =\"data:image\/png;base64,iVBORw0KGgoAAAANSUhEUgAAAAEAAAABCAQAAAC1HAwCAAAAC0lEQVR42mNkYAAAAAYAAjCB0C8AAAAASUVORK5CYII=\"  \/><\/div><style>.tatsu-HkBh3B9OY{margin: 0px 0px 10px 0px;}.tatsu-HkBh3B9OY .tatsu-single-image-inner{border-style: solid;max-width: 30%;}.tatsu-HkBh3B9OY.tatsu-single-image{transform: translate3d(0px,0px, 0);}<\/style><\/div><div  class=\"tatsu-module tatsu-text-block-wrap tatsu-SkdjO2HcOt  \"><div class=\"tatsu-text-inner tatsu-align-center  clearfix\" ><style>.tatsu-SkdjO2HcOt.tatsu-text-block-wrap .tatsu-text-inner{width: 100%;text-align: center;}<\/style>\n<h6>CENTROS ALO\u00cfS<\/h6>\n<\/div><\/div><\/div><\/div><div class = \"tatsu-column-bg-image-wrap\"><div class = \"tatsu-column-bg-image\" ><\/div><\/div><div class=\"tatsu-overlay tatsu-column-overlay tatsu-animate-none\" ><\/div><a href=\"https:\/\/afabaix.org\/es\/centros-alois\/\" class=\"tatsu-col-overlay-link\"><\/a><\/div><style>.tatsu-row > .tatsu-B1g1zhCNxc.tatsu-column{width: 20%;}.tatsu-B1g1zhCNxc.tatsu-column > .tatsu-column-inner > .tatsu-column-overlay{mix-blend-mode: normal;}.tatsu-B1g1zhCNxc > .tatsu-column-inner > .tatsu-top-divider{z-index: 9999;}.tatsu-B1g1zhCNxc > .tatsu-column-inner > .tatsu-bottom-divider{z-index: 9999;}.tatsu-B1g1zhCNxc > .tatsu-column-inner > .tatsu-left-divider{z-index: 9999;}.tatsu-B1g1zhCNxc > .tatsu-column-inner > .tatsu-right-divider{z-index: 9999;}@media only screen and (max-width:1377px) {.tatsu-row > .tatsu-B1g1zhCNxc.tatsu-column{width: 20%;}}@media only screen and (min-width:768px) and (max-width: 1024px) {.tatsu-row > .tatsu-B1g1zhCNxc.tatsu-column{width: 20%;}}@media only screen and (max-width: 767px) {.tatsu-row > .tatsu-B1g1zhCNxc.tatsu-column{width: 100%;}}<\/style><\/div><div  class=\"tatsu-column  tatsu-bg-overlay tatsu-one-fifth tatsu-column-image-none tatsu-column-effect-none  tatsu-rJWJGnA4gq\"  data-parallax-speed=\"0\" style=\"\"><div class=\"tatsu-column-inner \" ><div class=\"tatsu-column-pad-wrap\"><div class=\"tatsu-column-pad\" ><div  class=\"tatsu-single-image tatsu-module align-center tatsu-image-lazyload tatsu-external-image tatsu-BylChr5dY  \" ><div class=\"tatsu-single-image-inner \" style=\"\" ><div class = \"tatsu-single-image-padding-wrap\" style = \"\" ><\/div><img class = \"tatsu-gradient-border\" data-src = \"https:\/\/afabaix.org\/wp-content\/uploads\/2021\/06\/Icones_AFABAIX_Serveis-copia.png\" alt =\" \"  src =\"data:image\/png;base64,iVBORw0KGgoAAAANSUhEUgAAAAEAAAABCAQAAAC1HAwCAAAAC0lEQVR42mNkYAAAAAYAAjCB0C8AAAAASUVORK5CYII=\"  \/><\/div><style>.tatsu-BylChr5dY{margin: 0px 0px 10px 0px;}.tatsu-BylChr5dY .tatsu-single-image-inner{border-style: solid;max-width: 31%;}.tatsu-BylChr5dY.tatsu-single-image{transform: translate3d(0px,0px, 0);}<\/style><\/div><div  class=\"tatsu-module tatsu-text-block-wrap tatsu-ryhpsAVe9  \"><div class=\"tatsu-text-inner tatsu-align-center  clearfix\" ><style>.tatsu-ryhpsAVe9.tatsu-text-block-wrap .tatsu-text-inner{width: 100%;text-align: center;}<\/style>\n<h6>ESPAIS FEM MEM\u00d2RIA<\/h6>\n<\/div><\/div><\/div><\/div><div class = \"tatsu-column-bg-image-wrap\"><div class = \"tatsu-column-bg-image\" ><\/div><\/div><div class=\"tatsu-overlay tatsu-column-overlay tatsu-animate-none\" ><\/div><a href=\"https:\/\/afabaix.org\/es\/espais-fem-memoria\/\" class=\"tatsu-col-overlay-link\"><\/a><\/div><style>.tatsu-row > .tatsu-rJWJGnA4gq.tatsu-column{width: 20%;}.tatsu-rJWJGnA4gq.tatsu-column > .tatsu-column-inner > .tatsu-column-overlay{mix-blend-mode: normal;}.tatsu-rJWJGnA4gq > .tatsu-column-inner > .tatsu-top-divider{z-index: 9999;}.tatsu-rJWJGnA4gq > .tatsu-column-inner > .tatsu-bottom-divider{z-index: 9999;}.tatsu-rJWJGnA4gq > .tatsu-column-inner > .tatsu-left-divider{z-index: 9999;}.tatsu-rJWJGnA4gq > .tatsu-column-inner > .tatsu-right-divider{z-index: 9999;}@media only screen and (max-width:1377px) {.tatsu-row > .tatsu-rJWJGnA4gq.tatsu-column{width: 20%;}}@media only screen and (min-width:768px) and (max-width: 1024px) {.tatsu-row > .tatsu-rJWJGnA4gq.tatsu-column{width: 20%;}}@media only screen and (max-width: 767px) {.tatsu-row > .tatsu-rJWJGnA4gq.tatsu-column{width: 100%;}}<\/style><\/div><div  class=\"tatsu-column  tatsu-bg-overlay tatsu-one-fifth tatsu-column-image-none tatsu-column-effect-none  tatsu-B1zyMnRVx5\"  data-parallax-speed=\"0\" style=\"\"><div class=\"tatsu-column-inner \" ><div class=\"tatsu-column-pad-wrap\"><div class=\"tatsu-column-pad\" ><div  class=\"tatsu-single-image tatsu-module align-center tatsu-image-lazyload tatsu-external-image tatsu-B1t6sCElc  \" ><div class=\"tatsu-single-image-inner \" style=\"\" ><div class = \"tatsu-single-image-padding-wrap\" style = \"\" ><\/div><img class = \"tatsu-gradient-border\" data-src = \"https:\/\/afabaix.org\/wp-content\/uploads\/2021\/06\/Icones_AFABAIX_Espai_Memoria.png\" alt =\" \"  src =\"data:image\/png;base64,iVBORw0KGgoAAAANSUhEUgAAAAEAAAABCAQAAAC1HAwCAAAAC0lEQVR42mNkYAAAAAYAAjCB0C8AAAAASUVORK5CYII=\"  \/><\/div><style>.tatsu-B1t6sCElc{margin: 0px 0px 10px 0px;}.tatsu-B1t6sCElc .tatsu-single-image-inner{border-style: solid;max-width: 30%;}.tatsu-B1t6sCElc.tatsu-single-image{transform: translate3d(0px,0px, 0);}<\/style><\/div><div  class=\"tatsu-module tatsu-text-block-wrap tatsu-Hyss_3HcuY  \"><div class=\"tatsu-text-inner tatsu-align-center  clearfix\" ><style>.tatsu-Hyss_3HcuY.tatsu-text-block-wrap .tatsu-text-inner{width: 100%;text-align: center;}<\/style>\n<h6>AULAS DE MEMORIA<\/h6>\n<\/div><\/div><\/div><\/div><div class = \"tatsu-column-bg-image-wrap\"><div class = \"tatsu-column-bg-image\" ><\/div><\/div><div class=\"tatsu-overlay tatsu-column-overlay tatsu-animate-none\" ><\/div><a href=\"https:\/\/afabaix.org\/es\/aulas-de-memoria\/\" class=\"tatsu-col-overlay-link\"><\/a><\/div><style>.tatsu-row > .tatsu-B1zyMnRVx5.tatsu-column{width: 20%;}.tatsu-B1zyMnRVx5.tatsu-column > .tatsu-column-inner > .tatsu-column-overlay{mix-blend-mode: normal;}.tatsu-B1zyMnRVx5 > .tatsu-column-inner > .tatsu-top-divider{z-index: 9999;}.tatsu-B1zyMnRVx5 > .tatsu-column-inner > .tatsu-bottom-divider{z-index: 9999;}.tatsu-B1zyMnRVx5 > .tatsu-column-inner > .tatsu-left-divider{z-index: 9999;}.tatsu-B1zyMnRVx5 > .tatsu-column-inner > .tatsu-right-divider{z-index: 9999;}@media only screen and (max-width:1377px) {.tatsu-row > .tatsu-B1zyMnRVx5.tatsu-column{width: 20%;}}@media only screen and (min-width:768px) and (max-width: 1024px) {.tatsu-row > .tatsu-B1zyMnRVx5.tatsu-column{width: 20%;}}@media only screen and (max-width: 767px) {.tatsu-row > .tatsu-B1zyMnRVx5.tatsu-column{width: 100%;}}<\/style><\/div><div  class=\"tatsu-column  tatsu-bg-overlay tatsu-column-empty tatsu-one-fifth tatsu-column-image-none tatsu-column-effect-none  tatsu-BkXyG20Ngc\"  data-parallax-speed=\"0\" style=\"\"><div class=\"tatsu-column-inner \" ><div class=\"tatsu-column-pad-wrap\"><div class=\"tatsu-column-pad\" ><\/div><\/div><div class = \"tatsu-column-bg-image-wrap\"><div class = \"tatsu-column-bg-image\" ><\/div><\/div><div class=\"tatsu-overlay tatsu-column-overlay tatsu-animate-none\" ><\/div><\/div><style>.tatsu-row > .tatsu-BkXyG20Ngc.tatsu-column{width: 20%;}.tatsu-BkXyG20Ngc.tatsu-column > .tatsu-column-inner > .tatsu-column-overlay{mix-blend-mode: normal;}.tatsu-BkXyG20Ngc > .tatsu-column-inner > .tatsu-top-divider{z-index: 9999;}.tatsu-BkXyG20Ngc > .tatsu-column-inner > .tatsu-bottom-divider{z-index: 9999;}.tatsu-BkXyG20Ngc > .tatsu-column-inner > .tatsu-left-divider{z-index: 9999;}.tatsu-BkXyG20Ngc > .tatsu-column-inner > .tatsu-right-divider{z-index: 9999;}@media only screen and (max-width:1377px) {.tatsu-row > .tatsu-BkXyG20Ngc.tatsu-column{width: 20%;}}@media only screen and (min-width:768px) and (max-width: 1024px) {.tatsu-row > .tatsu-BkXyG20Ngc.tatsu-column{width: 20%;}}@media only screen and (max-width: 767px) {.tatsu-row > .tatsu-BkXyG20Ngc.tatsu-column{width: 100%;}}<\/style><\/div><\/div><\/div><\/div><div class=\"tatsu-section-background-wrap\"><div class = \"tatsu-section-background\" ><\/div><\/div><div class=\"tatsu-overlay tatsu-section-overlay\"><\/div><style>.tatsu-BJs_nH9_t .tatsu-section-pad{padding: 45px 0px 2px 0px;}.tatsu-BJs_nH9_t .tatsu-section-offset-wrap{transform: translateY(-0px);}.tatsu-BJs_nH9_t > .tatsu-bottom-divider{z-index: 9999;}.tatsu-BJs_nH9_t > .tatsu-top-divider{z-index: 9999;}.tatsu-BJs_nH9_t .tatsu-section-overlay{mix-blend-mode: normal;}<\/style><\/div><div  class=\"tatsu-rymKXnB5dY tatsu-section  tatsu-bg-overlay   tatsu-clearfix\" data-title=\"\"  data-headerscheme=\"background--dark\"><div class='tatsu-section-pad clearfix' data-padding='{\"d\":\"45px 0px 90px 0px\",\"m\":\"65px 0px 90px 0px\"}' data-padding-top='65px'><div class=\"tatsu-row-wrap  tatsu-wrap tatsu-row-one-col tatsu-row-has-one-cols tatsu-medium-gutter tatsu-reg-cols  tatsu-clearfix tatsu-BJ4KQnBcdK\" ><div  class=\"tatsu-row \" ><div  class=\"tatsu-column  tatsu-bg-overlay tatsu-one-col tatsu-column-image-none tatsu-column-effect-none  tatsu-rkBY72H5Ot\"  data-parallax-speed=\"0\" style=\"\"><div class=\"tatsu-column-inner \" ><div class=\"tatsu-column-pad-wrap\"><div class=\"tatsu-column-pad\" ><div  class=\"tatsu-module tatsu-text-block-wrap tatsu-rkletXK19  \"><div class=\"tatsu-text-inner tatsu-align-center  clearfix\" ><style>.tatsu-rkletXK19.tatsu-text-block-wrap .tatsu-text-inner{width: 100%;text-align: left;}<\/style>\n<p>Para atender a los enfermos de Alzheimer durante las diferentes etapas de la enfermedad, la AFA Baix Llobregat gestiona varios Centros. Cada Centro tiene un perfil determinado pero siempre trabajamos con el m\u00e1ximo respeto, empat\u00eda y profesionalidad, y,\u00a0 obviamente, sin sujeciones ni f\u00edsicas ni farmacol\u00f3gicas, y bajo el prisma de la Atenci\u00f3n Centrada en la Persona.<\/p>\n<ul>\n<li>Los <strong>Centros Alois<\/strong> son la joya de la corona de la AFA, Centros de D\u00eda especializados en Estimulaci\u00f3n Cognitiva y Descarga Familiar en los que las personas con alguna enfermedad neurodegenerativa son atendidas por amables profesionales del sector desde las 9 de la ma\u00f1ana a las 18 de la tarde. En ellos se aplican todos los programas de estimulaci\u00f3n existentes que han demostrado su eficacia, desde la Terapia asistida con animales a la realidad virtual. Se sirve el desayuno, almuerzo y merienda y tambi\u00e9n se ofrecen servicios extras como el de ducha, podolog\u00eda o peluquer\u00eda. Estos Centros estan pensados para personas en etapas leves y moderadas de la enfermedad.<\/li>\n<li>El <strong>Espai Fem Mem\u00f2ria<\/strong> es un Centro de atenci\u00f3n especializada dirigido a personas mayores que comienzan a tener alg\u00fan problema de memoria, que se encuentran en fases iniciales de alguna enfermedad neurodegenerativa o que sufren deterioro cognitivo leve derivado de otras patolog\u00edas. Personas aut\u00f3nomas en las actividades de la vida diaria que tengan necesidad de sentirse activas. Es un recurso previo al Centro de D\u00eda en el que se realizan varios programas y actividades que buscan ralentizar el proceso neurodegenerativo y mejorar la calidad de vida y el bienestar emocional de los afectados.<\/li>\n<li>Las <strong>Aulas de Memoria<\/strong> de la AFA Baix Llobregat est\u00e1n ubicadas en un espacio anexo a los centros Alois y est\u00e1n dirigidas a enfermos de Alzheimer o afectados por otros tipos de demencia en fases iniciales, con el objetivo -entre otros- de proporcionar a cada enfermo\/a la estimulaci\u00f3n que necesita seg\u00fan sus capacidades, ofreciendo un repertorio diverso, innovador y ameno de actividades de estimulaci\u00f3n cognitiva, siempre con material de calidad y lo menos infantil posible y de la mano de una psic\u00f3loga. Se trabaja con ordenadores de pantalla t\u00e1ctil en los que se ha instalado el programa inform\u00e1tico Gradior, que permite a los usuarios llevar a cabo las tareas que planificamos de forma muy sencilla, a pesar de no tener conocimientos previos de inform\u00e1tica.<\/li>\n<\/ul>\n<p>Pod\u00e9is encontrar m\u00e1s informaci\u00f3n clicando en los iconos de cada Centro.<\/p>\n<\/div><\/div><\/div><\/div><div class = \"tatsu-column-bg-image-wrap\"><div class = \"tatsu-column-bg-image\" ><\/div><\/div><div class=\"tatsu-overlay tatsu-column-overlay tatsu-animate-none\" ><\/div><\/div><style>.tatsu-row > .tatsu-rkBY72H5Ot.tatsu-column{width: 100%;}.tatsu-rkBY72H5Ot.tatsu-column > .tatsu-column-inner > .tatsu-column-overlay{mix-blend-mode: normal;}.tatsu-rkBY72H5Ot > .tatsu-column-inner > .tatsu-top-divider{z-index: 9999;}.tatsu-rkBY72H5Ot > .tatsu-column-inner > .tatsu-bottom-divider{z-index: 9999;}.tatsu-rkBY72H5Ot > .tatsu-column-inner > .tatsu-left-divider{z-index: 9999;}.tatsu-rkBY72H5Ot > .tatsu-column-inner > .tatsu-right-divider{z-index: 9999;}<\/style><\/div><\/div><\/div><\/div><div class=\"tatsu-section-background-wrap\"><div class = \"tatsu-section-background\" ><\/div><\/div><div class=\"tatsu-overlay tatsu-section-overlay\"><\/div><style>.tatsu-rymKXnB5dY .tatsu-section-pad{padding: 45px 0px 90px 0px;}.tatsu-rymKXnB5dY > .tatsu-bottom-divider{z-index: 9999;}.tatsu-rymKXnB5dY > .tatsu-top-divider{z-index: 9999;}.tatsu-rymKXnB5dY .tatsu-section-overlay{mix-blend-mode: normal;}@media only screen and (max-width: 767px) {.tatsu-rymKXnB5dY .tatsu-section-pad{padding: 65px 0px 90px 0px;}}<\/style><\/div>\n","protected":false},"excerpt":{"rendered":"<div><a href=\"https:\/\/afabaix.org\/es\/centros\/\" class=\"exp-read-more exp-read-more-underlined\">Read More<\/a><\/div>\n","protected":false},"author":1,"featured_media":0,"parent":0,"menu_order":0,"comment_status":"closed","ping_status":"closed","template":"","meta":{"footnotes":""},"class_list":["post-23280","page","type-page","status-publish","hentry"],"_links":{"self":[{"href":"https:\/\/afabaix.org\/es\/wp-json\/wp\/v2\/pages\/23280","targetHints":{"allow":["GET"]}}],"collection":[{"href":"https:\/\/afabaix.org\/es\/wp-json\/wp\/v2\/pages"}],"about":[{"href":"https:\/\/afabaix.org\/es\/wp-json\/wp\/v2\/types\/page"}],"author":[{"embeddable":true,"href":"https:\/\/afabaix.org\/es\/wp-json\/wp\/v2\/users\/1"}],"replies":[{"embeddable":true,"href":"https:\/\/afabaix.org\/es\/wp-json\/wp\/v2\/comments?post=23280"}],"version-history":[{"count":7,"href":"https:\/\/afabaix.org\/es\/wp-json\/wp\/v2\/pages\/23280\/revisions"}],"predecessor-version":[{"id":28522,"href":"https:\/\/afabaix.org\/es\/wp-json\/wp\/v2\/pages\/23280\/revisions\/28522"}],"wp:attachment":[{"href":"https:\/\/afabaix.org\/es\/wp-json\/wp\/v2\/media?parent=23280"}],"curies":[{"name":"wp","href":"https:\/\/api.w.org\/{rel}","templated":true}]}}