
{"id":23492,"date":"2022-01-10T19:34:11","date_gmt":"2022-01-10T19:34:11","guid":{"rendered":"https:\/\/afabaix.org\/agenda-i-activitats\/"},"modified":"2022-01-25T13:49:50","modified_gmt":"2022-01-25T13:49:50","slug":"agenda-y-actvidades","status":"publish","type":"page","link":"https:\/\/afabaix.org\/es\/agenda-y-actvidades\/","title":{"rendered":"Agenda y actividades"},"content":{"rendered":"<div  class=\"tatsu-BkxYq-9hK tatsu-section  tatsu-bg-overlay   tatsu-clearfix\" data-title=\"\"  data-headerscheme=\"background--dark\"><div class='tatsu-section-pad clearfix' data-padding='{\"d\":\"320px 0px 25px 0px\",\"t\":\"200px 0px 38px 0px\"}' data-padding-top='320px'><div class=\"tatsu-row-wrap  tatsu-wrap tatsu-row-one-col tatsu-row-has-one-cols tatsu-medium-gutter tatsu-reg-cols  tatsu-clearfix tatsu-BylgYqbchK\" ><div  class=\"tatsu-row \" ><div  class=\"tatsu-column  tatsu-bg-overlay tatsu-one-col tatsu-column-align-bottom tatsu-column-image-none tatsu-column-effect-none  tatsu-r1blFq-93Y\"  data-parallax-speed=\"0\" style=\"\"><div class=\"tatsu-column-inner \" ><div class=\"tatsu-column-pad-wrap\"><div class=\"tatsu-column-pad\" ><div  class=\"tatsu-module tatsu-text-block-wrap tatsu-S1fet9Z5hF  \"><div class=\"tatsu-text-inner   clearfix\" ><style>.tatsu-S1fet9Z5hF.tatsu-text-block-wrap .tatsu-text-inner{width: 20%;text-align: left;background-color: rgba(241,145,3,1);padding: 0px 0px 0px 5px;color: rgba(255,255,255,1) ;}.tatsu-S1fet9Z5hF.tatsu-text-block-wrap{margin: 0px 0px 30px 5px;}.tatsu-S1fet9Z5hF .tatsu-text-inner *{color: rgba(255,255,255,1) ;}.tatsu-S1fet9Z5hF.tatsu-text-block-wrap .tatsu-text-inner *{font-family : \"Montserrat\",-apple-system,BlinkMacSystemFont,'Segoe UI',Roboto,Oxygen-Sans,Ubuntu,Cantarell,'Helvetica Neue',sans-serif;font-weight : 700;font-size : 36px;letter-spacing : 0px;}@media only screen and (max-width:1377px) {.tatsu-S1fet9Z5hF.tatsu-text-block-wrap .tatsu-text-inner{width: 21%;}}@media only screen and (min-width:768px) and (max-width: 1024px) {.tatsu-S1fet9Z5hF.tatsu-text-block-wrap .tatsu-text-inner{width: 33%;}}@media only screen and (max-width: 767px) {.tatsu-S1fet9Z5hF.tatsu-text-block-wrap .tatsu-text-inner{width: 83%;}}<\/style>\n<h2>Agenda<\/h2>\n<\/div><\/div><\/div><\/div><div class = \"tatsu-column-bg-image-wrap\"><div class = \"tatsu-column-bg-image\" ><\/div><\/div><div class=\"tatsu-overlay tatsu-column-overlay tatsu-animate-none\" ><\/div><\/div><style>.tatsu-row > .tatsu-r1blFq-93Y.tatsu-column{width: 100%;}.tatsu-r1blFq-93Y.tatsu-column > .tatsu-column-inner > .tatsu-column-overlay{mix-blend-mode: normal;}.tatsu-r1blFq-93Y > .tatsu-column-inner > .tatsu-top-divider{z-index: 9999;}.tatsu-r1blFq-93Y > .tatsu-column-inner > .tatsu-bottom-divider{z-index: 9999;}.tatsu-r1blFq-93Y > .tatsu-column-inner > .tatsu-left-divider{z-index: 9999;}.tatsu-r1blFq-93Y > .tatsu-column-inner > .tatsu-right-divider{z-index: 9999;}@media only screen and (max-width:1377px) {.tatsu-row > .tatsu-r1blFq-93Y.tatsu-column{width: 100%;}}@media only screen and (min-width:768px) and (max-width: 1024px) {.tatsu-row > .tatsu-r1blFq-93Y.tatsu-column{width: 100%;}}@media only screen and (max-width: 767px) {.tatsu-row > .tatsu-r1blFq-93Y.tatsu-column{width: 100%;}}<\/style><\/div><\/div><\/div><\/div><div class=\"tatsu-section-background-wrap\"><div class = \"tatsu-section-background\" ><\/div><\/div><div class=\"tatsu-overlay tatsu-section-overlay\"><\/div><style>.tatsu-BkxYq-9hK .tatsu-section-background{background-image: url(https:\/\/afabaix.org\/wp-content\/uploads\/2021\/09\/cursos2.jpg);background-repeat: no-repeat;background-attachment: scroll;background-position: center left;background-size: cover;}.tatsu-BkxYq-9hK .tatsu-bg-blur{background-repeat: no-repeat;background-attachment: scroll;background-position: center left;background-size: cover;}.tatsu-BkxYq-9hK .tatsu-section-pad{padding: 320px 0px 25px 0px;}.tatsu-BkxYq-9hK .tatsu-section-offset-wrap{transform: translateY(-0px);}.tatsu-BkxYq-9hK > .tatsu-bottom-divider{z-index: 9999;}.tatsu-BkxYq-9hK > .tatsu-top-divider{z-index: 9999;}.tatsu-BkxYq-9hK .tatsu-section-overlay{background: rgba(22,20,5,0.19);mix-blend-mode: normal;}@media only screen and (min-width:768px) and (max-width: 1024px) {.tatsu-BkxYq-9hK .tatsu-section-pad{padding: 200px 0px 38px 0px;}}<\/style><\/div><div  class=\"tatsu-BJ_5cZ92t tatsu-section  tatsu-bg-overlay   tatsu-clearfix\" data-title=\"\"  data-headerscheme=\"background--dark\"><div class='tatsu-section-pad clearfix' data-padding='{\"d\":\"45px 0px 2px 0px\"}' data-padding-top='45px'><div class=\"tatsu-row-wrap  tatsu-wrap tatsu-row-has-one-half tatsu-row-has-two-cols tatsu-medium-gutter tatsu-reg-cols  tatsu-clearfix tatsu-Bkl_99W5nF\" ><div  class=\"tatsu-row \" ><div  class=\"tatsu-column  tatsu-bg-overlay tatsu-one-half tatsu-column-image-none tatsu-column-effect-none  tatsu-HyZucqW5nt\"  data-parallax-speed=\"0\" style=\"\"><div class=\"tatsu-column-inner \" ><div class=\"tatsu-column-pad-wrap\"><div class=\"tatsu-column-pad\" ><div class=\"tatsu-row-wrap  tatsu-row-one-col tatsu-row-has-one-cols tatsu-medium-gutter tatsu-reg-cols tatsu-inner-row-wrap  tatsu-clearfix tatsu-HJzOcc-5hF\" ><div  class=\"tatsu-row \" ><div  class=\"tatsu-column  tatsu-bg-overlay tatsu-one-col tatsu-column-align-middle tatsu-column-image- tatsu-column-effect-  tatsu-S1QO95b52K\"  data-parallax-speed=\"0\" style=\"\"><div class=\"tatsu-column-inner \" ><div class=\"tatsu-column-pad-wrap\"><div class=\"tatsu-column-pad\" ><div  class=\"tatsu-module tatsu-normal-icon tatsu-icon-shortcode align-center tatsu-rJq_ccWc2t   \"><style>.tatsu-rJq_ccWc2t .tatsu-icon{color: rgba(241,145,3,1) ;}.tatsu-rJq_ccWc2t.tatsu-normal-icon{margin: 0px 0px 10px 0px;}.tatsu-rJq_ccWc2t{border-width: 0px 0px 0px 0px;}<\/style><a href=\"#\"  class=\"tatsu-icon-wrap plain  tatsu-animate    \" data-animation=\"fadeIn\"   aria-label=\"tatsu-icon-home2\" data-gdpr-atts={}   ><i class=\"tatsu-icon tatsu-custom-icon tatsu-custom-icon-class tatsu-icon-home2 large plain\"><\/i><\/a><\/div><div  class=\"tatsu-module tatsu-text-block-wrap tatsu-Hksdc9-53F  \"><div class=\"tatsu-text-inner tatsu-align-center  clearfix\" ><style>.tatsu-Hksdc9-53F.tatsu-text-block-wrap .tatsu-text-inner{width: 100%;text-align: center;}.tatsu-Hksdc9-53F.tatsu-text-block-wrap .tatsu-text-inner *{text-transform : uppercase;}<\/style>\n<h6><b>Actividades fijas<\/b><\/h6>\n<\/div><\/div><\/div><\/div><div class = \"tatsu-column-bg-image-wrap\"><div class = \"tatsu-column-bg-image\" ><\/div><\/div><div class=\"tatsu-overlay tatsu-column-overlay tatsu-animate-none\" ><\/div><a href=\"https:\/\/afabaix.org\/afabaix\/butlleti\/\" class=\"tatsu-col-overlay-link\"><\/a><\/div><style>.tatsu-row > .tatsu-S1QO95b52K.tatsu-column{width: 100%;}.tatsu-S1QO95b52K.tatsu-column > .tatsu-column-inner > .tatsu-column-overlay{mix-blend-mode: normal;}.tatsu-S1QO95b52K > .tatsu-column-inner > .tatsu-top-divider{z-index: 9999;}.tatsu-S1QO95b52K > .tatsu-column-inner > .tatsu-bottom-divider{z-index: 9999;}.tatsu-S1QO95b52K > .tatsu-column-inner > .tatsu-left-divider{z-index: 9999;}.tatsu-S1QO95b52K > .tatsu-column-inner > .tatsu-right-divider{z-index: 9999;}@media only screen and (max-width:1377px) {.tatsu-row > .tatsu-S1QO95b52K.tatsu-column{width: 100%;}}@media only screen and (min-width:768px) and (max-width: 1024px) {.tatsu-row > .tatsu-S1QO95b52K.tatsu-column{width: 100%;}}@media only screen and (max-width: 767px) {.tatsu-row > .tatsu-S1QO95b52K.tatsu-column{width: 100%;}}<\/style><\/div><\/div><\/div><\/div><\/div><div class = \"tatsu-column-bg-image-wrap\"><div class = \"tatsu-column-bg-image\" ><\/div><\/div><div class=\"tatsu-overlay tatsu-column-overlay tatsu-animate-none\" ><\/div><a href=\"https:\/\/afabaix.org\/es\/actividades-fijas-programadas\/\" class=\"tatsu-col-overlay-link\"><\/a><\/div><style>.tatsu-row > .tatsu-HyZucqW5nt.tatsu-column{width: 50%;}.tatsu-HyZucqW5nt.tatsu-column > .tatsu-column-inner > .tatsu-column-overlay{mix-blend-mode: normal;}.tatsu-HyZucqW5nt > .tatsu-column-inner > .tatsu-top-divider{z-index: 9999;}.tatsu-HyZucqW5nt > .tatsu-column-inner > .tatsu-bottom-divider{z-index: 9999;}.tatsu-HyZucqW5nt > .tatsu-column-inner > .tatsu-left-divider{z-index: 9999;}.tatsu-HyZucqW5nt > .tatsu-column-inner > .tatsu-right-divider{z-index: 9999;}@media only screen and (max-width:1377px) {.tatsu-row > .tatsu-HyZucqW5nt.tatsu-column{width: 50%;}}@media only screen and (min-width:768px) and (max-width: 1024px) {.tatsu-row > .tatsu-HyZucqW5nt.tatsu-column{width: 50%;}}@media only screen and (max-width: 767px) {.tatsu-row > .tatsu-HyZucqW5nt.tatsu-column{width: 100%;}}<\/style><\/div><div  class=\"tatsu-column  tatsu-bg-overlay tatsu-one-half tatsu-column-image-none tatsu-column-effect-none  tatsu-S1xhqqZchY\"  data-parallax-speed=\"0\" style=\"\"><div class=\"tatsu-column-inner \" ><div class=\"tatsu-column-pad-wrap\"><div class=\"tatsu-column-pad\" ><div  class=\"tatsu-module tatsu-normal-icon tatsu-icon-shortcode align-center tatsu-S1geu55-5ht   \"><style>.tatsu-S1geu55-5ht .tatsu-icon{color: rgba(241,145,3,1) ;}.tatsu-S1geu55-5ht.tatsu-normal-icon{margin: 0px 0px 10px 0px;}.tatsu-S1geu55-5ht{border-width: 0px 0px 0px 0px;}<\/style><a href=\"#\"  class=\"tatsu-icon-wrap plain  tatsu-animate    \" data-animation=\"fadeIn\"   aria-label=\"tatsu-icon-calendar2\" data-gdpr-atts={}   ><i class=\"tatsu-icon tatsu-custom-icon tatsu-custom-icon-class tatsu-icon-calendar2 large plain\"><\/i><\/a><\/div><div  class=\"tatsu-module tatsu-text-block-wrap tatsu-SkZg_59Z9hY  \"><div class=\"tatsu-text-inner tatsu-align-center  clearfix\" ><style>.tatsu-SkZg_59Z9hY.tatsu-text-block-wrap .tatsu-text-inner{width: 100%;text-align: center;}.tatsu-SkZg_59Z9hY.tatsu-text-block-wrap .tatsu-text-inner *{text-transform : uppercase;}<\/style>\n<h6><b>actos programados<\/b><\/h6>\n<\/div><\/div><\/div><\/div><div class = \"tatsu-column-bg-image-wrap\"><div class = \"tatsu-column-bg-image\" ><\/div><\/div><div class=\"tatsu-overlay tatsu-column-overlay tatsu-animate-none\" ><\/div><a href=\"https:\/\/afabaix.org\/es\/agenda\/\" class=\"tatsu-col-overlay-link\"><\/a><\/div><style>.tatsu-row > .tatsu-S1xhqqZchY.tatsu-column{width: 50%;}.tatsu-S1xhqqZchY.tatsu-column > .tatsu-column-inner > .tatsu-column-overlay{mix-blend-mode: normal;}.tatsu-S1xhqqZchY > .tatsu-column-inner > .tatsu-top-divider{z-index: 9999;}.tatsu-S1xhqqZchY > .tatsu-column-inner > .tatsu-bottom-divider{z-index: 9999;}.tatsu-S1xhqqZchY > .tatsu-column-inner > .tatsu-left-divider{z-index: 9999;}.tatsu-S1xhqqZchY > .tatsu-column-inner > .tatsu-right-divider{z-index: 9999;}@media only screen and (max-width:1377px) {.tatsu-row > .tatsu-S1xhqqZchY.tatsu-column{width: 50%;}}@media only screen and (min-width:768px) and (max-width: 1024px) {.tatsu-row > .tatsu-S1xhqqZchY.tatsu-column{width: 50%;}}@media only screen and (max-width: 767px) {.tatsu-row > .tatsu-S1xhqqZchY.tatsu-column{width: 100%;}}<\/style><\/div><\/div><\/div><\/div><div class=\"tatsu-section-background-wrap\"><div class = \"tatsu-section-background\" ><\/div><\/div><div class=\"tatsu-overlay tatsu-section-overlay\"><\/div><style>.tatsu-BJ_5cZ92t .tatsu-section-pad{padding: 45px 0px 2px 0px;}.tatsu-BJ_5cZ92t .tatsu-section-offset-wrap{transform: translateY(-0px);}.tatsu-BJ_5cZ92t > .tatsu-bottom-divider{z-index: 9999;}.tatsu-BJ_5cZ92t > .tatsu-top-divider{z-index: 9999;}.tatsu-BJ_5cZ92t .tatsu-section-overlay{mix-blend-mode: normal;}<\/style><\/div><div  class=\"tatsu-BkmxYqZ5nY tatsu-section  tatsu-bg-overlay   tatsu-clearfix\" data-title=\"\"  data-headerscheme=\"background--dark\"><div class='tatsu-section-pad clearfix' data-padding='{\"d\":\"31px 0px 90px 0px\",\"m\":\"65px 0px 90px 0px\"}' data-padding-top='65px'><div class=\"tatsu-row-wrap  tatsu-wrap tatsu-row-one-col tatsu-row-has-one-cols tatsu-medium-gutter tatsu-reg-cols  tatsu-clearfix tatsu-H1ElKcb5nY\" ><div  class=\"tatsu-row \" ><div  class=\"tatsu-column  tatsu-bg-overlay tatsu-one-col tatsu-column-image-none tatsu-column-effect-none  tatsu-S1Bet5bqnF\"  data-parallax-speed=\"0\" style=\"\"><div class=\"tatsu-column-inner \" ><div class=\"tatsu-column-pad-wrap\"><div class=\"tatsu-column-pad\" ><div  class=\"tatsu-module tatsu-text-block-wrap tatsu-By8eF5-cht  \"><div class=\"tatsu-text-inner tatsu-align-center  clearfix\" ><style>.tatsu-By8eF5-cht.tatsu-text-block-wrap .tatsu-text-inner{width: 100%;text-align: left;}<\/style>\n<p>La AFA Baix Llobregat organiza una serie de actividades para difundir la enfermedad, concienciar a la sociedad, recaudar fondos para llevar a cabo su actividad, y para formar y ofrecer recreo y respiro a cuidadores\u00a0 y cuidadoras de enfermos y enfermas de Alzheimer.<\/p>\n<p>En esta secci\u00f3n puede consultar las actividades fijas programadas (talleres y grupos de apoyo peri\u00f3dicos) en las diferentes poblaciones de la comarca, as\u00ed como los actos puntuales que la AFA vaya organizando.<\/p>\n<\/div><\/div><\/div><\/div><div class = \"tatsu-column-bg-image-wrap\"><div class = \"tatsu-column-bg-image\" ><\/div><\/div><div class=\"tatsu-overlay tatsu-column-overlay tatsu-animate-none\" ><\/div><\/div><style>.tatsu-row > .tatsu-S1Bet5bqnF.tatsu-column{width: 100%;}.tatsu-S1Bet5bqnF.tatsu-column > .tatsu-column-inner > .tatsu-column-overlay{mix-blend-mode: normal;}.tatsu-S1Bet5bqnF > .tatsu-column-inner > .tatsu-top-divider{z-index: 9999;}.tatsu-S1Bet5bqnF > .tatsu-column-inner > .tatsu-bottom-divider{z-index: 9999;}.tatsu-S1Bet5bqnF > .tatsu-column-inner > .tatsu-left-divider{z-index: 9999;}.tatsu-S1Bet5bqnF > .tatsu-column-inner > .tatsu-right-divider{z-index: 9999;}<\/style><\/div><\/div><\/div><\/div><div class=\"tatsu-section-background-wrap\"><div class = \"tatsu-section-background\" ><\/div><\/div><div class=\"tatsu-overlay tatsu-section-overlay\"><\/div><style>.tatsu-BkmxYqZ5nY .tatsu-section-pad{padding: 31px 0px 90px 0px;}.tatsu-BkmxYqZ5nY > .tatsu-bottom-divider{z-index: 9999;}.tatsu-BkmxYqZ5nY > .tatsu-top-divider{z-index: 9999;}.tatsu-BkmxYqZ5nY .tatsu-section-overlay{mix-blend-mode: normal;}@media only screen and (max-width: 767px) {.tatsu-BkmxYqZ5nY .tatsu-section-pad{padding: 65px 0px 90px 0px;}}<\/style><\/div>\n","protected":false},"excerpt":{"rendered":"<div><a href=\"https:\/\/afabaix.org\/es\/agenda-y-actvidades\/\" class=\"exp-read-more exp-read-more-underlined\">Read More<\/a><\/div>\n","protected":false},"author":1,"featured_media":0,"parent":0,"menu_order":0,"comment_status":"closed","ping_status":"closed","template":"","meta":{"footnotes":""},"class_list":["post-23492","page","type-page","status-publish","hentry"],"_links":{"self":[{"href":"https:\/\/afabaix.org\/es\/wp-json\/wp\/v2\/pages\/23492","targetHints":{"allow":["GET"]}}],"collection":[{"href":"https:\/\/afabaix.org\/es\/wp-json\/wp\/v2\/pages"}],"about":[{"href":"https:\/\/afabaix.org\/es\/wp-json\/wp\/v2\/types\/page"}],"author":[{"embeddable":true,"href":"https:\/\/afabaix.org\/es\/wp-json\/wp\/v2\/users\/1"}],"replies":[{"embeddable":true,"href":"https:\/\/afabaix.org\/es\/wp-json\/wp\/v2\/comments?post=23492"}],"version-history":[{"count":6,"href":"https:\/\/afabaix.org\/es\/wp-json\/wp\/v2\/pages\/23492\/revisions"}],"predecessor-version":[{"id":23620,"href":"https:\/\/afabaix.org\/es\/wp-json\/wp\/v2\/pages\/23492\/revisions\/23620"}],"wp:attachment":[{"href":"https:\/\/afabaix.org\/es\/wp-json\/wp\/v2\/media?parent=23492"}],"curies":[{"name":"wp","href":"https:\/\/api.w.org\/{rel}","templated":true}]}}