
{"id":23953,"date":"2022-02-24T10:09:09","date_gmt":"2022-02-24T10:09:09","guid":{"rendered":"https:\/\/afabaix.org\/aules-de-memoria\/"},"modified":"2025-03-12T13:14:36","modified_gmt":"2025-03-12T13:14:36","slug":"aulas-de-memoria","status":"publish","type":"page","link":"https:\/\/afabaix.org\/es\/aulas-de-memoria\/","title":{"rendered":"Aulas de Memoria"},"content":{"rendered":"<div  class=\"tatsu-ByavYCEeq tatsu-section  tatsu-bg-overlay   tatsu-clearfix\" data-title=\"\"  data-headerscheme=\"background--dark\"><div class='tatsu-section-pad clearfix' data-padding='{\"d\":\"320px 0px 25px 0px\",\"t\":\"200px 0px 38px 0px\"}' data-padding-top='320px'><div class=\"tatsu-row-wrap  tatsu-wrap tatsu-row-one-col tatsu-row-has-one-cols tatsu-medium-gutter tatsu-reg-cols  tatsu-clearfix tatsu-HkeawKCNlc\" ><div  class=\"tatsu-row \" ><div  class=\"tatsu-column  tatsu-bg-overlay tatsu-one-col tatsu-column-align-bottom tatsu-column-image-none tatsu-column-effect-none  tatsu-r1WpPFREec\"  data-parallax-speed=\"0\" style=\"\"><div class=\"tatsu-column-inner \" ><div class=\"tatsu-column-pad-wrap\"><div class=\"tatsu-column-pad\" ><div  class=\"tatsu-module tatsu-text-block-wrap tatsu-S1MTwYCEl5  \"><div class=\"tatsu-text-inner   clearfix\" ><style>.tatsu-S1MTwYCEl5.tatsu-text-block-wrap .tatsu-text-inner{width: 37%;text-align: left;background-color: rgba(241,145,3,1);padding: 0px 0px 0px 5px;color: rgba(255,255,255,1) ;}.tatsu-S1MTwYCEl5.tatsu-text-block-wrap{margin: 0px 0px 30px 5px;}.tatsu-S1MTwYCEl5 .tatsu-text-inner *{color: rgba(255,255,255,1) ;}.tatsu-S1MTwYCEl5.tatsu-text-block-wrap .tatsu-text-inner *{font-family : \"Montserrat\",-apple-system,BlinkMacSystemFont,'Segoe UI',Roboto,Oxygen-Sans,Ubuntu,Cantarell,'Helvetica Neue',sans-serif;font-weight : 700;font-size : 36px;letter-spacing : 0px;}@media only screen and (max-width:1377px) {.tatsu-S1MTwYCEl5.tatsu-text-block-wrap .tatsu-text-inner{width: 21%;}}@media only screen and (min-width:768px) and (max-width: 1024px) {.tatsu-S1MTwYCEl5.tatsu-text-block-wrap .tatsu-text-inner{width: 33%;}}@media only screen and (max-width: 767px) {.tatsu-S1MTwYCEl5.tatsu-text-block-wrap .tatsu-text-inner{width: 83%;}}<\/style>\n<h2>Aulas de memoria<\/h2>\n<\/div><\/div><\/div><\/div><div class = \"tatsu-column-bg-image-wrap\"><div class = \"tatsu-column-bg-image\" ><\/div><\/div><div class=\"tatsu-overlay tatsu-column-overlay tatsu-animate-none\" ><\/div><\/div><style>.tatsu-row > .tatsu-r1WpPFREec.tatsu-column{width: 100%;}.tatsu-r1WpPFREec.tatsu-column > .tatsu-column-inner > .tatsu-column-overlay{mix-blend-mode: normal;}.tatsu-r1WpPFREec > .tatsu-column-inner > .tatsu-top-divider{z-index: 9999;}.tatsu-r1WpPFREec > .tatsu-column-inner > .tatsu-bottom-divider{z-index: 9999;}.tatsu-r1WpPFREec > .tatsu-column-inner > .tatsu-left-divider{z-index: 9999;}.tatsu-r1WpPFREec > .tatsu-column-inner > .tatsu-right-divider{z-index: 9999;}@media only screen and (max-width:1377px) {.tatsu-row > .tatsu-r1WpPFREec.tatsu-column{width: 100%;}}@media only screen and (min-width:768px) and (max-width: 1024px) {.tatsu-row > .tatsu-r1WpPFREec.tatsu-column{width: 100%;}}@media only screen and (max-width: 767px) {.tatsu-row > .tatsu-r1WpPFREec.tatsu-column{width: 100%;}}<\/style><\/div><\/div><\/div><\/div><div class=\"tatsu-section-background-wrap\"><div class = \"tatsu-section-background\" ><\/div><\/div><div class=\"tatsu-overlay tatsu-section-overlay\"><\/div><style>.tatsu-ByavYCEeq .tatsu-section-background{background-image: url(https:\/\/afabaix.org\/wp-content\/uploads\/2021\/09\/banner_3.jpg);background-repeat: no-repeat;background-attachment: scroll;background-position: center left;background-size: cover;}.tatsu-ByavYCEeq .tatsu-bg-blur{background-repeat: no-repeat;background-attachment: scroll;background-position: center left;background-size: cover;}.tatsu-ByavYCEeq .tatsu-section-pad{padding: 320px 0px 25px 0px;}.tatsu-ByavYCEeq .tatsu-section-offset-wrap{transform: translateY(-0px);}.tatsu-ByavYCEeq > .tatsu-bottom-divider{z-index: 9999;}.tatsu-ByavYCEeq > .tatsu-top-divider{z-index: 9999;}.tatsu-ByavYCEeq .tatsu-section-overlay{background: rgba(22,20,5,0.19);mix-blend-mode: normal;}@media only screen and (min-width:768px) and (max-width: 1024px) {.tatsu-ByavYCEeq .tatsu-section-pad{padding: 200px 0px 38px 0px;}}<\/style><\/div><div  class=\"tatsu-S1mTDYREx5 tatsu-section  tatsu-bg-overlay   tatsu-clearfix\" data-title=\"\"  data-headerscheme=\"background--dark\"><div class='tatsu-section-pad clearfix' data-padding='{\"d\":\"90px 0px 90px 0px\",\"m\":\"65px 0px 90px 0px\"}' data-padding-top='65px'><div class=\"tatsu-row-wrap  tatsu-wrap tatsu-row-one-col tatsu-row-has-one-cols tatsu-medium-gutter tatsu-reg-cols  tatsu-clearfix tatsu-BJETPFRVlc\" ><div  class=\"tatsu-row \" ><div  class=\"tatsu-column  tatsu-bg-overlay tatsu-one-col tatsu-column-image-none tatsu-column-effect-none  tatsu-HJBpPKCVg9\"  data-parallax-speed=\"0\" style=\"\"><div class=\"tatsu-column-inner \" ><div class=\"tatsu-column-pad-wrap\"><div class=\"tatsu-column-pad\" ><div  class=\"tatsu-module tatsu-text-block-wrap tatsu-H1U6vtR4e5  \"><div class=\"tatsu-text-inner tatsu-align-center  clearfix\" ><style>.tatsu-H1U6vtR4e5.tatsu-text-block-wrap .tatsu-text-inner{width: 100%;text-align: left;}<\/style>\n<p>Las\u00a0<strong>Aulas de Memoria<\/strong> de la <strong>AFA Baix Llobregat<\/strong> <span class=\"VIiyi\" lang=\"es\"><span class=\"JLqJ4b\" data-language-for-alternatives=\"es\" data-language-to-translate-into=\"ca\" data-phrase-index=\"0\" data-number-of-phrases=\"1\">son un recurso dirigido a personas con Alzheimer \u2013 o afectadas por otros tipos de demencia- que se encuentren en fases iniciales de su enfermedad.<\/span><\/span><\/p>\n<p><span class=\"VIiyi\" lang=\"es\"><span class=\"JLqJ4b\" data-language-for-alternatives=\"es\" data-language-to-translate-into=\"ca\" data-phrase-index=\"0\" data-number-of-phrases=\"1\"> Es un espacio anexo a los Centros Alois en el que se trabaja para mantener las capacidades cognitivas de la persona afectada, y\/o retrasar su deterioro, siempre seg\u00fan las necesidades y posibilidades de los afectados.<\/span><\/span><\/p>\n<p><span class=\"VIiyi\" lang=\"es\"><span class=\"JLqJ4b\" data-language-for-alternatives=\"es\" data-language-to-translate-into=\"ca\" data-phrase-index=\"0\" data-number-of-phrases=\"1\"> Cada Aula es gestionada por una psic\u00f3loga, que es la encargada de realizar las valoraciones iniciales y de realizar el seguimiento para establecer una planificaci\u00f3n de actividades adecuadas a las capacidades que mantiene cada persona, ofreciendo un repertorio diverso, innovador y ameno de\u00a0 actividades de estimulaci\u00f3n cognitiva, trabajando siempre con material de calidad y lo menos infantil posible.<\/span><\/span><\/p>\n<p><span class=\"VIiyi\" lang=\"es\"><span class=\"JLqJ4b\" data-language-for-alternatives=\"es\" data-language-to-translate-into=\"ca\" data-phrase-index=\"0\" data-number-of-phrases=\"1\"> Las Aulas de Memoria disponen de ordenadores con pantalla t\u00e1ctil en los que est\u00e1 instalado el programa inform\u00e1tico Gradior (software de \u00faltima generaci\u00f3n de rehabilitaci\u00f3n neuropsicol\u00f3gica del deterioro cognitivo) que permite a los usuarios realizar las tareas que planificamos de forma muy sencilla, sin tener conocimientos previos de inform\u00e1tica. <\/span><\/span><\/p>\n<p><span class=\"VIiyi\" lang=\"es\"><span class=\"JLqJ4b\" data-language-for-alternatives=\"es\" data-language-to-translate-into=\"ca\" data-phrase-index=\"0\" data-number-of-phrases=\"1\">Los usuarios asisten regularmente de dos a cinco horas a la semana y la metodolog\u00eda que siguen en la\u00a0 Aula se basa en sesiones de una hora que constan de 45 minutos de trabajo con el Programa Gradior, m\u00e1s 15 minutos de estimulaci\u00f3n escrita, en los que cada usuario trabaja con su propio cuaderno. Adem\u00e1s, tambi\u00e9n se ejercita con estimulaci\u00f3n oral para fomentar la socializaci\u00f3n (d\u00edas alternos).<\/span><\/span><\/p>\n<p>\u00a0<\/p>\n<p><span class=\"VIiyi\" lang=\"es\"><span class=\"JLqJ4b\" data-language-for-alternatives=\"es\" data-language-to-translate-into=\"ca\" data-phrase-index=\"0\" data-number-of-phrases=\"1\"><strong>Objetivos generales<\/strong><\/span><\/span><\/p>\n<ul>\n<li><span class=\"VIiyi\" lang=\"es\"><span class=\"JLqJ4b\" data-language-for-alternatives=\"es\" data-language-to-translate-into=\"ca\" data-phrase-index=\"0\" data-number-of-phrases=\"1\"> Estimular las capacidades preservadas del enfermo, potenciando el m\u00e1ximo rendimiento cognitivo posible para frenar su proceso degenerativo.<\/span><\/span><\/li>\n<li><span class=\"VIiyi\" lang=\"es\"><span class=\"JLqJ4b\" data-language-for-alternatives=\"es\" data-language-to-translate-into=\"ca\" data-phrase-index=\"0\" data-number-of-phrases=\"1\">Ofrecer respiro y tiempo libre a las familias cuidadoras.<\/span><\/span><\/li>\n<li><span class=\"VIiyi\" lang=\"es\"><span class=\"JLqJ4b\" data-language-for-alternatives=\"es\" data-language-to-translate-into=\"ca\" data-phrase-index=\"0\" data-number-of-phrases=\"1\"> Ofrecer soporte, asesoramiento e informaci\u00f3n a cuidadores y cuidadoras formales e informales.<\/span><\/span><\/li>\n<li><span class=\"VIiyi\" lang=\"es\"><span class=\"JLqJ4b\" data-language-for-alternatives=\"es\" data-language-to-translate-into=\"ca\" data-phrase-index=\"0\" data-number-of-phrases=\"1\"> Ayudar al enfermo a mantener una vida que sea lo m\u00e1s aut\u00f3noma, digna y satisfactoria posible.<\/span><\/span><\/li>\n<li><span class=\"VIiyi\" lang=\"es\"><span class=\"JLqJ4b\" data-language-for-alternatives=\"es\" data-language-to-translate-into=\"ca\" data-phrase-index=\"0\" data-number-of-phrases=\"1\"> Aumentar la autoestima y el sentimiento de utilidad de los usuarios. <\/span><\/span><\/li>\n<li><span class=\"VIiyi\" lang=\"es\"><span class=\"JLqJ4b\" data-language-for-alternatives=\"es\" data-language-to-translate-into=\"ca\" data-phrase-index=\"0\" data-number-of-phrases=\"1\">Fomentar el bienestar emocional de los usuarios reduciendo las respuestas de ansiedad y depresi\u00f3n. <\/span><\/span><\/li>\n<li><span class=\"VIiyi\" lang=\"es\"><span class=\"JLqJ4b\" data-language-for-alternatives=\"es\" data-language-to-translate-into=\"ca\" data-phrase-index=\"0\" data-number-of-phrases=\"1\">Evitar o disminuir conductas inadecuadas. <\/span><\/span><\/li>\n<li><span class=\"VIiyi\" lang=\"es\"><span class=\"JLqJ4b\" data-language-for-alternatives=\"es\" data-language-to-translate-into=\"ca\" data-phrase-index=\"0\" data-number-of-phrases=\"1\">Seguimiento de un usuario desde una fase inicial hasta fases avanzadas de la enfermedad.<\/span><\/span><\/li>\n<\/ul>\n<p>\u00a0<\/p>\n<p><span class=\"VIiyi\" lang=\"es\"><span class=\"JLqJ4b\" data-language-for-alternatives=\"es\" data-language-to-translate-into=\"ca\" data-phrase-index=\"0\" data-number-of-phrases=\"1\"><strong> Objetivos espec\u00edficos<\/strong> <\/span><\/span><\/p>\n<ul>\n<li><span class=\"VIiyi\" lang=\"es\"><span class=\"JLqJ4b\" data-language-for-alternatives=\"es\" data-language-to-translate-into=\"ca\" data-phrase-index=\"0\" data-number-of-phrases=\"1\">Integrar la estimulaci\u00f3n cognitiva en las actividades del Centro. <\/span><\/span><\/li>\n<li><span class=\"VIiyi\" lang=\"es\"><span class=\"JLqJ4b\" data-language-for-alternatives=\"es\" data-language-to-translate-into=\"ca\" data-phrase-index=\"0\" data-number-of-phrases=\"1\">Proporcionar a cada enfermo\/a la estimulaci\u00f3n que necesita seg\u00fan sus capacidades. <\/span><\/span><\/li>\n<li><span class=\"VIiyi\" lang=\"es\"><span class=\"JLqJ4b\" data-language-for-alternatives=\"es\" data-language-to-translate-into=\"ca\" data-phrase-index=\"0\" data-number-of-phrases=\"1\">Ofrecer un repertorio diverso, innovador y ameno de actividades de estimulaci\u00f3n cognitiva. <\/span><\/span><\/li>\n<li><span class=\"VIiyi\" lang=\"es\"><span class=\"JLqJ4b\" data-language-for-alternatives=\"es\" data-language-to-translate-into=\"ca\" data-phrase-index=\"0\" data-number-of-phrases=\"1\">Trabajar con material de calidad y lo menos infantil posible. <\/span><\/span><\/li>\n<li><span class=\"VIiyi\" lang=\"es\"><span class=\"JLqJ4b\" data-language-for-alternatives=\"es\" data-language-to-translate-into=\"ca\" data-phrase-index=\"0\" data-number-of-phrases=\"1\">Asesorar a las familias sobre la necesidad de mantener un espacio propio de descanso.<\/span><\/span><\/li>\n<li><span class=\"VIiyi\" lang=\"es\"><span class=\"JLqJ4b\" data-language-for-alternatives=\"es\" data-language-to-translate-into=\"ca\" data-phrase-index=\"0\" data-number-of-phrases=\"1\"> Guiar y acompa\u00f1ar a las familias en el proceso de separaci\u00f3n emocional de su enfermo. <\/span><\/span><\/li>\n<li><span class=\"VIiyi\" lang=\"es\"><span class=\"JLqJ4b\" data-language-for-alternatives=\"es\" data-language-to-translate-into=\"ca\" data-phrase-index=\"0\" data-number-of-phrases=\"1\">Detectar situaciones de riesgo, de crisis, o sobrecarga. <\/span><\/span><\/li>\n<li><span class=\"VIiyi\" lang=\"es\"><span class=\"JLqJ4b\" data-language-for-alternatives=\"es\" data-language-to-translate-into=\"ca\" data-phrase-index=\"0\" data-number-of-phrases=\"1\">Atender a las demandas de asesoramiento e informaci\u00f3n sobre diferentes aspectos de la enfermedad. <\/span><\/span><\/li>\n<li><span class=\"VIiyi\" lang=\"es\"><span class=\"JLqJ4b\" data-language-for-alternatives=\"es\" data-language-to-translate-into=\"ca\" data-phrase-index=\"0\" data-number-of-phrases=\"1\">Formar e informar a las familias y cuidadores y cuidadoras oficiales sobre las ventajas de estos programas de entrenamiento de la memoria. <\/span><\/span><\/li>\n<li><span class=\"VIiyi\" lang=\"es\"><span class=\"JLqJ4b\" data-language-for-alternatives=\"es\" data-language-to-translate-into=\"ca\" data-phrase-index=\"0\" data-number-of-phrases=\"1\">Fomentar un buen contacto entre familias y centro. Promover la independencia del enfermo facilitando pautas para mantener las actividades de la vida diaria.<\/span><\/span><\/li>\n<li><span class=\"VIiyi\" lang=\"es\"><span class=\"JLqJ4b\" data-language-for-alternatives=\"es\" data-language-to-translate-into=\"ca\" data-phrase-index=\"0\" data-number-of-phrases=\"1\"> Proponer tareas asequibles en funci\u00f3n de los d\u00e9ficits del enfermo. <\/span><\/span><\/li>\n<li><span class=\"VIiyi\" lang=\"es\"><span class=\"JLqJ4b\" data-language-for-alternatives=\"es\" data-language-to-translate-into=\"ca\" data-phrase-index=\"0\" data-number-of-phrases=\"1\">Crear un clima id\u00f3neo para que el enfermo pueda expresarse libremente.<\/span><\/span><\/li>\n<li><span class=\"VIiyi\" lang=\"es\"><span class=\"JLqJ4b\" data-language-for-alternatives=\"es\" data-language-to-translate-into=\"ca\" data-phrase-index=\"0\" data-number-of-phrases=\"1\"> Fomentar entre ellos un sentimiento de compa\u00f1erismo. <\/span><\/span><\/li>\n<li><span class=\"VIiyi\" lang=\"es\"><span class=\"JLqJ4b\" data-language-for-alternatives=\"es\" data-language-to-translate-into=\"ca\" data-phrase-index=\"0\" data-number-of-phrases=\"1\">Dar soporte psicol\u00f3gico a estados de malestar emocional. <\/span><\/span><\/li>\n<li><span class=\"VIiyi\" lang=\"es\"><span class=\"JLqJ4b\" data-language-for-alternatives=\"es\" data-language-to-translate-into=\"ca\" data-phrase-index=\"0\" data-number-of-phrases=\"1\">Aplicar t\u00e9cnicas y estrategias espec\u00edficas para modificar conductos en casos necesarios. <\/span><\/span><\/li>\n<\/ul>\n<p>\u00a0<\/p>\n<p><strong><span class=\"VIiyi\" lang=\"es\"><span class=\"JLqJ4b\" data-language-for-alternatives=\"es\" data-language-to-translate-into=\"ca\" data-phrase-index=\"0\" data-number-of-phrases=\"1\">Precios <\/span><\/span><\/strong><\/p>\n<table>\n<tbody>\n<tr>\n<td width=\"113\">\n<p><strong>Poblaci\u00f3<\/strong><\/p>\n<\/td>\n<td width=\"113\">\n<p><strong>1 hora x setman<\/strong><\/p>\n<\/td>\n<td width=\"113\">\n<p><strong>2 hores x setmana<\/strong><\/p>\n<\/td>\n<td width=\"113\">\n<p><strong>Temps complert<\/strong><\/p>\n<p><strong> (Dll, Dc, Dv de 9 a 13h)<\/strong><\/p>\n<\/td>\n<\/tr>\n<tr>\n<td width=\"113\">\n<p><strong>Cornell\u00e0<\/strong><\/p>\n<\/td>\n<td width=\"113\">\n<p><strong>46\u20ac\/mes<\/strong><\/p>\n<\/td>\n<td width=\"113\">\n<p><strong>87\u20ac\/mes<\/strong><\/p>\n<\/td>\n<td width=\"113\">\n<p><strong>247\u20ac\/mes<\/strong><\/p>\n<\/td>\n<\/tr>\n<tr>\n<td width=\"113\">\n<p><strong>Prat<\/strong><\/p>\n<\/td>\n<td width=\"113\">\n<p><strong>46\u20ac\/mes<\/strong><\/p>\n<\/td>\n<td width=\"113\">\n<p><strong>87\u20ac\/mes<\/strong><\/p>\n<\/td>\n<td width=\"113\">\n<p><strong>N.D.<\/strong><\/p>\n<\/td>\n<\/tr>\n<\/tbody>\n<\/table>\n<p>\u00a0<\/p>\n<p><strong><span class=\"VIiyi\" lang=\"es\"><span class=\"JLqJ4b\" data-language-for-alternatives=\"es\" data-language-to-translate-into=\"ca\" data-phrase-index=\"0\" data-number-of-phrases=\"1\">Ubicaci\u00f3n y m\u00e1s info.<\/span><\/span><\/strong><\/p>\n<ul>\n<li><strong>Aula de Mem\u00f2ria de Cornell\u00e0<\/strong>: Avda. L\u00ednea El\u00e8ctrica 9, baixos.\u00a0<strong>(NOU ESPAI!)<\/strong><\/li>\n<\/ul>\n<p>\u00a0 \u00a0 \u00a0 \u00a0 \u00a0alois-cornella@afabaix.org<\/p>\n<p>\u00a0 \u00a0 \u00a0 \u00a0 \u00a0Telf. 93.375.59.25<\/p>\n<ul>\n<li><strong>Aula de Mem\u00f2ria del Prat<\/strong>:\u00a0Avda. Apel\u00b7les Mestres 33, baixos.<\/li>\n<\/ul>\n<p>\u00a0 \u00a0 \u00a0 \u00a0\u00a0alois-prat@afabaix.org<\/p>\n<p>\u00a0 \u00a0 \u00a0 \u00a0 Telf. 93.370.45.29<\/p>\n<\/div><\/div><\/div><\/div><div class = \"tatsu-column-bg-image-wrap\"><div class = \"tatsu-column-bg-image\" ><\/div><\/div><div class=\"tatsu-overlay tatsu-column-overlay tatsu-animate-none\" ><\/div><\/div><style>.tatsu-row > .tatsu-HJBpPKCVg9.tatsu-column{width: 100%;}.tatsu-HJBpPKCVg9.tatsu-column > .tatsu-column-inner > .tatsu-column-overlay{mix-blend-mode: normal;}.tatsu-HJBpPKCVg9 > .tatsu-column-inner > .tatsu-top-divider{z-index: 9999;}.tatsu-HJBpPKCVg9 > .tatsu-column-inner > .tatsu-bottom-divider{z-index: 9999;}.tatsu-HJBpPKCVg9 > .tatsu-column-inner > .tatsu-left-divider{z-index: 9999;}.tatsu-HJBpPKCVg9 > .tatsu-column-inner > .tatsu-right-divider{z-index: 9999;}<\/style><\/div><\/div><\/div><\/div><div class=\"tatsu-section-background-wrap\"><div class = \"tatsu-section-background\" ><\/div><\/div><div class=\"tatsu-overlay tatsu-section-overlay\"><\/div><style>.tatsu-S1mTDYREx5 .tatsu-section-pad{padding: 90px 0px 90px 0px;}.tatsu-S1mTDYREx5 > .tatsu-bottom-divider{z-index: 9999;}.tatsu-S1mTDYREx5 > .tatsu-top-divider{z-index: 9999;}.tatsu-S1mTDYREx5 .tatsu-section-overlay{mix-blend-mode: normal;}@media only screen and (max-width: 767px) {.tatsu-S1mTDYREx5 .tatsu-section-pad{padding: 65px 0px 90px 0px;}}<\/style><\/div>\n","protected":false},"excerpt":{"rendered":"<div><a href=\"https:\/\/afabaix.org\/es\/aulas-de-memoria\/\" class=\"exp-read-more exp-read-more-underlined\">Read More<\/a><\/div>\n","protected":false},"author":1,"featured_media":0,"parent":0,"menu_order":0,"comment_status":"closed","ping_status":"closed","template":"","meta":{"footnotes":""},"class_list":["post-23953","page","type-page","status-publish","hentry"],"_links":{"self":[{"href":"https:\/\/afabaix.org\/es\/wp-json\/wp\/v2\/pages\/23953","targetHints":{"allow":["GET"]}}],"collection":[{"href":"https:\/\/afabaix.org\/es\/wp-json\/wp\/v2\/pages"}],"about":[{"href":"https:\/\/afabaix.org\/es\/wp-json\/wp\/v2\/types\/page"}],"author":[{"embeddable":true,"href":"https:\/\/afabaix.org\/es\/wp-json\/wp\/v2\/users\/1"}],"replies":[{"embeddable":true,"href":"https:\/\/afabaix.org\/es\/wp-json\/wp\/v2\/comments?post=23953"}],"version-history":[{"count":9,"href":"https:\/\/afabaix.org\/es\/wp-json\/wp\/v2\/pages\/23953\/revisions"}],"predecessor-version":[{"id":28657,"href":"https:\/\/afabaix.org\/es\/wp-json\/wp\/v2\/pages\/23953\/revisions\/28657"}],"wp:attachment":[{"href":"https:\/\/afabaix.org\/es\/wp-json\/wp\/v2\/media?parent=23953"}],"curies":[{"name":"wp","href":"https:\/\/api.w.org\/{rel}","templated":true}]}}