
{"id":249,"date":"2018-01-18T15:59:49","date_gmt":"2018-01-18T15:59:49","guid":{"rendered":"https:\/\/lacuinade.timit2003.com\/afabaix2\/acollida-2\/"},"modified":"2022-01-29T09:25:44","modified_gmt":"2022-01-29T09:25:44","slug":"acogida","status":"publish","type":"page","link":"https:\/\/afabaix.org\/es\/servicios\/acogida\/","title":{"rendered":"Acogida"},"content":{"rendered":"<div  class=\"tatsu-rkSodHL2d tatsu-section  tatsu-bg-overlay   tatsu-clearfix\" data-title=\"\"  data-headerscheme=\"background--dark\"><div class='tatsu-section-pad clearfix' data-padding='{\"d\":\"320px 0px 25px 0px\",\"t\":\"200px 0px 38px 0px\"}' data-padding-top='320px'><div class=\"tatsu-row-wrap  tatsu-wrap tatsu-row-one-col tatsu-row-has-one-cols tatsu-medium-gutter tatsu-reg-cols  tatsu-clearfix tatsu-BygBsdH8hd\" ><div  class=\"tatsu-row \" ><div  class=\"tatsu-column  tatsu-bg-overlay tatsu-one-col tatsu-column-align-bottom tatsu-column-image-none tatsu-column-effect-none  tatsu-r1WSsdB82d\"  data-parallax-speed=\"0\" style=\"\"><div class=\"tatsu-column-inner \" ><div class=\"tatsu-column-pad-wrap\"><div class=\"tatsu-column-pad\" ><div  class=\"tatsu-module tatsu-text-block-wrap tatsu-SJMBjdHL2_  \"><div class=\"tatsu-text-inner   clearfix\" ><style>.tatsu-SJMBjdHL2_.tatsu-text-block-wrap .tatsu-text-inner{width: 15%;text-align: left;background-color: rgba(241,145,3,1);padding: 0px 0px 0px 5px;color: rgba(255,255,255,1) ;}.tatsu-SJMBjdHL2_.tatsu-text-block-wrap{margin: 0px 0px 30px 5px;}.tatsu-SJMBjdHL2_ .tatsu-text-inner *{color: rgba(255,255,255,1) ;}.tatsu-SJMBjdHL2_.tatsu-text-block-wrap .tatsu-text-inner *{font-family : \"Montserrat\",-apple-system,BlinkMacSystemFont,'Segoe UI',Roboto,Oxygen-Sans,Ubuntu,Cantarell,'Helvetica Neue',sans-serif;font-weight : 700;font-size : 36px;letter-spacing : 0px;}@media only screen and (max-width:1377px) {.tatsu-SJMBjdHL2_.tatsu-text-block-wrap .tatsu-text-inner{width: 21%;}}@media only screen and (min-width:768px) and (max-width: 1024px) {.tatsu-SJMBjdHL2_.tatsu-text-block-wrap .tatsu-text-inner{width: 33%;}}@media only screen and (max-width: 767px) {.tatsu-SJMBjdHL2_.tatsu-text-block-wrap .tatsu-text-inner{width: 83%;}}<\/style>\n<h2>Acogida<\/h2>\n<\/div><\/div><\/div><\/div><div class = \"tatsu-column-bg-image-wrap\"><div class = \"tatsu-column-bg-image\" ><\/div><\/div><div class=\"tatsu-overlay tatsu-column-overlay tatsu-animate-none\" ><\/div><\/div><style>.tatsu-row > .tatsu-r1WSsdB82d.tatsu-column{width: 100%;}.tatsu-r1WSsdB82d.tatsu-column > .tatsu-column-inner > .tatsu-column-overlay{mix-blend-mode: normal;}.tatsu-r1WSsdB82d > .tatsu-column-inner > .tatsu-top-divider{z-index: 9999;}.tatsu-r1WSsdB82d > .tatsu-column-inner > .tatsu-bottom-divider{z-index: 9999;}.tatsu-r1WSsdB82d > .tatsu-column-inner > .tatsu-left-divider{z-index: 9999;}.tatsu-r1WSsdB82d > .tatsu-column-inner > .tatsu-right-divider{z-index: 9999;}@media only screen and (max-width:1377px) {.tatsu-row > .tatsu-r1WSsdB82d.tatsu-column{width: 100%;}}@media only screen and (min-width:768px) and (max-width: 1024px) {.tatsu-row > .tatsu-r1WSsdB82d.tatsu-column{width: 100%;}}@media only screen and (max-width: 767px) {.tatsu-row > .tatsu-r1WSsdB82d.tatsu-column{width: 100%;}}<\/style><\/div><\/div><\/div><\/div><div class=\"tatsu-section-background-wrap\"><div class = \"tatsu-section-background\" ><\/div><\/div><div class=\"tatsu-overlay tatsu-section-overlay\"><\/div><style>.tatsu-rkSodHL2d .tatsu-section-background{background-image: url(https:\/\/afabaix.org\/wp-content\/uploads\/2021\/09\/banner_old_16.jpg);background-repeat: no-repeat;background-attachment: scroll;background-position: center left;background-size: cover;}.tatsu-rkSodHL2d .tatsu-bg-blur{background-repeat: no-repeat;background-attachment: scroll;background-position: center left;background-size: cover;}.tatsu-rkSodHL2d .tatsu-section-pad{padding: 320px 0px 25px 0px;}.tatsu-rkSodHL2d .tatsu-section-offset-wrap{transform: translateY(-0px);}.tatsu-rkSodHL2d > .tatsu-bottom-divider{z-index: 9999;}.tatsu-rkSodHL2d > .tatsu-top-divider{z-index: 9999;}.tatsu-rkSodHL2d .tatsu-section-overlay{background: rgba(22,20,5,0.19);mix-blend-mode: normal;}@media only screen and (min-width:768px) and (max-width: 1024px) {.tatsu-rkSodHL2d .tatsu-section-pad{padding: 200px 0px 38px 0px;}}<\/style><\/div><div  class=\"tatsu-rJ7rj_rUn_ tatsu-section  tatsu-bg-overlay   tatsu-clearfix\" data-title=\"\"  data-headerscheme=\"background--dark\"><div class='tatsu-section-pad clearfix' data-padding='{\"d\":\"67px 0px 90px 0px\",\"m\":\"65px 0px 90px 0px\"}' data-padding-top='65px'><div class=\"tatsu-row-wrap  tatsu-wrap tatsu-row-one-col tatsu-row-has-one-cols tatsu-medium-gutter tatsu-reg-cols  tatsu-clearfix tatsu-HJ4rjdSU3u\" ><div  class=\"tatsu-row \" ><div  class=\"tatsu-column  tatsu-bg-overlay tatsu-one-col tatsu-column-image-none tatsu-column-effect-none  tatsu-HkBSj_S8hd\"  data-parallax-speed=\"0\" style=\"\"><div class=\"tatsu-column-inner \" ><div class=\"tatsu-column-pad-wrap\"><div class=\"tatsu-column-pad\" ><div  class=\"tatsu-module tatsu-text-block-wrap tatsu-grxek10htb21qcvr  \"><div class=\"tatsu-text-inner tatsu-align-center  clearfix\" ><style>.tatsu-grxek10htb21qcvr.tatsu-text-block-wrap .tatsu-text-inner{width: 100%;text-align: left;}<\/style>\n<p>El servicio de acogida es desarrollado por los delegados y delegadas de la Asociaci\u00f3n en los diferentes municipios, as\u00ed como por los profesionales de los Servicios Centrales de la entidad. Por lo tanto, por profesionales cualificados y personas que han vivido de primera mano la enfermedad y tienen muchos a\u00f1os de experiencia en nuestra Asociaci\u00f3n y por profes.<\/p>\n<p>Este servicio consiste en la atenci\u00f3n personal y \/ o telef\u00f3nica de cualquier consulta realizada por un familiar afectado en relaci\u00f3n a la enfermedad, a las necesidades que presenta el enfermo y su familia y los servicios que ofrece nuestra asociaci\u00f3n.<\/p>\n<p>Es una primera atenci\u00f3n al familiar y al enfermo en uno de los peores momentos del desarrollo de la enfermedad, en el que el miedo y el desconocimiento dejan los afectados necesidades de orientaci\u00f3n, \u00e1nimos y respuestas. Por lo tanto es una atenci\u00f3n vital que puede marcar el proceso de la enfermedad.<\/p>\n<p>La atenci\u00f3n tiene una frecuencia semanal con unos horarios establecidos, aunque en algunas poblaciones -al disponer de diferentes espacios de atenci\u00f3n gracias a la colaboraci\u00f3n de los entes municipales y auton\u00f3micos- se puede programar para cualquier d\u00eda de la semana.<\/p>\n<p>En el caso de muchas de las delegadas, telef\u00f3nicamente esta atenci\u00f3n se dispensa todos los d\u00edas de la semana en, pr\u00e1cticamente, cualquier hora.<\/p>\n<p>Durante el horario de oficina de los servicios centrales de la AFA tambi\u00e9n se realiza este servicio por parte de los profesionales que all\u00ed trabajan.<\/p>\n<h5>OBJETIVOS<\/h5>\n<p>El objetivo es dar atenci\u00f3n, apoyo, informaci\u00f3n, orientaci\u00f3n y contenci\u00f3n a las personas que se encuentran en esta situaci\u00f3n y que no saben c\u00f3mo actuar o c\u00f3mo deben tratar a su familiar enfermo.<\/p>\n<p>Como consecuencia de ello, los objetivos m\u00e1s espec\u00edficos son la dotaci\u00f3n de recursos a los familiares y el ofrecimiento de servicios, tanto por los enfermos como para sus cuidadores.<\/p>\n<p>Puede ver la tabla de delegaciones de la AFA <a href=\"https:\/\/afabaix.org\/es\/afabaix\/delegaciones\/\">clicando aqu\u00ed<\/a>.<\/p>\n<\/div><\/div><\/div><\/div><div class = \"tatsu-column-bg-image-wrap\"><div class = \"tatsu-column-bg-image\" ><\/div><\/div><div class=\"tatsu-overlay tatsu-column-overlay tatsu-animate-none\" ><\/div><\/div><style>.tatsu-row > .tatsu-HkBSj_S8hd.tatsu-column{width: 100%;}.tatsu-HkBSj_S8hd.tatsu-column > .tatsu-column-inner > .tatsu-column-overlay{mix-blend-mode: normal;}.tatsu-HkBSj_S8hd > .tatsu-column-inner > .tatsu-top-divider{z-index: 9999;}.tatsu-HkBSj_S8hd > .tatsu-column-inner > .tatsu-bottom-divider{z-index: 9999;}.tatsu-HkBSj_S8hd > .tatsu-column-inner > .tatsu-left-divider{z-index: 9999;}.tatsu-HkBSj_S8hd > .tatsu-column-inner > .tatsu-right-divider{z-index: 9999;}<\/style><\/div><\/div><\/div><\/div><div class=\"tatsu-section-background-wrap\"><div class = \"tatsu-section-background\" ><\/div><\/div><div class=\"tatsu-overlay tatsu-section-overlay\"><\/div><style>.tatsu-rJ7rj_rUn_ .tatsu-section-pad{padding: 67px 0px 90px 0px;}.tatsu-rJ7rj_rUn_ > .tatsu-bottom-divider{z-index: 9999;}.tatsu-rJ7rj_rUn_ > .tatsu-top-divider{z-index: 9999;}.tatsu-rJ7rj_rUn_ .tatsu-section-overlay{mix-blend-mode: normal;}@media only screen and (max-width: 767px) {.tatsu-rJ7rj_rUn_ .tatsu-section-pad{padding: 65px 0px 90px 0px;}}<\/style><\/div>\n","protected":false},"excerpt":{"rendered":"<div><a href=\"https:\/\/afabaix.org\/es\/servicios\/acogida\/\" class=\"exp-read-more exp-read-more-underlined\">Read More<\/a><\/div>\n","protected":false},"author":1,"featured_media":172,"parent":22601,"menu_order":0,"comment_status":"closed","ping_status":"closed","template":"","meta":{"footnotes":""},"class_list":["post-249","page","type-page","status-publish","has-post-thumbnail","hentry"],"_links":{"self":[{"href":"https:\/\/afabaix.org\/es\/wp-json\/wp\/v2\/pages\/249","targetHints":{"allow":["GET"]}}],"collection":[{"href":"https:\/\/afabaix.org\/es\/wp-json\/wp\/v2\/pages"}],"about":[{"href":"https:\/\/afabaix.org\/es\/wp-json\/wp\/v2\/types\/page"}],"author":[{"embeddable":true,"href":"https:\/\/afabaix.org\/es\/wp-json\/wp\/v2\/users\/1"}],"replies":[{"embeddable":true,"href":"https:\/\/afabaix.org\/es\/wp-json\/wp\/v2\/comments?post=249"}],"version-history":[{"count":6,"href":"https:\/\/afabaix.org\/es\/wp-json\/wp\/v2\/pages\/249\/revisions"}],"predecessor-version":[{"id":23679,"href":"https:\/\/afabaix.org\/es\/wp-json\/wp\/v2\/pages\/249\/revisions\/23679"}],"up":[{"embeddable":true,"href":"https:\/\/afabaix.org\/es\/wp-json\/wp\/v2\/pages\/22601"}],"wp:featuredmedia":[{"embeddable":true,"href":"https:\/\/afabaix.org\/es\/wp-json\/wp\/v2\/media\/172"}],"wp:attachment":[{"href":"https:\/\/afabaix.org\/es\/wp-json\/wp\/v2\/media?parent=249"}],"curies":[{"name":"wp","href":"https:\/\/api.w.org\/{rel}","templated":true}]}}