
{"id":55,"date":"2013-01-23T10:48:07","date_gmt":"2013-01-23T10:48:07","guid":{"rendered":"https:\/\/lacuinade.timit2003.com\/afabaix2\/presentacion\/"},"modified":"2022-01-12T09:49:15","modified_gmt":"2022-01-12T09:49:15","slug":"presentacion","status":"publish","type":"page","link":"https:\/\/afabaix.org\/es\/afabaix\/presentacion\/","title":{"rendered":"Presentaci\u00f3n"},"content":{"rendered":"<div  class=\"tatsu-r1bTDTE8hu tatsu-section  tatsu-bg-overlay   tatsu-clearfix\" data-title=\"\"  data-headerscheme=\"background--dark\"><div class='tatsu-section-pad clearfix' data-padding='{\"d\":\"320px 0px 25px 0px\",\"t\":\"200px 0px 38px 0px\"}' data-padding-top='320px'><div class=\"tatsu-row-wrap  tatsu-wrap tatsu-row-one-col tatsu-row-has-one-cols tatsu-medium-gutter tatsu-reg-cols  tatsu-clearfix tatsu-SygaDaEInu\" ><div  class=\"tatsu-row \" ><div  class=\"tatsu-column  tatsu-bg-overlay tatsu-one-col tatsu-column-align-bottom tatsu-column-image-none tatsu-column-effect-none  tatsu-rJTvpNUn_\"  data-parallax-speed=\"0\" style=\"\"><div class=\"tatsu-column-inner \" ><div class=\"tatsu-column-pad-wrap\"><div class=\"tatsu-column-pad\" ><div  class=\"tatsu-module tatsu-text-block-wrap tatsu-ry0FCNL3d  \"><div class=\"tatsu-text-inner   clearfix\" ><style>.tatsu-ry0FCNL3d.tatsu-text-block-wrap .tatsu-text-inner{width: 23%;text-align: left;background-color: rgba(241,145,3,1);padding: 0px 0px 0px 5px;color: rgba(255,255,255,1) ;}.tatsu-ry0FCNL3d.tatsu-text-block-wrap{margin: 0px 0px 30px 5px;}.tatsu-ry0FCNL3d .tatsu-text-inner *{color: rgba(255,255,255,1) ;}.tatsu-ry0FCNL3d.tatsu-text-block-wrap .tatsu-text-inner *{font-family : \"Montserrat\",-apple-system,BlinkMacSystemFont,'Segoe UI',Roboto,Oxygen-Sans,Ubuntu,Cantarell,'Helvetica Neue',sans-serif;font-weight : 700;font-size : 36px;letter-spacing : 0px;}@media only screen and (max-width:1377px) {.tatsu-ry0FCNL3d.tatsu-text-block-wrap .tatsu-text-inner{width: 21%;}}@media only screen and (min-width:768px) and (max-width: 1024px) {.tatsu-ry0FCNL3d.tatsu-text-block-wrap .tatsu-text-inner{width: 33%;}}@media only screen and (max-width: 767px) {.tatsu-ry0FCNL3d.tatsu-text-block-wrap .tatsu-text-inner{width: 93%;}}<\/style>\n<h2>Presentaci\u00f3n<\/h2>\n<\/div><\/div><\/div><\/div><div class = \"tatsu-column-bg-image-wrap\"><div class = \"tatsu-column-bg-image\" ><\/div><\/div><div class=\"tatsu-overlay tatsu-column-overlay tatsu-animate-none\" ><\/div><\/div><style>.tatsu-row > .tatsu-rJTvpNUn_.tatsu-column{width: 100%;}.tatsu-rJTvpNUn_.tatsu-column > .tatsu-column-inner > .tatsu-column-overlay{mix-blend-mode: normal;}.tatsu-rJTvpNUn_ > .tatsu-column-inner > .tatsu-top-divider{z-index: 9999;}.tatsu-rJTvpNUn_ > .tatsu-column-inner > .tatsu-bottom-divider{z-index: 9999;}.tatsu-rJTvpNUn_ > .tatsu-column-inner > .tatsu-left-divider{z-index: 9999;}.tatsu-rJTvpNUn_ > .tatsu-column-inner > .tatsu-right-divider{z-index: 9999;}@media only screen and (max-width:1377px) {.tatsu-row > .tatsu-rJTvpNUn_.tatsu-column{width: 100%;}}@media only screen and (min-width:768px) and (max-width: 1024px) {.tatsu-row > .tatsu-rJTvpNUn_.tatsu-column{width: 100%;}}@media only screen and (max-width: 767px) {.tatsu-row > .tatsu-rJTvpNUn_.tatsu-column{width: 100%;}}<\/style><\/div><\/div><\/div><\/div><div class=\"tatsu-section-background-wrap\"><div class = \"tatsu-section-background\" ><\/div><\/div><div class=\"tatsu-overlay tatsu-section-overlay\"><\/div><style>.tatsu-r1bTDTE8hu .tatsu-section-background{background-image: url(https:\/\/afabaix.org\/wp-content\/uploads\/2020\/10\/3111alzheimer-enfermedades-investigacioncientifica-salud3657244251115099661706x960.jpg);background-repeat: no-repeat;background-attachment: scroll;background-position: center left;background-size: cover;}.tatsu-r1bTDTE8hu .tatsu-bg-blur{background-repeat: no-repeat;background-attachment: scroll;background-position: center left;background-size: cover;}.tatsu-r1bTDTE8hu .tatsu-section-pad{padding: 320px 0px 25px 0px;}.tatsu-r1bTDTE8hu .tatsu-section-offset-wrap{transform: translateY(-0px);}.tatsu-r1bTDTE8hu > .tatsu-bottom-divider{z-index: 9999;}.tatsu-r1bTDTE8hu > .tatsu-top-divider{z-index: 9999;}.tatsu-r1bTDTE8hu .tatsu-section-overlay{background: rgba(22,20,5,0.19);mix-blend-mode: normal;}@media only screen and (min-width:768px) and (max-width: 1024px) {.tatsu-r1bTDTE8hu .tatsu-section-pad{padding: 200px 0px 38px 0px;}}<\/style><\/div><div  class=\"tatsu-H1CFDCc3F tatsu-section  tatsu-bg-overlay   tatsu-clearfix\" data-title=\"\"  data-headerscheme=\"background--dark\"><div class='tatsu-section-pad clearfix' data-padding='{\"d\":\"45px 0px 2px 0px\"}' data-padding-top='45px'><div class=\"tatsu-row-wrap  tatsu-wrap tatsu-row-one-col tatsu-row-has-one-cols tatsu-medium-gutter tatsu-reg-cols  tatsu-clearfix tatsu-S1g0tD053Y\" ><div  class=\"tatsu-row \" ><div  class=\"tatsu-column  tatsu-bg-overlay tatsu-one-col tatsu-column-image-none tatsu-column-effect-none  tatsu-HJWAYPC5nt\"  data-parallax-speed=\"0\" style=\"\"><div class=\"tatsu-column-inner \" ><div class=\"tatsu-column-pad-wrap\"><div class=\"tatsu-column-pad\" ><div class=\"tatsu-row-wrap  tatsu-row-has-five-cols tatsu-medium-gutter tatsu-reg-cols tatsu-inner-row-wrap  tatsu-clearfix tatsu-HyG0Kv093F\" ><div  class=\"tatsu-row \" ><div  class=\"tatsu-column  tatsu-bg-overlay tatsu-one-fifth tatsu-column-align-middle tatsu-column-image- tatsu-column-effect-  tatsu-r170KPR53Y\"  data-parallax-speed=\"0\" style=\"\"><div class=\"tatsu-column-inner \" ><div class=\"tatsu-column-pad-wrap\"><div class=\"tatsu-column-pad\" ><div  class=\"tatsu-module tatsu-normal-icon tatsu-icon-shortcode align-center tatsu-H1VRKPRqnK   \"><style>.tatsu-H1VRKPRqnK .tatsu-icon{color: rgba(241,145,3,1) ;}.tatsu-H1VRKPRqnK.tatsu-normal-icon{margin: 0px 0px 10px 0px;}.tatsu-H1VRKPRqnK{border-width: 0px 0px 0px 0px;}<\/style><a href=\"#\"  class=\"tatsu-icon-wrap plain  tatsu-animate    \" data-animation=\"fadeIn\"   aria-label=\"tatsu-icon-doc\" data-gdpr-atts={}   ><i class=\"tatsu-icon tatsu-custom-icon tatsu-custom-icon-class tatsu-icon-doc large plain\"><\/i><\/a><\/div><div  class=\"tatsu-module tatsu-text-block-wrap tatsu-BJB0twRc2t  \"><div class=\"tatsu-text-inner tatsu-align-center  clearfix\" ><style>.tatsu-BJB0twRc2t.tatsu-text-block-wrap .tatsu-text-inner{width: 100%;text-align: center;}<\/style>\n<h6>BOLET\u00cdN<\/h6>\n<\/div><\/div><\/div><\/div><div class = \"tatsu-column-bg-image-wrap\"><div class = \"tatsu-column-bg-image\" ><\/div><\/div><div class=\"tatsu-overlay tatsu-column-overlay tatsu-animate-none\" ><\/div><a href=\"https:\/\/afabaix.org\/es\/afabaix\/boletin\/\" class=\"tatsu-col-overlay-link\"><\/a><\/div><style>.tatsu-row > .tatsu-r170KPR53Y.tatsu-column{width: 20%;}.tatsu-r170KPR53Y.tatsu-column > .tatsu-column-inner > .tatsu-column-overlay{mix-blend-mode: normal;}.tatsu-r170KPR53Y > .tatsu-column-inner > .tatsu-top-divider{z-index: 9999;}.tatsu-r170KPR53Y > .tatsu-column-inner > .tatsu-bottom-divider{z-index: 9999;}.tatsu-r170KPR53Y > .tatsu-column-inner > .tatsu-left-divider{z-index: 9999;}.tatsu-r170KPR53Y > .tatsu-column-inner > .tatsu-right-divider{z-index: 9999;}@media only screen and (max-width:1377px) {.tatsu-row > .tatsu-r170KPR53Y.tatsu-column{width: 20%;}}@media only screen and (min-width:768px) and (max-width: 1024px) {.tatsu-row > .tatsu-r170KPR53Y.tatsu-column{width: 20%;}}@media only screen and (max-width: 767px) {.tatsu-row > .tatsu-r170KPR53Y.tatsu-column{width: 100%;}}<\/style><\/div><div  class=\"tatsu-column  tatsu-bg-overlay tatsu-one-fifth tatsu-column-image- tatsu-column-effect-  tatsu-Bk80FPR52Y\"  data-parallax-speed=\"0\" style=\"\"><div class=\"tatsu-column-inner \" ><div class=\"tatsu-column-pad-wrap\"><div class=\"tatsu-column-pad\" ><div  class=\"tatsu-module tatsu-normal-icon tatsu-icon-shortcode align-center tatsu-BJPRKvCcht   \"><style>.tatsu-BJPRKvCcht .tatsu-icon{color: rgba(241,145,3,1) ;}.tatsu-BJPRKvCcht.tatsu-normal-icon{margin: 0px 0px 10px 0px;}.tatsu-BJPRKvCcht{border-width: 0px 0px 0px 0px;}<\/style><a href=\"#\"  class=\"tatsu-icon-wrap plain  tatsu-animate    \" data-animation=\"fadeIn\"   aria-label=\"tatsu-icon-money\" data-gdpr-atts={}   ><i class=\"tatsu-icon tatsu-custom-icon tatsu-custom-icon-class tatsu-icon-money large plain\"><\/i><\/a><\/div><div  class=\"tatsu-module tatsu-text-block-wrap tatsu-SkdCKwA9nF  \"><div class=\"tatsu-text-inner tatsu-align-center  clearfix\" ><style>.tatsu-SkdCKwA9nF.tatsu-text-block-wrap .tatsu-text-inner{width: 100%;text-align: center;}<\/style>\n<h6>MEMORIAS ANUALES<\/h6>\n<\/div><\/div><\/div><\/div><div class = \"tatsu-column-bg-image-wrap\"><div class = \"tatsu-column-bg-image\" ><\/div><\/div><div class=\"tatsu-overlay tatsu-column-overlay tatsu-animate-none\" ><\/div><a href=\"https:\/\/afabaix.org\/es\/afabaix\/memorias-anuales\/\" class=\"tatsu-col-overlay-link\"><\/a><\/div><style>.tatsu-row > .tatsu-Bk80FPR52Y.tatsu-column{width: 20%;}.tatsu-Bk80FPR52Y.tatsu-column > .tatsu-column-inner > .tatsu-column-overlay{mix-blend-mode: normal;}.tatsu-Bk80FPR52Y > .tatsu-column-inner > .tatsu-top-divider{z-index: 9999;}.tatsu-Bk80FPR52Y > .tatsu-column-inner > .tatsu-bottom-divider{z-index: 9999;}.tatsu-Bk80FPR52Y > .tatsu-column-inner > .tatsu-left-divider{z-index: 9999;}.tatsu-Bk80FPR52Y > .tatsu-column-inner > .tatsu-right-divider{z-index: 9999;}@media only screen and (max-width:1377px) {.tatsu-row > .tatsu-Bk80FPR52Y.tatsu-column{width: 20%;}}@media only screen and (min-width:768px) and (max-width: 1024px) {.tatsu-row > .tatsu-Bk80FPR52Y.tatsu-column{width: 20%;}}@media only screen and (max-width: 767px) {.tatsu-row > .tatsu-Bk80FPR52Y.tatsu-column{width: 100%;}}<\/style><\/div><div  class=\"tatsu-column  tatsu-bg-overlay tatsu-one-fifth tatsu-column-image- tatsu-column-effect-  tatsu-Hyt0tDC52Y\"  data-parallax-speed=\"0\" style=\"\"><div class=\"tatsu-column-inner \" ><div class=\"tatsu-column-pad-wrap\"><div class=\"tatsu-column-pad\" ><div  class=\"tatsu-module tatsu-normal-icon tatsu-icon-shortcode align-center tatsu-ryq0KvRq3K   \"><style>.tatsu-ryq0KvRq3K .tatsu-icon{color: rgba(241,145,3,1) ;}.tatsu-ryq0KvRq3K.tatsu-normal-icon{margin: 0px 0px 10px 0px;}.tatsu-ryq0KvRq3K{border-width: 0px 0px 0px 0px;}<\/style><a href=\"#\"  class=\"tatsu-icon-wrap plain  tatsu-animate    \" data-animation=\"fadeIn\"   aria-label=\"tatsu-icon-info2\" data-gdpr-atts={}   ><i class=\"tatsu-icon tatsu-custom-icon tatsu-custom-icon-class tatsu-icon-info2 large plain\"><\/i><\/a><\/div><div  class=\"tatsu-module tatsu-text-block-wrap tatsu-S1oCYD0q2t  \"><div class=\"tatsu-text-inner tatsu-align-center  clearfix\" ><style>.tatsu-S1oCYD0q2t.tatsu-text-block-wrap .tatsu-text-inner{width: 100%;text-align: center;}<\/style>\n<h6>TRANSPARENCIA<\/h6>\n<\/div><\/div><\/div><\/div><div class = \"tatsu-column-bg-image-wrap\"><div class = \"tatsu-column-bg-image\" ><\/div><\/div><div class=\"tatsu-overlay tatsu-column-overlay tatsu-animate-none\" ><\/div><a href=\"https:\/\/afabaix.org\/es\/afabaix\/transparencia\/\" class=\"tatsu-col-overlay-link\"><\/a><\/div><style>.tatsu-row > .tatsu-Hyt0tDC52Y.tatsu-column{width: 20%;}.tatsu-Hyt0tDC52Y.tatsu-column > .tatsu-column-inner > .tatsu-column-overlay{mix-blend-mode: normal;}.tatsu-Hyt0tDC52Y > .tatsu-column-inner > .tatsu-top-divider{z-index: 9999;}.tatsu-Hyt0tDC52Y > .tatsu-column-inner > .tatsu-bottom-divider{z-index: 9999;}.tatsu-Hyt0tDC52Y > .tatsu-column-inner > .tatsu-left-divider{z-index: 9999;}.tatsu-Hyt0tDC52Y > .tatsu-column-inner > .tatsu-right-divider{z-index: 9999;}@media only screen and (max-width:1377px) {.tatsu-row > .tatsu-Hyt0tDC52Y.tatsu-column{width: 20%;}}@media only screen and (min-width:768px) and (max-width: 1024px) {.tatsu-row > .tatsu-Hyt0tDC52Y.tatsu-column{width: 20%;}}@media only screen and (max-width: 767px) {.tatsu-row > .tatsu-Hyt0tDC52Y.tatsu-column{width: 100%;}}<\/style><\/div><div  class=\"tatsu-column  tatsu-bg-overlay tatsu-one-fifth tatsu-column-image- tatsu-column-effect-  tatsu-Sy30tD0qnt\"  data-parallax-speed=\"0\" style=\"\"><div class=\"tatsu-column-inner \" ><div class=\"tatsu-column-pad-wrap\"><div class=\"tatsu-column-pad\" ><div  class=\"tatsu-module tatsu-normal-icon tatsu-icon-shortcode align-center tatsu-S1pRYDR5nF   \"><style>.tatsu-S1pRYDR5nF .tatsu-icon{color: rgba(241,145,3,1) ;}.tatsu-S1pRYDR5nF.tatsu-normal-icon{margin: 0px 0px 10px 0px;}.tatsu-S1pRYDR5nF{border-width: 0px 0px 0px 0px;}<\/style><a href=\"#\"  class=\"tatsu-icon-wrap plain  tatsu-animate    \" data-animation=\"fadeIn\"   aria-label=\"tatsu-icon-users2\" data-gdpr-atts={}   ><i class=\"tatsu-icon tatsu-custom-icon tatsu-custom-icon-class tatsu-icon-users2 large plain\"><\/i><\/a><\/div><div  class=\"tatsu-module tatsu-text-block-wrap tatsu-ry0CFPC53F  \"><div class=\"tatsu-text-inner tatsu-align-center  clearfix\" ><style>.tatsu-ry0CFPC53F.tatsu-text-block-wrap .tatsu-text-inner{width: 100%;text-align: center;}<\/style>\n<h6>ESTRUCTURA<\/h6>\n<\/div><\/div><\/div><\/div><div class = \"tatsu-column-bg-image-wrap\"><div class = \"tatsu-column-bg-image\" ><\/div><\/div><div class=\"tatsu-overlay tatsu-column-overlay tatsu-animate-none\" ><\/div><a href=\"https:\/\/afabaix.org\/es\/afabaix\/estructura\/\" class=\"tatsu-col-overlay-link\"><\/a><\/div><style>.tatsu-row > .tatsu-Sy30tD0qnt.tatsu-column{width: 20%;}.tatsu-Sy30tD0qnt.tatsu-column > .tatsu-column-inner > .tatsu-column-overlay{mix-blend-mode: normal;}.tatsu-Sy30tD0qnt > .tatsu-column-inner > .tatsu-top-divider{z-index: 9999;}.tatsu-Sy30tD0qnt > .tatsu-column-inner > .tatsu-bottom-divider{z-index: 9999;}.tatsu-Sy30tD0qnt > .tatsu-column-inner > .tatsu-left-divider{z-index: 9999;}.tatsu-Sy30tD0qnt > .tatsu-column-inner > .tatsu-right-divider{z-index: 9999;}@media only screen and (max-width:1377px) {.tatsu-row > .tatsu-Sy30tD0qnt.tatsu-column{width: 20%;}}@media only screen and (min-width:768px) and (max-width: 1024px) {.tatsu-row > .tatsu-Sy30tD0qnt.tatsu-column{width: 20%;}}@media only screen and (max-width: 767px) {.tatsu-row > .tatsu-Sy30tD0qnt.tatsu-column{width: 100%;}}<\/style><\/div><div  class=\"tatsu-column  tatsu-bg-overlay tatsu-one-fifth tatsu-column-image- tatsu-column-effect-  tatsu-rJyl0twCqhK\"  data-parallax-speed=\"0\" style=\"\"><div class=\"tatsu-column-inner \" ><div class=\"tatsu-column-pad-wrap\"><div class=\"tatsu-column-pad\" ><div  class=\"tatsu-module tatsu-normal-icon tatsu-icon-shortcode align-center tatsu-Hyge0FvCq2t   \"><style>.tatsu-Hyge0FvCq2t .tatsu-icon{color: rgba(241,145,3,1) ;}.tatsu-Hyge0FvCq2t.tatsu-normal-icon{margin: 0px 0px 10px 0px;}.tatsu-Hyge0FvCq2t{border-width: 0px 0px 0px 0px;}<\/style><a href=\"#\"  class=\"tatsu-icon-wrap plain  tatsu-animate    \" data-animation=\"fadeIn\"   aria-label=\"tatsu-icon-home\" data-gdpr-atts={}   ><i class=\"tatsu-icon tatsu-custom-icon tatsu-custom-icon-class tatsu-icon-home large plain\"><\/i><\/a><\/div><div  class=\"tatsu-module tatsu-text-block-wrap tatsu-HyblAYvA52Y  \"><div class=\"tatsu-text-inner tatsu-align-center  clearfix\" ><style>.tatsu-HyblAYvA52Y.tatsu-text-block-wrap .tatsu-text-inner{width: 100%;text-align: center;}<\/style>\n<h6>DELEGACIONES<\/h6>\n<\/div><\/div><\/div><\/div><div class = \"tatsu-column-bg-image-wrap\"><div class = \"tatsu-column-bg-image\" ><\/div><\/div><div class=\"tatsu-overlay tatsu-column-overlay tatsu-animate-hide\" ><\/div><a href=\"https:\/\/afabaix.org\/es\/afabaix\/delegaciones\/\" class=\"tatsu-col-overlay-link\"><\/a><\/div><style>.tatsu-row > .tatsu-rJyl0twCqhK.tatsu-column{width: 20%;}.tatsu-rJyl0twCqhK.tatsu-column > .tatsu-column-inner > .tatsu-column-overlay{mix-blend-mode: normal;}.tatsu-rJyl0twCqhK > .tatsu-column-inner > .tatsu-top-divider{z-index: 9999;}.tatsu-rJyl0twCqhK > .tatsu-column-inner > .tatsu-bottom-divider{z-index: 9999;}.tatsu-rJyl0twCqhK > .tatsu-column-inner > .tatsu-left-divider{z-index: 9999;}.tatsu-rJyl0twCqhK > .tatsu-column-inner > .tatsu-right-divider{z-index: 9999;}@media only screen and (max-width:1377px) {.tatsu-row > .tatsu-rJyl0twCqhK.tatsu-column{width: 20%;}}@media only screen and (min-width:768px) and (max-width: 1024px) {.tatsu-row > .tatsu-rJyl0twCqhK.tatsu-column{width: 20%;}}@media only screen and (max-width: 767px) {.tatsu-row > .tatsu-rJyl0twCqhK.tatsu-column{width: 100%;}}<\/style><\/div><\/div><\/div><\/div><\/div><div class = \"tatsu-column-bg-image-wrap\"><div class = \"tatsu-column-bg-image\" ><\/div><\/div><div class=\"tatsu-overlay tatsu-column-overlay tatsu-animate-none\" ><\/div><\/div><style>.tatsu-row > .tatsu-HJWAYPC5nt.tatsu-column{width: 100%;}.tatsu-HJWAYPC5nt.tatsu-column > .tatsu-column-inner > .tatsu-column-overlay{mix-blend-mode: normal;}.tatsu-HJWAYPC5nt > .tatsu-column-inner > .tatsu-top-divider{z-index: 9999;}.tatsu-HJWAYPC5nt > .tatsu-column-inner > .tatsu-bottom-divider{z-index: 9999;}.tatsu-HJWAYPC5nt > .tatsu-column-inner > .tatsu-left-divider{z-index: 9999;}.tatsu-HJWAYPC5nt > .tatsu-column-inner > .tatsu-right-divider{z-index: 9999;}@media only screen and (max-width:1377px) {.tatsu-row > .tatsu-HJWAYPC5nt.tatsu-column{width: 100%;}}@media only screen and (min-width:768px) and (max-width: 1024px) {.tatsu-row > .tatsu-HJWAYPC5nt.tatsu-column{width: 100%;}}@media only screen and (max-width: 767px) {.tatsu-row > .tatsu-HJWAYPC5nt.tatsu-column{width: 100%;}}<\/style><\/div><\/div><\/div><\/div><div class=\"tatsu-section-background-wrap\"><div class = \"tatsu-section-background\" ><\/div><\/div><div class=\"tatsu-overlay tatsu-section-overlay\"><\/div><style>.tatsu-H1CFDCc3F .tatsu-section-pad{padding: 45px 0px 2px 0px;}.tatsu-H1CFDCc3F .tatsu-section-offset-wrap{transform: translateY(-0px);}.tatsu-H1CFDCc3F > .tatsu-bottom-divider{z-index: 9999;}.tatsu-H1CFDCc3F > .tatsu-top-divider{z-index: 9999;}.tatsu-H1CFDCc3F .tatsu-section-overlay{mix-blend-mode: normal;}<\/style><\/div><div  class=\"tatsu-grxd86hbrkg5velk tatsu-section  tatsu-bg-overlay   tatsu-clearfix\" data-title=\"\"  data-headerscheme=\"background--dark\"><div class='tatsu-section-pad clearfix' data-padding='{\"d\":\"46px 0px 90px 0px\",\"m\":\"65px 0px 90px 0px\"}' data-padding-top='65px'><div class=\"tatsu-row-wrap  tatsu-wrap tatsu-row-one-col tatsu-row-has-one-cols tatsu-medium-gutter tatsu-reg-cols  tatsu-clearfix tatsu-grxd86hbw21gbm2w\" ><div  class=\"tatsu-row \" ><div  class=\"tatsu-column  tatsu-bg-overlay tatsu-one-col tatsu-column-image-none tatsu-column-effect-none  tatsu-grxd86hbza59w8qr\"  data-parallax-speed=\"0\" style=\"\"><div class=\"tatsu-column-inner \" ><div class=\"tatsu-column-pad-wrap\"><div class=\"tatsu-column-pad\" ><div  class=\"tatsu-module tatsu-text-block-wrap tatsu-grxd86hc3q4qgqxy  \"><div class=\"tatsu-text-inner tatsu-align-center  clearfix\" ><style>.tatsu-grxd86hc3q4qgqxy.tatsu-text-block-wrap .tatsu-text-inner{width: 100%;text-align: left;}<\/style>\n<p><strong>AFA Baix Llobregat<\/strong>\u00a0es una entidad sin \u00e1nimo de lucro, declarada de utilidad p\u00fablica, nacida con la finalidad de apoyar y mejorar la calidad de vida de todos los afectados por la enfermedad de Alzheimer. Su \u00e1mbito de actuaci\u00f3n es comarcal y dispone de servicios y recursos a las diferentes poblaciones de la comarca.<\/p>\n<p>La Asociaci\u00f3n naci\u00f3 en 1994, como delegaci\u00f3n de AFA Barcelona en el Baix Llobregat, para dar respuesta a la indefensi\u00f3n en la que se encontraban entonces los enfermos de Alzheimer\u00a0y sus familiares. En 1997 se escindi\u00f3 de esta organizaci\u00f3n y se constituy\u00f3 en una nueva:\u00a0<strong>AFA Baix Llobregat<\/strong>, que se estableci\u00f3 como entidad aut\u00f3noma, teniendo como \u00e1mbito de influencia las poblaciones del Baix Llobregat, una comarca con m\u00e1s de 800.000 habitantes y con una gran incidencia de la demencia causada por la enfermedad de Alzheimer.<\/p>\n<h4>Los objetivos de AFA Baix Llobregat<\/h4>\n<p>AFA Baix Llobregat tiene como objetivo general ayudar a mejorar la calidad de vida de los enfermos y de sus familias. Para ello se realizan actividades de ayuda a las familias y de representaci\u00f3n ante la Administraci\u00f3n. Los objetivos espec\u00edficos de AFA Baix Llobregat son:<\/p>\n<ol>\n<li>Dar una atenci\u00f3n profesionalizada, individualizada y especializada a los afectados por la demencia y sus familias a trav\u00e9s de los diferentes programas y talleres, como son los Centros Alo\u00efs y los Talleres de memoria, los grupos de apoyo, los Talleres de Musicoterapia, el Aula de memoria con la incorporaci\u00f3n de las nuevas tecnolog\u00edas entre otras.<\/li>\n<li>Asesorar e informar a los interesados en cuestiones cient\u00edficas, legales, econ\u00f3micas y de asistencia social.<\/li>\n<li>Promocionar la necesidad de un diagn\u00f3stico precoz y correcto.<\/li>\n<li>Ayudar a las familias a soportar el impacto psicol\u00f3gico que supone la enfermedad.<\/li>\n<li>Orientar hacia una atenci\u00f3n integral del enfermo.<\/li>\n<li>Estimular la investigaci\u00f3n cient\u00edfica en los aspectos de la enfermedad que todav\u00eda no est\u00e1n definidos.<\/li>\n<li>Informar y sensibilizar a la sociedad, a trav\u00e9s de los medios de comunicaci\u00f3n, los diferentes aspectos de la enfermedad y su impacto.<\/li>\n<li>Representar ante la Administraci\u00f3n y otras instituciones los intereses de los enfermos y de sus familias.<\/li>\n<\/ol>\n<h4>Actividades de Baix Llobregat<\/h4>\n<p>AFA Baix Llobregat trabaja a partir de las comisiones de formaci\u00f3n, informaci\u00f3n, acogida a las familias, servicio de asesor\u00eda jur\u00eddica, servicio de asistencia psicol\u00f3gica, servicio social, ejecutivas de administraci\u00f3n, contactos, divulgaci\u00f3n, asesor\u00eda cient\u00edfica y de gobierno.<\/p>\n<p>Las actividades de AFA Baix Llobregat se dividen en tres campos:<\/p>\n<ol>\n<li>Actividades de apoyo y ayuda a la familia.<\/li>\n<li>Actividades de representaci\u00f3n y defensa de los enfermos.<\/li>\n<li>Actividades de informaci\u00f3n y difusi\u00f3n.<\/li>\n<\/ol>\n<p style=\"text-align: center;\"><iframe loading=\"lazy\" src=\"\/\/www.youtube.com\/embed\/SGrfiVv8Xho\" width=\"560\" height=\"314\" allowfullscreen=\"allowfullscreen\"><\/iframe><\/p>\n<\/div><\/div><\/div><\/div><div class = \"tatsu-column-bg-image-wrap\"><div class = \"tatsu-column-bg-image\" ><\/div><\/div><div class=\"tatsu-overlay tatsu-column-overlay tatsu-animate-none\" ><\/div><\/div><style>.tatsu-row > .tatsu-grxd86hbza59w8qr.tatsu-column{width: 100%;}.tatsu-grxd86hbza59w8qr.tatsu-column > .tatsu-column-inner > .tatsu-column-overlay{mix-blend-mode: normal;}.tatsu-grxd86hbza59w8qr > .tatsu-column-inner > .tatsu-top-divider{z-index: 9999;}.tatsu-grxd86hbza59w8qr > .tatsu-column-inner > .tatsu-bottom-divider{z-index: 9999;}.tatsu-grxd86hbza59w8qr > .tatsu-column-inner > .tatsu-left-divider{z-index: 9999;}.tatsu-grxd86hbza59w8qr > .tatsu-column-inner > .tatsu-right-divider{z-index: 9999;}<\/style><\/div><\/div><\/div><\/div><div class=\"tatsu-section-background-wrap\"><div class = \"tatsu-section-background\" ><\/div><\/div><div class=\"tatsu-overlay tatsu-section-overlay\"><\/div><style>.tatsu-grxd86hbrkg5velk .tatsu-section-pad{padding: 46px 0px 90px 0px;}.tatsu-grxd86hbrkg5velk > .tatsu-bottom-divider{z-index: 9999;}.tatsu-grxd86hbrkg5velk > .tatsu-top-divider{z-index: 9999;}.tatsu-grxd86hbrkg5velk .tatsu-section-overlay{mix-blend-mode: normal;}@media only screen and (max-width: 767px) {.tatsu-grxd86hbrkg5velk .tatsu-section-pad{padding: 65px 0px 90px 0px;}}<\/style><\/div>\n","protected":false},"excerpt":{"rendered":"<p>L&#8217;<strong>AFA Baix Llobregat<\/strong>&nbsp;(Associaci\u00f3 de Familiars de Malalts d&#8217;Alzheimer del Baix Llobregat) \u00e9s una entitat sense \u00e0nim de lucre, declarada d&#8217;utilitat p\u00fablica, nascuda el 1994 amb la finalitat de donar suport i millorar la qualitat de vida de tots els afectats per la malatia d&#8217; Alzheimer. El seu \u00e0mbit d\u2019actuaci\u00f3 \u00e9s el Baix Llobregat -una demarcaci\u00f3 amb m\u00e9s de 800.000 habitants i amb una gran incid\u00e8ncia de la dem\u00e8ncia causada per la malaltia d&#8217;Alzheimer-&nbsp;&nbsp;i disposa de serveis i recursos a diferents poblacions de la comarca.&nbsp;<\/p>\n<div><a href=\"https:\/\/afabaix.org\/es\/afabaix\/presentacion\/\" class=\"exp-read-more exp-read-more-underlined\">Read More<\/a><\/div>\n","protected":false},"author":1,"featured_media":0,"parent":22504,"menu_order":0,"comment_status":"closed","ping_status":"closed","template":"","meta":{"footnotes":""},"class_list":["post-55","page","type-page","status-publish","hentry"],"_links":{"self":[{"href":"https:\/\/afabaix.org\/es\/wp-json\/wp\/v2\/pages\/55","targetHints":{"allow":["GET"]}}],"collection":[{"href":"https:\/\/afabaix.org\/es\/wp-json\/wp\/v2\/pages"}],"about":[{"href":"https:\/\/afabaix.org\/es\/wp-json\/wp\/v2\/types\/page"}],"author":[{"embeddable":true,"href":"https:\/\/afabaix.org\/es\/wp-json\/wp\/v2\/users\/1"}],"replies":[{"embeddable":true,"href":"https:\/\/afabaix.org\/es\/wp-json\/wp\/v2\/comments?post=55"}],"version-history":[{"count":9,"href":"https:\/\/afabaix.org\/es\/wp-json\/wp\/v2\/pages\/55\/revisions"}],"predecessor-version":[{"id":23524,"href":"https:\/\/afabaix.org\/es\/wp-json\/wp\/v2\/pages\/55\/revisions\/23524"}],"up":[{"embeddable":true,"href":"https:\/\/afabaix.org\/es\/wp-json\/wp\/v2\/pages\/22504"}],"wp:attachment":[{"href":"https:\/\/afabaix.org\/es\/wp-json\/wp\/v2\/media?parent=55"}],"curies":[{"name":"wp","href":"https:\/\/api.w.org\/{rel}","templated":true}]}}