
{"id":68,"date":"2013-01-29T16:43:51","date_gmt":"2013-01-29T16:43:51","guid":{"rendered":"https:\/\/lacuinade.timit2003.com\/afabaix2\/delegaciones\/"},"modified":"2024-12-10T17:57:05","modified_gmt":"2024-12-10T17:57:05","slug":"delegaciones","status":"publish","type":"page","link":"https:\/\/afabaix.org\/es\/afabaix\/delegaciones\/","title":{"rendered":"Delegaciones"},"content":{"rendered":"<div  class=\"tatsu-SkTEUBUh_ tatsu-section  tatsu-bg-overlay   tatsu-clearfix\" data-title=\"\"  data-headerscheme=\"background--dark\"><div class='tatsu-section-pad clearfix' data-padding='{\"d\":\"320px 0px 25px 0px\",\"t\":\"200px 0px 38px 0px\"}' data-padding-top='320px'><div class=\"tatsu-row-wrap  tatsu-wrap tatsu-row-one-col tatsu-row-has-one-cols tatsu-medium-gutter tatsu-reg-cols  tatsu-clearfix tatsu-ryx6NLSLnd\" ><div  class=\"tatsu-row \" ><div  class=\"tatsu-column  tatsu-bg-overlay tatsu-one-col tatsu-column-align-bottom tatsu-column-image-none tatsu-column-effect-none  tatsu-rJba4LS83d\"  data-parallax-speed=\"0\" style=\"\"><div class=\"tatsu-column-inner \" ><div class=\"tatsu-column-pad-wrap\"><div class=\"tatsu-column-pad\" ><div  class=\"tatsu-module tatsu-text-block-wrap tatsu-HkzT4UBUhO  \"><div class=\"tatsu-text-inner   clearfix\" ><style>.tatsu-HkzT4UBUhO.tatsu-text-block-wrap .tatsu-text-inner{width: 32%;text-align: left;background-color: rgba(241,145,3,1);padding: 0px 0px 0px 5px;color: rgba(255,255,255,1) ;}.tatsu-HkzT4UBUhO.tatsu-text-block-wrap{margin: 0px 0px 30px 5px;}.tatsu-HkzT4UBUhO .tatsu-text-inner *{color: rgba(255,255,255,1) ;}.tatsu-HkzT4UBUhO.tatsu-text-block-wrap .tatsu-text-inner *{font-family : \"Montserrat\",-apple-system,BlinkMacSystemFont,'Segoe UI',Roboto,Oxygen-Sans,Ubuntu,Cantarell,'Helvetica Neue',sans-serif;font-weight : 700;font-size : 36px;letter-spacing : 0px;}@media only screen and (max-width:1377px) {.tatsu-HkzT4UBUhO.tatsu-text-block-wrap .tatsu-text-inner{width: 26%;}}@media only screen and (min-width:768px) and (max-width: 1024px) {.tatsu-HkzT4UBUhO.tatsu-text-block-wrap .tatsu-text-inner{width: 33%;}}@media only screen and (max-width: 767px) {.tatsu-HkzT4UBUhO.tatsu-text-block-wrap .tatsu-text-inner{width: 98%;}}<\/style>\n<h1 id=\"page-title\" class=\"title\">Delegaciones<\/h1>\n<\/div><\/div><\/div><\/div><div class = \"tatsu-column-bg-image-wrap\"><div class = \"tatsu-column-bg-image\" ><\/div><\/div><div class=\"tatsu-overlay tatsu-column-overlay tatsu-animate-none\" ><\/div><\/div><style>.tatsu-row > .tatsu-rJba4LS83d.tatsu-column{width: 100%;}.tatsu-rJba4LS83d.tatsu-column > .tatsu-column-inner > .tatsu-column-overlay{mix-blend-mode: normal;}.tatsu-rJba4LS83d > .tatsu-column-inner > .tatsu-top-divider{z-index: 9999;}.tatsu-rJba4LS83d > .tatsu-column-inner > .tatsu-bottom-divider{z-index: 9999;}.tatsu-rJba4LS83d > .tatsu-column-inner > .tatsu-left-divider{z-index: 9999;}.tatsu-rJba4LS83d > .tatsu-column-inner > .tatsu-right-divider{z-index: 9999;}@media only screen and (max-width:1377px) {.tatsu-row > .tatsu-rJba4LS83d.tatsu-column{width: 100%;}}@media only screen and (min-width:768px) and (max-width: 1024px) {.tatsu-row > .tatsu-rJba4LS83d.tatsu-column{width: 100%;}}@media only screen and (max-width: 767px) {.tatsu-row > .tatsu-rJba4LS83d.tatsu-column{width: 100%;}}<\/style><\/div><\/div><\/div><\/div><div class=\"tatsu-section-background-wrap\"><div class = \"tatsu-section-background\" ><\/div><\/div><div class=\"tatsu-overlay tatsu-section-overlay\"><\/div><style>.tatsu-SkTEUBUh_ .tatsu-section-background{background-image: url(https:\/\/afabaix.org\/wp-content\/uploads\/2020\/09\/304322-06-20-aloiscornella.jpg);background-repeat: no-repeat;background-attachment: scroll;background-position: center left;background-size: cover;}.tatsu-SkTEUBUh_ .tatsu-bg-blur{background-repeat: no-repeat;background-attachment: scroll;background-position: center left;background-size: cover;}.tatsu-SkTEUBUh_ .tatsu-section-pad{padding: 320px 0px 25px 0px;}.tatsu-SkTEUBUh_ .tatsu-section-offset-wrap{transform: translateY(-0px);}.tatsu-SkTEUBUh_ > .tatsu-bottom-divider{z-index: 9999;}.tatsu-SkTEUBUh_ > .tatsu-top-divider{z-index: 9999;}.tatsu-SkTEUBUh_ .tatsu-section-overlay{background: rgba(22,20,5,0.19);mix-blend-mode: normal;}@media only screen and (min-width:768px) and (max-width: 1024px) {.tatsu-SkTEUBUh_ .tatsu-section-pad{padding: 200px 0px 38px 0px;}}<\/style><\/div><div  class=\"tatsu-ryQpN8HI3u tatsu-section  tatsu-bg-overlay   tatsu-clearfix\" data-title=\"\"  data-headerscheme=\"background--dark\"><div class='tatsu-section-pad clearfix' data-padding='{\"d\":\"90px 0px 90px 0px\",\"m\":\"65px 0px 90px 0px\"}' data-padding-top='65px'><div class=\"tatsu-row-wrap  tatsu-wrap tatsu-row-one-col tatsu-row-has-one-cols tatsu-medium-gutter tatsu-reg-cols  tatsu-clearfix tatsu-ry4TV8rUhO\" ><div  class=\"tatsu-row \" ><div  class=\"tatsu-column  tatsu-bg-overlay tatsu-one-col tatsu-column-image-none tatsu-column-effect-none  tatsu-HySpVIBU2O\"  data-parallax-speed=\"0\" style=\"\"><div class=\"tatsu-column-inner \" ><div class=\"tatsu-column-pad-wrap\"><div class=\"tatsu-column-pad\" ><div  class=\"tatsu-module tatsu-text-block-wrap tatsu-grxe7x2dqzday74f  \"><div class=\"tatsu-text-inner tatsu-align-center  clearfix\" ><style>.tatsu-grxe7x2dqzday74f.tatsu-text-block-wrap .tatsu-text-inner{width: 100%;text-align: left;}<\/style>\n<table border=\"0\">\n<tbody>\n<tr>\n<td valign=\"top\"><strong>Abrera\u00a0<\/strong><\/p>\n<p>Sra. Aroa Conejero\u00a0<br \/>Pla\u00e7a de les Escoles Velles s\/n<br \/>08630 Abrera<br \/>Mbl. 606 16 14 46<br \/>d.abrera@afabaix.org<\/p>\n<\/td>\n<td valign=\"top\"><strong>Castelldefels<\/strong><br \/><em>Sra. Alba Naval<\/em><br \/>C. Bisbe Urquinaona 17<br \/>Tel. 616 197.571<\/td>\n<td valign=\"top\"><strong>Cervell\u00f3<\/strong><br \/><em>Sra. Gisela Flashe<\/em><\/p>\n<p>Tel. 620 818 796<\/p>\n<\/td>\n<\/tr>\n<tr>\n<td valign=\"top\"><strong>Cornell\u00e0 de Llobregat<\/strong><br \/><em>Sra. Ant\u00f2nia Gonz\u00e1lez<\/em><br \/>Centre Alois Cornell\u00e0 (Av. L\u00ednea El\u00e8ctrica 13 baixos)<br \/>Tel. 93 375 59 25<br \/>Tel. 686 453 680<\/td>\n<td valign=\"top\"><strong>El Prat de Llobregat<\/strong><br \/><em>Sra. Merc\u00e8 Rull<\/em><br \/>C. Eusebi Soler n\u00fam.1 1r, 1a<br \/><span style=\"line-height: 1.538em;\"> Tel. 93 379 00 22<br \/><\/span> <span style=\"line-height: 1.538em;\">Tel. 639 81 94 40<\/span><\/td>\n<td valign=\"top\">\n<p><strong>Esplugues<\/strong><br \/>Sra. Merc\u00e8 Mart\u00ednez<br \/>Centre Municipal Puig Coca<\/p>\n<p>Tel. 670.21.45.11<\/p>\n<\/td>\n<\/tr>\n<tr>\n<td valign=\"top\"><strong>Molins de Rei<\/strong><br \/><em>Sra. Pilar Mas<\/em><br \/>Federaci\u00f3 Obrera<br \/>Tel. 93 668 02 76<br \/>Tel. 661 050 927<\/td>\n<td valign=\"top\"><strong>Olesa de Montserrat<\/strong><br \/><em>Sra. Karim Pe\u00f1a<\/em><\/p>\n<p>Tel. 682 86 27 06<\/p>\n<p>d.olesam@afabaix.org<\/p>\n<\/td>\n<td><strong>Pallej\u00e0<\/strong><br \/>Sra. Merc\u00e8 Esteller<br \/><span style=\"line-height: 1.538em;\">Castell de Pallej\u00e0<br \/><\/span><span style=\"line-height: 1.538em;\">Tel. 93 663 20 44<\/span><\/td>\n<\/tr>\n<tr>\n<td valign=\"top\"><strong>Sant Andreu de la Barca<\/strong><br \/>Sr. Dani Mendoza<br \/>Tel. 636 31 00 96<\/td>\n<td valign=\"top\">\n<p><strong>Sant Boi de Llobregat<\/strong><br \/><em>Sr. F\u00e8lix Pou<\/em><br \/>ESPAI FEM MEM\u00d2RIA<\/p>\n<p>C. D\u00eddac Priu 10 baixos<br \/>Tel. 93.654.83.52 \/ 689.865.102<\/p>\n<p>d.santboi@afabaix.org<\/p>\n<\/td>\n<td valign=\"top\"><strong>Sant Feliu de Llobregat<\/strong><br \/><em>Sra. Vict\u00f2ria L\u00f3pez<\/em><br \/>Tel. 93 666 06 53<br \/>Tel. 639 82 23 11<\/td>\n<\/tr>\n<tr>\n<td valign=\"top\">\n<p><strong>Sant Joan Desp\u00ed<\/strong><br \/><em>Sra. Joana Fonollosa<\/em><br \/>Centre Antonio Machado\u00a0<strong><br \/><\/strong>Passatge San Miquel, 5<br \/>Tel. 680 567 297<\/p>\n<\/td>\n<td valign=\"top\"><strong style=\"line-height: 1.538em;\"><strong>Sant Just Desvern<\/strong><br \/><\/strong><em>S<\/em><em>ra. Rosa Ros<\/em><br \/>C. Roquetes, 33, 2n. 3a<br \/>Tel. 600 882 888<\/td>\n<td valign=\"top\">\n<p><strong>Sant Vicen\u00e7 dels Horts<\/strong><\/p>\n<p><em>Sra. S\u00edlvia Ram\u00edrez<\/em><\/p>\n<p>Tel. 602 640 008<\/p>\n<\/td>\n<\/tr>\n<tr>\n<td valign=\"top\">\u00a0<\/td>\n<td valign=\"top\">\n<p><strong>Espai Fem Mem\u00f2ria\u00a0<\/strong><\/p>\n<p>C. D\u00eddac Piu 10 baixos<\/p>\n<p>Tel: 93 654 83 52 \/ 616 19 75 71<\/p>\n<p>femmemoria@afabaix.org<\/p>\n<\/td>\n<td valign=\"top\">\n<p>\u00a0<\/p>\n<\/td>\n<\/tr>\n<tr>\n<td valign=\"top\"><strong>Centre Alois\u00a0Cornell\u00e0<\/strong><\/p>\n<p>Av. L\u00ednea El\u00e9ctrica, 13 baixos<br \/><span style=\"line-height: 1.538em;\">08940 Cornell\u00e0 de Llobregat<br \/><\/span><span style=\"line-height: 1.538em;\">Tel. 93 375 59 25<\/span><\/p>\n<p>alois-cornella@afabaix.org<\/p>\n<\/td>\n<td valign=\"top\">\n<p><strong>Cente Alo\u00efs\u00a0Prat<\/strong><br \/>Av. Apel\u00b7les mestres 33, baixos<br \/>08820 El Prat de Llobregat<br \/>Tel. 93 370 45 29<\/p>\n<p>alois-prat@afabaix.org<\/p>\n<\/td>\n<td valign=\"top\"><strong style=\"line-height: 20.0063px;\">Centre Alois\u00a0Molins<\/strong><\/p>\n<p style=\"line-height: 20.0063px;\">C. Cam\u00ed antic de la Santa Creu d&#8217;Olorda, 4<br \/><span style=\"line-height: 1.538em;\">08750 Molins de Rei<br \/><\/span><span style=\"line-height: 1.538em;\">Tel.\u00a093.688.86.99<\/span><\/p>\n<p>alois-molins@afabaix.or<\/p>\n<\/td>\n<\/tr>\n<\/tbody>\n<\/table>\n<\/div><\/div><\/div><\/div><div class = \"tatsu-column-bg-image-wrap\"><div class = \"tatsu-column-bg-image\" ><\/div><\/div><div class=\"tatsu-overlay tatsu-column-overlay tatsu-animate-none\" ><\/div><\/div><style>.tatsu-row > .tatsu-HySpVIBU2O.tatsu-column{width: 100%;}.tatsu-HySpVIBU2O.tatsu-column > .tatsu-column-inner > .tatsu-column-overlay{mix-blend-mode: normal;}.tatsu-HySpVIBU2O > .tatsu-column-inner > .tatsu-top-divider{z-index: 9999;}.tatsu-HySpVIBU2O > .tatsu-column-inner > .tatsu-bottom-divider{z-index: 9999;}.tatsu-HySpVIBU2O > .tatsu-column-inner > .tatsu-left-divider{z-index: 9999;}.tatsu-HySpVIBU2O > .tatsu-column-inner > .tatsu-right-divider{z-index: 9999;}<\/style><\/div><\/div><\/div><\/div><div class=\"tatsu-section-background-wrap\"><div class = \"tatsu-section-background\" ><\/div><\/div><div class=\"tatsu-overlay tatsu-section-overlay\"><\/div><style>.tatsu-ryQpN8HI3u .tatsu-section-pad{padding: 90px 0px 90px 0px;}.tatsu-ryQpN8HI3u > .tatsu-bottom-divider{z-index: 9999;}.tatsu-ryQpN8HI3u > .tatsu-top-divider{z-index: 9999;}.tatsu-ryQpN8HI3u .tatsu-section-overlay{mix-blend-mode: normal;}@media only screen and (max-width: 767px) {.tatsu-ryQpN8HI3u .tatsu-section-pad{padding: 65px 0px 90px 0px;}}<\/style><\/div>\n","protected":false},"excerpt":{"rendered":"<div><a href=\"https:\/\/afabaix.org\/es\/afabaix\/delegaciones\/\" class=\"exp-read-more exp-read-more-underlined\">Read More<\/a><\/div>\n","protected":false},"author":1,"featured_media":0,"parent":22504,"menu_order":0,"comment_status":"closed","ping_status":"closed","template":"","meta":{"footnotes":""},"class_list":["post-68","page","type-page","status-publish","hentry"],"_links":{"self":[{"href":"https:\/\/afabaix.org\/es\/wp-json\/wp\/v2\/pages\/68","targetHints":{"allow":["GET"]}}],"collection":[{"href":"https:\/\/afabaix.org\/es\/wp-json\/wp\/v2\/pages"}],"about":[{"href":"https:\/\/afabaix.org\/es\/wp-json\/wp\/v2\/types\/page"}],"author":[{"embeddable":true,"href":"https:\/\/afabaix.org\/es\/wp-json\/wp\/v2\/users\/1"}],"replies":[{"embeddable":true,"href":"https:\/\/afabaix.org\/es\/wp-json\/wp\/v2\/comments?post=68"}],"version-history":[{"count":13,"href":"https:\/\/afabaix.org\/es\/wp-json\/wp\/v2\/pages\/68\/revisions"}],"predecessor-version":[{"id":28295,"href":"https:\/\/afabaix.org\/es\/wp-json\/wp\/v2\/pages\/68\/revisions\/28295"}],"up":[{"embeddable":true,"href":"https:\/\/afabaix.org\/es\/wp-json\/wp\/v2\/pages\/22504"}],"wp:attachment":[{"href":"https:\/\/afabaix.org\/es\/wp-json\/wp\/v2\/media?parent=68"}],"curies":[{"name":"wp","href":"https:\/\/api.w.org\/{rel}","templated":true}]}}