
{"id":69,"date":"2013-01-29T10:28:38","date_gmt":"2013-01-29T10:28:38","guid":{"rendered":"https:\/\/lacuinade.timit2003.com\/afabaix2\/cursos-2\/"},"modified":"2022-02-14T12:34:29","modified_gmt":"2022-02-14T12:34:29","slug":"cursos","status":"publish","type":"page","link":"https:\/\/afabaix.org\/es\/servicios\/cursos\/","title":{"rendered":"Cursos"},"content":{"rendered":"<div  class=\"tatsu-ry35uSL2O tatsu-section  tatsu-bg-overlay   tatsu-clearfix\" data-title=\"\"  data-headerscheme=\"background--dark\"><div class='tatsu-section-pad clearfix' data-padding='{\"d\":\"320px 0px 25px 0px\",\"t\":\"200px 0px 38px 0px\"}' data-padding-top='320px'><div class=\"tatsu-row-wrap  tatsu-wrap tatsu-row-one-col tatsu-row-has-one-cols tatsu-medium-gutter tatsu-reg-cols  tatsu-clearfix tatsu-HJehqurI3u\" ><div  class=\"tatsu-row \" ><div  class=\"tatsu-column  tatsu-bg-overlay tatsu-one-col tatsu-column-align-bottom tatsu-column-image-none tatsu-column-effect-none  tatsu-rkbhc_SI3u\"  data-parallax-speed=\"0\" style=\"\"><div class=\"tatsu-column-inner \" ><div class=\"tatsu-column-pad-wrap\"><div class=\"tatsu-column-pad\" ><div  class=\"tatsu-module tatsu-text-block-wrap tatsu-SkM35drLhu  \"><div class=\"tatsu-text-inner   clearfix\" ><style>.tatsu-SkM35drLhu.tatsu-text-block-wrap .tatsu-text-inner{width: 13%;text-align: left;background-color: rgba(241,145,3,1);padding: 0px 0px 0px 5px;color: rgba(255,255,255,1) ;}.tatsu-SkM35drLhu.tatsu-text-block-wrap{margin: 0px 0px 30px 5px;}.tatsu-SkM35drLhu .tatsu-text-inner *{color: rgba(255,255,255,1) ;}.tatsu-SkM35drLhu.tatsu-text-block-wrap .tatsu-text-inner *{font-family : \"Montserrat\",-apple-system,BlinkMacSystemFont,'Segoe UI',Roboto,Oxygen-Sans,Ubuntu,Cantarell,'Helvetica Neue',sans-serif;font-weight : 700;font-size : 36px;letter-spacing : 0px;}@media only screen and (max-width:1377px) {.tatsu-SkM35drLhu.tatsu-text-block-wrap .tatsu-text-inner{width: 21%;}}@media only screen and (min-width:768px) and (max-width: 1024px) {.tatsu-SkM35drLhu.tatsu-text-block-wrap .tatsu-text-inner{width: 33%;}}@media only screen and (max-width: 767px) {.tatsu-SkM35drLhu.tatsu-text-block-wrap .tatsu-text-inner{width: 83%;}}<\/style>\n<h2>Cursos<\/h2>\n<\/div><\/div><\/div><\/div><div class = \"tatsu-column-bg-image-wrap\"><div class = \"tatsu-column-bg-image\" ><\/div><\/div><div class=\"tatsu-overlay tatsu-column-overlay tatsu-animate-none\" ><\/div><\/div><style>.tatsu-row > .tatsu-rkbhc_SI3u.tatsu-column{width: 100%;}.tatsu-rkbhc_SI3u.tatsu-column > .tatsu-column-inner > .tatsu-column-overlay{mix-blend-mode: normal;}.tatsu-rkbhc_SI3u > .tatsu-column-inner > .tatsu-top-divider{z-index: 9999;}.tatsu-rkbhc_SI3u > .tatsu-column-inner > .tatsu-bottom-divider{z-index: 9999;}.tatsu-rkbhc_SI3u > .tatsu-column-inner > .tatsu-left-divider{z-index: 9999;}.tatsu-rkbhc_SI3u > .tatsu-column-inner > .tatsu-right-divider{z-index: 9999;}@media only screen and (max-width:1377px) {.tatsu-row > .tatsu-rkbhc_SI3u.tatsu-column{width: 100%;}}@media only screen and (min-width:768px) and (max-width: 1024px) {.tatsu-row > .tatsu-rkbhc_SI3u.tatsu-column{width: 100%;}}@media only screen and (max-width: 767px) {.tatsu-row > .tatsu-rkbhc_SI3u.tatsu-column{width: 100%;}}<\/style><\/div><\/div><\/div><\/div><div class=\"tatsu-section-background-wrap\"><div class = \"tatsu-section-background\" ><\/div><\/div><div class=\"tatsu-overlay tatsu-section-overlay\"><\/div><style>.tatsu-ry35uSL2O .tatsu-section-background{background-image: url(https:\/\/afabaix.org\/wp-content\/uploads\/2021\/09\/banner_11.jpg);background-repeat: no-repeat;background-attachment: scroll;background-position: center left;background-size: cover;}.tatsu-ry35uSL2O .tatsu-bg-blur{background-repeat: no-repeat;background-attachment: scroll;background-position: center left;background-size: cover;}.tatsu-ry35uSL2O .tatsu-section-pad{padding: 320px 0px 25px 0px;}.tatsu-ry35uSL2O .tatsu-section-offset-wrap{transform: translateY(-0px);}.tatsu-ry35uSL2O > .tatsu-bottom-divider{z-index: 9999;}.tatsu-ry35uSL2O > .tatsu-top-divider{z-index: 9999;}.tatsu-ry35uSL2O .tatsu-section-overlay{background: rgba(22,20,5,0.19);mix-blend-mode: normal;}@media only screen and (min-width:768px) and (max-width: 1024px) {.tatsu-ry35uSL2O .tatsu-section-pad{padding: 200px 0px 38px 0px;}}<\/style><\/div><div  class=\"tatsu-SyQn5OrLnu tatsu-section  tatsu-bg-overlay   tatsu-clearfix\" data-title=\"\"  data-headerscheme=\"background--dark\"><div class='tatsu-section-pad clearfix' data-padding='{\"d\":\"90px 0px 90px 0px\",\"m\":\"65px 0px 90px 0px\"}' data-padding-top='65px'><div class=\"tatsu-row-wrap  tatsu-wrap tatsu-row-one-col tatsu-row-has-one-cols tatsu-medium-gutter tatsu-reg-cols  tatsu-clearfix tatsu-ryV35OHI3u\" ><div  class=\"tatsu-row \" ><div  class=\"tatsu-column  tatsu-bg-overlay tatsu-one-col tatsu-column-image-none tatsu-column-effect-none  tatsu-H1S2cOHUhO\"  data-parallax-speed=\"0\" style=\"\"><div class=\"tatsu-column-inner \" ><div class=\"tatsu-column-pad-wrap\"><div class=\"tatsu-column-pad\" ><div  class=\"tatsu-module tatsu-text-block-wrap tatsu-grxek850k753dzxx  \"><div class=\"tatsu-text-inner tatsu-align-center  clearfix\" ><style>.tatsu-grxek850k753dzxx.tatsu-text-block-wrap .tatsu-text-inner{width: 100%;text-align: left;}<\/style>\n<p>La enfermedad de Alzheimer es una enfermedad complicada con muchas peculiaridades. Hay rasgos comunes caracter\u00edsticos y algunos que var\u00edan en funci\u00f3n de cada enfermo, as\u00ed como un proceso evolutivo y diferentes etapas con sus caracter\u00edsticas y necesidades espec\u00edficas.<\/p>\n<p>Para poder cuidar a una persona enferma de alzheimer de la mejor manera posible -tanto para el enfermo como para el cuidador- debemos conocer la enfermedad y tener recursos y conocimientos sobre la misma.<\/p>\n<p>Con esta finalidad, la AFA organiza peri\u00f3dicamente cursos y charlas tanto para profesionales sanitarios como para voluntarios y cuidadores.<\/p>\n<p>El curso monogr\u00e1fico sobre la enfermedad de Alzheimer y otras demencias que imparte la Asociaci\u00f3n con profesionales propios y otros colaboradores externos es una formaci\u00f3n acreditada por la Generalitat de Catalu\u00f1a que va destinada a familiares, cuidadoras y profesionales del sector y que busca ofrecer una visi\u00f3n global de la enfermedad. Consta de diferentes sesiones, impartidas por profesionales de la AFA, que tratan distintos aspectos relacionados con la demencia, la autonom\u00eda personal y la dependencia.<\/p>\n<p>El objetivo general del curso es mejorar y ampliar el conocimiento sobre la enfermedad, aportar pautas y estrategias para afrontar las situaciones conflictivas y los problemas m\u00e1s frecuentes e intentar dar la mejor calidad de vida al enfermo de Alzheimer y a quien lo cuida.<\/p>\n<p><strong>Objetivos espec\u00edficos<\/strong><\/p>\n<p>Profundizar en el conocimiento de la enfermedad de Alzheimer y de otras demencias y patolog\u00edas que generan dependencia y carencia de autonom\u00eda.<br \/>Adquirir herramientas pr\u00e1cticas de intervenci\u00f3n con los enfermos y sus familias.<\/p>\n<p><strong>Frecuencia<\/strong><\/p>\n<p>Los cursos, conferencias y charlas se programan puntualmente en diferentes poblaciones en funci\u00f3n de distintos factores.<\/p>\n<p>Cuando se programen se publicar\u00e1 en nuestra web y se difundir\u00e1 en nuestras redes sociales.<\/p>\n<\/div><\/div><div  class=\"tatsu-single-image tatsu-module tatsu-image-lazyload tatsu-SkDAayz7F  \" ><div class=\"tatsu-single-image-inner \" style=\"width : 700px;\" ><div class = \"tatsu-single-image-padding-wrap\" style = \"padding-bottom : 61.857142857143%;\" ><\/div><img class = \"tatsu-gradient-border\" alt = \"\" title = \"cursos2\" data-src = \"https:\/\/afabaix.org\/wp-content\/uploads\/2021\/09\/cursos2.jpg\" src =\"data:image\/png;base64,iVBORw0KGgoAAAANSUhEUgAAAAEAAAABCAQAAAC1HAwCAAAAC0lEQVR42mNkYAAAAAYAAjCB0C8AAAAASUVORK5CYII=\"  \/><\/div><style>.tatsu-SkDAayz7F .tatsu-single-image-inner{border-style: solid;max-width: 100%;}.tatsu-SkDAayz7F.tatsu-single-image{transform: translate3d(0px,0px, 0);}<\/style><\/div><\/div><\/div><div class = \"tatsu-column-bg-image-wrap\"><div class = \"tatsu-column-bg-image\" ><\/div><\/div><div class=\"tatsu-overlay tatsu-column-overlay tatsu-animate-none\" ><\/div><\/div><style>.tatsu-row > .tatsu-H1S2cOHUhO.tatsu-column{width: 100%;}.tatsu-H1S2cOHUhO.tatsu-column > .tatsu-column-inner > .tatsu-column-overlay{mix-blend-mode: normal;}.tatsu-H1S2cOHUhO > .tatsu-column-inner > .tatsu-top-divider{z-index: 9999;}.tatsu-H1S2cOHUhO > .tatsu-column-inner > .tatsu-bottom-divider{z-index: 9999;}.tatsu-H1S2cOHUhO > .tatsu-column-inner > .tatsu-left-divider{z-index: 9999;}.tatsu-H1S2cOHUhO > .tatsu-column-inner > .tatsu-right-divider{z-index: 9999;}<\/style><\/div><\/div><\/div><\/div><div class=\"tatsu-section-background-wrap\"><div class = \"tatsu-section-background\" ><\/div><\/div><div class=\"tatsu-overlay tatsu-section-overlay\"><\/div><style>.tatsu-SyQn5OrLnu .tatsu-section-pad{padding: 90px 0px 90px 0px;}.tatsu-SyQn5OrLnu > .tatsu-bottom-divider{z-index: 9999;}.tatsu-SyQn5OrLnu > .tatsu-top-divider{z-index: 9999;}.tatsu-SyQn5OrLnu .tatsu-section-overlay{mix-blend-mode: normal;}@media only screen and (max-width: 767px) {.tatsu-SyQn5OrLnu .tatsu-section-pad{padding: 65px 0px 90px 0px;}}<\/style><\/div>\n","protected":false},"excerpt":{"rendered":"<div><a href=\"https:\/\/afabaix.org\/es\/servicios\/cursos\/\" class=\"exp-read-more exp-read-more-underlined\">Read More<\/a><\/div>\n","protected":false},"author":1,"featured_media":57,"parent":22601,"menu_order":0,"comment_status":"closed","ping_status":"closed","template":"","meta":{"footnotes":""},"class_list":["post-69","page","type-page","status-publish","has-post-thumbnail","hentry"],"_links":{"self":[{"href":"https:\/\/afabaix.org\/es\/wp-json\/wp\/v2\/pages\/69","targetHints":{"allow":["GET"]}}],"collection":[{"href":"https:\/\/afabaix.org\/es\/wp-json\/wp\/v2\/pages"}],"about":[{"href":"https:\/\/afabaix.org\/es\/wp-json\/wp\/v2\/types\/page"}],"author":[{"embeddable":true,"href":"https:\/\/afabaix.org\/es\/wp-json\/wp\/v2\/users\/1"}],"replies":[{"embeddable":true,"href":"https:\/\/afabaix.org\/es\/wp-json\/wp\/v2\/comments?post=69"}],"version-history":[{"count":6,"href":"https:\/\/afabaix.org\/es\/wp-json\/wp\/v2\/pages\/69\/revisions"}],"predecessor-version":[{"id":23821,"href":"https:\/\/afabaix.org\/es\/wp-json\/wp\/v2\/pages\/69\/revisions\/23821"}],"up":[{"embeddable":true,"href":"https:\/\/afabaix.org\/es\/wp-json\/wp\/v2\/pages\/22601"}],"wp:featuredmedia":[{"embeddable":true,"href":"https:\/\/afabaix.org\/es\/wp-json\/wp\/v2\/media\/57"}],"wp:attachment":[{"href":"https:\/\/afabaix.org\/es\/wp-json\/wp\/v2\/media?parent=69"}],"curies":[{"name":"wp","href":"https:\/\/api.w.org\/{rel}","templated":true}]}}