
{"id":72,"date":"2013-02-05T16:27:31","date_gmt":"2013-02-05T16:27:31","guid":{"rendered":"https:\/\/lacuinade.timit2003.com\/afabaix2\/atencion-sad\/"},"modified":"2024-02-27T17:23:05","modified_gmt":"2024-02-27T17:23:05","slug":"atencion-sad","status":"publish","type":"page","link":"https:\/\/afabaix.org\/es\/servicios\/atencion-sad\/","title":{"rendered":"Atenci\u00f3n SAD"},"content":{"rendered":"<div  class=\"tatsu-SJkjOBI3u tatsu-section  tatsu-bg-overlay   tatsu-clearfix\" data-title=\"\"  data-headerscheme=\"background--dark\"><div class='tatsu-section-pad clearfix' data-padding='{\"d\":\"320px 0px 25px 0px\",\"t\":\"200px 0px 38px 0px\"}' data-padding-top='320px'><div class=\"tatsu-row-wrap  tatsu-wrap tatsu-row-one-col tatsu-row-has-one-cols tatsu-medium-gutter tatsu-reg-cols  tatsu-clearfix tatsu-BJg1jurL3_\" ><div  class=\"tatsu-row \" ><div  class=\"tatsu-column  tatsu-bg-overlay tatsu-one-col tatsu-column-align-bottom tatsu-column-image-none tatsu-column-effect-none  tatsu-SJW1jdSL2u\"  data-parallax-speed=\"0\" style=\"\"><div class=\"tatsu-column-inner \" ><div class=\"tatsu-column-pad-wrap\"><div class=\"tatsu-column-pad\" ><div  class=\"tatsu-module tatsu-text-block-wrap tatsu-BJMyjurIhu  \"><div class=\"tatsu-text-inner   clearfix\" ><style>.tatsu-BJMyjurIhu.tatsu-text-block-wrap .tatsu-text-inner{width: 25%;text-align: left;background-color: rgba(241,145,3,1);padding: 0px 0px 0px 5px;color: rgba(255,255,255,1) ;}.tatsu-BJMyjurIhu.tatsu-text-block-wrap{margin: 0px 0px 30px 5px;}.tatsu-BJMyjurIhu .tatsu-text-inner *{color: rgba(255,255,255,1) ;}.tatsu-BJMyjurIhu.tatsu-text-block-wrap .tatsu-text-inner *{font-family : \"Montserrat\",-apple-system,BlinkMacSystemFont,'Segoe UI',Roboto,Oxygen-Sans,Ubuntu,Cantarell,'Helvetica Neue',sans-serif;font-weight : 700;font-size : 36px;letter-spacing : 0px;}@media only screen and (max-width:1377px) {.tatsu-BJMyjurIhu.tatsu-text-block-wrap .tatsu-text-inner{width: 21%;}}@media only screen and (min-width:768px) and (max-width: 1024px) {.tatsu-BJMyjurIhu.tatsu-text-block-wrap .tatsu-text-inner{width: 33%;}}@media only screen and (max-width: 767px) {.tatsu-BJMyjurIhu.tatsu-text-block-wrap .tatsu-text-inner{width: 83%;}}<\/style>\n<h1 id=\"page-title\" class=\"title\">Atenci\u00f3n Domiciliaria.<\/h1>\n<\/div><\/div><\/div><\/div><div class = \"tatsu-column-bg-image-wrap\"><div class = \"tatsu-column-bg-image\" ><\/div><\/div><div class=\"tatsu-overlay tatsu-column-overlay tatsu-animate-none\" ><\/div><\/div><style>.tatsu-row > .tatsu-SJW1jdSL2u.tatsu-column{width: 100%;}.tatsu-SJW1jdSL2u.tatsu-column > .tatsu-column-inner > .tatsu-column-overlay{mix-blend-mode: normal;}.tatsu-SJW1jdSL2u > .tatsu-column-inner > .tatsu-top-divider{z-index: 9999;}.tatsu-SJW1jdSL2u > .tatsu-column-inner > .tatsu-bottom-divider{z-index: 9999;}.tatsu-SJW1jdSL2u > .tatsu-column-inner > .tatsu-left-divider{z-index: 9999;}.tatsu-SJW1jdSL2u > .tatsu-column-inner > .tatsu-right-divider{z-index: 9999;}@media only screen and (max-width:1377px) {.tatsu-row > .tatsu-SJW1jdSL2u.tatsu-column{width: 100%;}}@media only screen and (min-width:768px) and (max-width: 1024px) {.tatsu-row > .tatsu-SJW1jdSL2u.tatsu-column{width: 100%;}}@media only screen and (max-width: 767px) {.tatsu-row > .tatsu-SJW1jdSL2u.tatsu-column{width: 100%;}}<\/style><\/div><\/div><\/div><\/div><div class=\"tatsu-section-background-wrap\"><div class = \"tatsu-section-background\" ><\/div><\/div><div class=\"tatsu-overlay tatsu-section-overlay\"><\/div><style>.tatsu-SJkjOBI3u .tatsu-section-background{background-image: url(https:\/\/afabaix.org\/wp-content\/uploads\/2021\/09\/banner_old_5.jpg);background-repeat: no-repeat;background-attachment: scroll;background-position: center left;background-size: cover;}.tatsu-SJkjOBI3u .tatsu-bg-blur{background-repeat: no-repeat;background-attachment: scroll;background-position: center left;background-size: cover;}.tatsu-SJkjOBI3u .tatsu-section-pad{padding: 320px 0px 25px 0px;}.tatsu-SJkjOBI3u .tatsu-section-offset-wrap{transform: translateY(-0px);}.tatsu-SJkjOBI3u > .tatsu-bottom-divider{z-index: 9999;}.tatsu-SJkjOBI3u > .tatsu-top-divider{z-index: 9999;}.tatsu-SJkjOBI3u .tatsu-section-overlay{background: rgba(22,20,5,0.19);mix-blend-mode: normal;}@media only screen and (min-width:768px) and (max-width: 1024px) {.tatsu-SJkjOBI3u .tatsu-section-pad{padding: 200px 0px 38px 0px;}}<\/style><\/div><div  class=\"tatsu-Sym1j_r83O tatsu-section  tatsu-bg-overlay   tatsu-clearfix\" data-title=\"\"  data-headerscheme=\"background--dark\"><div class='tatsu-section-pad clearfix' data-padding='{\"d\":\"90px 0px 90px 0px\",\"m\":\"65px 0px 90px 0px\"}' data-padding-top='65px'><div class=\"tatsu-row-wrap  tatsu-wrap tatsu-row-one-col tatsu-row-has-one-cols tatsu-medium-gutter tatsu-reg-cols  tatsu-clearfix tatsu-BJ41oOrUnO\" ><div  class=\"tatsu-row \" ><div  class=\"tatsu-column  tatsu-bg-overlay tatsu-one-col tatsu-column-image-none tatsu-column-effect-none  tatsu-rkr1odB8hO\"  data-parallax-speed=\"0\" style=\"\"><div class=\"tatsu-column-inner \" ><div class=\"tatsu-column-pad-wrap\"><div class=\"tatsu-column-pad\" ><div  class=\"tatsu-module tatsu-accordion tatsu-accordion-style1 tatsu-HyGVowAElc   \"  ><style>.tatsu-HyGVowAElc .accordion-content.ui-accordion-content{border-color: #CACACA; }.tatsu-HyGVowAElc .accordion-head.ui-accordion-header{border-color: #CACACA; }.tatsu-HyGVowAElc.tatsu-module{margin: 0 0 60px 0;}<\/style><div data-collapsed=\"0\" class = \"tatsu-accordion-inner\"><h3 class=\"accordion-head h6\">El Servicio de Atenci\u00f3n Domiciliaria<span class = \"tatsu-accordion-expand\"><\/span><\/h3><div class = \"accordion-content body\" ><div class = \"accordion-content-inner \">\n<p>Servicios de Atenci\u00f3n Domiciliaria<\/p>\n<p>Los servicios de Atenci\u00f3n Domiciliaria son unos servicios de pago dirigidos a todas las personas enfermas y familias que necesitan una ayuda directa por parte de profesionales cualificados en el domicilio. Tanto para cubrir las necesidades b\u00e1sicas de la vida diaria (higiene, cuidados, vigilancia, alimentaci\u00f3n, medicaci\u00f3n\u2026), como para mantener el estado cognitivo de la persona enferma y dar un buen apoyo familiar.<\/p>\n<p>Mediante la intervenci\u00f3n de una Trabajadora Familiar, se descarga a la persona cuidadora principal, supli\u00e9ndola o complement\u00e1ndola en las tareas diarias de cuidado. Con ello, se evita una claudicaci\u00f3n y un ingreso precipitado, potenciando mantener a la persona enferma durante m\u00e1s tiempo en su casa.<\/p>\n<p>Actualmente hay dos vertientes dentro del servicio de Atenci\u00f3n Domiciliaria de la AFA:<\/p>\n<ul>\n<li><strong>El Servicio de Cuidado Personal<\/strong>: son todas aquellas actividades relacionadas con el cuidado personal: higiene, vestirse y desvestirse, alimentaci\u00f3n, soporte en el seguimiento m\u00e9dico y toma de la medicaci\u00f3n, movilizaciones, acompa\u00f1amiento, etc.<\/li>\n<li><strong>Servicio de Estimulaci\u00f3n Cognitiva a domicilio<\/strong>: Son todas aquellas actividades que sirven para ayudar a los usuarios a mantener sus capacidades cognitivas, permitiendo trabajar aspectos como: la memoria, el c\u00e1lculo, la psicomotricidad fina, el lenguaje, la percepci\u00f3n visual, el razonamiento\u2026<\/li>\n<\/ul>\n<\/div><\/div><h3 class=\"accordion-head h6\">Beneficiarios<span class = \"tatsu-accordion-expand\"><\/span><\/h3><div class = \"accordion-content body\" ><div class = \"accordion-content-inner \">\n<p>Se ofrece desde la Asociaci\u00f3n a todos los socios y socias que necesitan una ayuda directa para poder atender a su enfermo y a las familias que necesitan este servicio y que no disponen de los recursos para poder hacer frente al gasto que supone un servicio privado.<\/p>\n<p>El servicio de Atenci\u00f3n Domiciliaria es un servicio dirigido a todas las personas enfermas y\/o familias que necesitan una ayuda directa por parte de unos profesionales cualificados en el domicilio, para poder cubrir las necesidades b\u00e1sicas de la vida diaria (higiene, cuidados, vigilancia , alimentaci\u00f3n, medicaci\u00f3n\u2026), mantener el estado cognitivo y dar un buen soporte familiar.<\/p>\n<p>La concesi\u00f3n de este servicio est\u00e1 supeditada a la aceptaci\u00f3n de la solicitud del servicio, que ser\u00e1 valorada por la responsable del SAD y por la trabajadora social de la AFA, priorizando los casos m\u00e1s urgentes.<\/p>\n<p>Pod\u00e9is contactar directamente con la responsable del Servicio a trav\u00e9s del mail\u00a0sad@afabaix.org.<\/p>\n<\/div><\/div><h3 class=\"accordion-head h6\">Objetivos<span class = \"tatsu-accordion-expand\"><\/span><\/h3><div class = \"accordion-content body\" ><div class = \"accordion-content-inner \">\n<ul>\n<li>Proporcionar a las familias de un enfermo de Alzheimer la ayuda necesaria para poder mantener al enfermo en casa.<\/li>\n<li>Evitar la exclusi\u00f3n al SAD de aquellas familias que ya quedan excluidas del SAD p\u00fablico, pero que no disponen de suficientes ingresos para un SAD privado.<\/li>\n<li>Complementar el SAD de la Administraci\u00f3n local.<\/li>\n<li>Facilitar ayuda al cuidador principal en las actividades de la vida cotidiana<\/li>\n<li>Descargar al cuidador principal, supli\u00e9ndolo o complement\u00e1ndolo en las tareas diarias de cuidado.<\/li>\n<li>Evitar una claudicaci\u00f3n del cuidador y un ingreso precipitado del enfermo en una instituci\u00f3n residencial.<\/li>\n<\/ul>\n<\/div><\/div><\/div><\/div><\/div><\/div><div class = \"tatsu-column-bg-image-wrap\"><div class = \"tatsu-column-bg-image\" ><\/div><\/div><div class=\"tatsu-overlay tatsu-column-overlay tatsu-animate-none\" ><\/div><\/div><style>.tatsu-row > .tatsu-rkr1odB8hO.tatsu-column{width: 100%;}.tatsu-rkr1odB8hO.tatsu-column > .tatsu-column-inner > .tatsu-column-overlay{mix-blend-mode: normal;}.tatsu-rkr1odB8hO > .tatsu-column-inner > .tatsu-top-divider{z-index: 9999;}.tatsu-rkr1odB8hO > .tatsu-column-inner > .tatsu-bottom-divider{z-index: 9999;}.tatsu-rkr1odB8hO > .tatsu-column-inner > .tatsu-left-divider{z-index: 9999;}.tatsu-rkr1odB8hO > .tatsu-column-inner > .tatsu-right-divider{z-index: 9999;}<\/style><\/div><\/div><\/div><\/div><div class=\"tatsu-section-background-wrap\"><div class = \"tatsu-section-background\" ><\/div><\/div><div class=\"tatsu-overlay tatsu-section-overlay\"><\/div><style>.tatsu-Sym1j_r83O .tatsu-section-pad{padding: 90px 0px 90px 0px;}.tatsu-Sym1j_r83O > .tatsu-bottom-divider{z-index: 9999;}.tatsu-Sym1j_r83O > .tatsu-top-divider{z-index: 9999;}.tatsu-Sym1j_r83O .tatsu-section-overlay{mix-blend-mode: normal;}@media only screen and (max-width: 767px) {.tatsu-Sym1j_r83O .tatsu-section-pad{padding: 65px 0px 90px 0px;}}<\/style><\/div>\n","protected":false},"excerpt":{"rendered":"<div><a href=\"https:\/\/afabaix.org\/es\/servicios\/atencion-sad\/\" class=\"exp-read-more exp-read-more-underlined\">Read More<\/a><\/div>\n","protected":false},"author":1,"featured_media":0,"parent":22601,"menu_order":0,"comment_status":"closed","ping_status":"closed","template":"","meta":{"footnotes":""},"class_list":["post-72","page","type-page","status-publish","hentry"],"_links":{"self":[{"href":"https:\/\/afabaix.org\/es\/wp-json\/wp\/v2\/pages\/72","targetHints":{"allow":["GET"]}}],"collection":[{"href":"https:\/\/afabaix.org\/es\/wp-json\/wp\/v2\/pages"}],"about":[{"href":"https:\/\/afabaix.org\/es\/wp-json\/wp\/v2\/types\/page"}],"author":[{"embeddable":true,"href":"https:\/\/afabaix.org\/es\/wp-json\/wp\/v2\/users\/1"}],"replies":[{"embeddable":true,"href":"https:\/\/afabaix.org\/es\/wp-json\/wp\/v2\/comments?post=72"}],"version-history":[{"count":10,"href":"https:\/\/afabaix.org\/es\/wp-json\/wp\/v2\/pages\/72\/revisions"}],"predecessor-version":[{"id":27574,"href":"https:\/\/afabaix.org\/es\/wp-json\/wp\/v2\/pages\/72\/revisions\/27574"}],"up":[{"embeddable":true,"href":"https:\/\/afabaix.org\/es\/wp-json\/wp\/v2\/pages\/22601"}],"wp:attachment":[{"href":"https:\/\/afabaix.org\/es\/wp-json\/wp\/v2\/media?parent=72"}],"curies":[{"name":"wp","href":"https:\/\/api.w.org\/{rel}","templated":true}]}}