
{"id":74,"date":"2013-02-05T17:10:55","date_gmt":"2013-02-05T17:10:55","guid":{"rendered":"https:\/\/lacuinade.timit2003.com\/afabaix2\/atencion-social\/"},"modified":"2022-02-10T14:11:24","modified_gmt":"2022-02-10T14:11:24","slug":"atencion-social","status":"publish","type":"page","link":"https:\/\/afabaix.org\/es\/servicios\/atencion-social\/","title":{"rendered":"Atenci\u00f3n social"},"content":{"rendered":"<div  class=\"tatsu-BJTcOrU3d tatsu-section  tatsu-bg-overlay   tatsu-clearfix\" data-title=\"\"  data-headerscheme=\"background--dark\"><div class='tatsu-section-pad clearfix' data-padding='{\"d\":\"320px 0px 25px 0px\",\"t\":\"200px 0px 38px 0px\"}' data-padding-top='320px'><div class=\"tatsu-row-wrap  tatsu-wrap tatsu-row-one-col tatsu-row-has-one-cols tatsu-medium-gutter tatsu-reg-cols  tatsu-clearfix tatsu-BJlTcdHUnO\" ><div  class=\"tatsu-row \" ><div  class=\"tatsu-column  tatsu-bg-overlay tatsu-one-col tatsu-column-align-bottom tatsu-column-image-none tatsu-column-effect-none  tatsu-rk-65urUnu\"  data-parallax-speed=\"0\" style=\"\"><div class=\"tatsu-column-inner \" ><div class=\"tatsu-column-pad-wrap\"><div class=\"tatsu-column-pad\" ><div  class=\"tatsu-module tatsu-text-block-wrap tatsu-SJGT9OBI2_  \"><div class=\"tatsu-text-inner   clearfix\" ><style>.tatsu-SJGT9OBI2_.tatsu-text-block-wrap .tatsu-text-inner{width: 28%;text-align: left;background-color: rgba(241,145,3,1);padding: 0px 0px 0px 5px;color: rgba(255,255,255,1) ;}.tatsu-SJGT9OBI2_.tatsu-text-block-wrap{margin: 0px 0px 30px 5px;}.tatsu-SJGT9OBI2_ .tatsu-text-inner *{color: rgba(255,255,255,1) ;}.tatsu-SJGT9OBI2_.tatsu-text-block-wrap .tatsu-text-inner *{font-family : \"Montserrat\",-apple-system,BlinkMacSystemFont,'Segoe UI',Roboto,Oxygen-Sans,Ubuntu,Cantarell,'Helvetica Neue',sans-serif;font-weight : 700;font-size : 36px;letter-spacing : 0px;}@media only screen and (max-width:1377px) {.tatsu-SJGT9OBI2_.tatsu-text-block-wrap .tatsu-text-inner{width: 21%;}}@media only screen and (min-width:768px) and (max-width: 1024px) {.tatsu-SJGT9OBI2_.tatsu-text-block-wrap .tatsu-text-inner{width: 33%;}}@media only screen and (max-width: 767px) {.tatsu-SJGT9OBI2_.tatsu-text-block-wrap .tatsu-text-inner{width: 83%;}}<\/style>\n<h1 id=\"page-title\" class=\"title\">Atenci\u00f3n social<\/h1>\n<\/div><\/div><\/div><\/div><div class = \"tatsu-column-bg-image-wrap\"><div class = \"tatsu-column-bg-image\" ><\/div><\/div><div class=\"tatsu-overlay tatsu-column-overlay tatsu-animate-none\" ><\/div><\/div><style>.tatsu-row > .tatsu-rk-65urUnu.tatsu-column{width: 100%;}.tatsu-rk-65urUnu.tatsu-column > .tatsu-column-inner > .tatsu-column-overlay{mix-blend-mode: normal;}.tatsu-rk-65urUnu > .tatsu-column-inner > .tatsu-top-divider{z-index: 9999;}.tatsu-rk-65urUnu > .tatsu-column-inner > .tatsu-bottom-divider{z-index: 9999;}.tatsu-rk-65urUnu > .tatsu-column-inner > .tatsu-left-divider{z-index: 9999;}.tatsu-rk-65urUnu > .tatsu-column-inner > .tatsu-right-divider{z-index: 9999;}@media only screen and (max-width:1377px) {.tatsu-row > .tatsu-rk-65urUnu.tatsu-column{width: 100%;}}@media only screen and (min-width:768px) and (max-width: 1024px) {.tatsu-row > .tatsu-rk-65urUnu.tatsu-column{width: 100%;}}@media only screen and (max-width: 767px) {.tatsu-row > .tatsu-rk-65urUnu.tatsu-column{width: 100%;}}<\/style><\/div><\/div><\/div><\/div><div class=\"tatsu-section-background-wrap\"><div class = \"tatsu-section-background\" ><\/div><\/div><div class=\"tatsu-overlay tatsu-section-overlay\"><\/div><style>.tatsu-BJTcOrU3d .tatsu-section-background{background-image: url(https:\/\/afabaix.org\/wp-content\/uploads\/2021\/09\/banner_old_14.jpg);background-repeat: no-repeat;background-attachment: scroll;background-position: center left;background-size: cover;}.tatsu-BJTcOrU3d .tatsu-bg-blur{background-repeat: no-repeat;background-attachment: scroll;background-position: center left;background-size: cover;}.tatsu-BJTcOrU3d .tatsu-section-pad{padding: 320px 0px 25px 0px;}.tatsu-BJTcOrU3d .tatsu-section-offset-wrap{transform: translateY(-0px);}.tatsu-BJTcOrU3d > .tatsu-bottom-divider{z-index: 9999;}.tatsu-BJTcOrU3d > .tatsu-top-divider{z-index: 9999;}.tatsu-BJTcOrU3d .tatsu-section-overlay{background: rgba(22,20,5,0.19);mix-blend-mode: normal;}@media only screen and (min-width:768px) and (max-width: 1024px) {.tatsu-BJTcOrU3d .tatsu-section-pad{padding: 200px 0px 38px 0px;}}<\/style><\/div><div  class=\"tatsu-H1m6cOrLnu tatsu-section  tatsu-bg-overlay   tatsu-clearfix\" data-title=\"\"  data-headerscheme=\"background--dark\"><div class='tatsu-section-pad clearfix' data-padding='{\"d\":\"90px 0px 90px 0px\",\"m\":\"65px 0px 90px 0px\"}' data-padding-top='65px'><div class=\"tatsu-row-wrap  tatsu-wrap tatsu-row-one-col tatsu-row-has-one-cols tatsu-medium-gutter tatsu-reg-cols  tatsu-clearfix tatsu-SyVa9dBUh_\" ><div  class=\"tatsu-row \" ><div  class=\"tatsu-column  tatsu-bg-overlay tatsu-one-col tatsu-column-image-none tatsu-column-effect-none  tatsu-B1Sp9_rL2O\"  data-parallax-speed=\"0\" style=\"\"><div class=\"tatsu-column-inner \" ><div class=\"tatsu-column-pad-wrap\"><div class=\"tatsu-column-pad\" ><div  class=\"tatsu-module tatsu-text-block-wrap tatsu-grxek6qflq913c03  \"><div class=\"tatsu-text-inner tatsu-align-center  clearfix\" ><style>.tatsu-grxek6qflq913c03.tatsu-text-block-wrap .tatsu-text-inner{width: 100%;text-align: left;}<\/style>\n<div id=\"region-content\" class=\"grid-18 region region-content\">\n<div class=\"region-inner region-content-inner\">\n<div id=\"block-system-main\" class=\"block block-system block-main block-system-main odd block-without-title\">\n<div class=\"block-inner clearfix\">\n<div class=\"content clearfix\">\n<div class=\"field field-name-body field-type-text-with-summary field-label-hidden\">\n<div class=\"field-items\">\n<div class=\"field-item even\">\n<p>El \u00c1rea de Trabajo Social orienta a los cuidadores y cuidadoras y familiares hacia los recursos y ayudas m\u00e1s adecuadas a cada etapa de la enfermedad y de la situaci\u00f3n familiar. Ofrece contenci\u00f3n y deriva al recurso m\u00e1s id\u00f3neo, sea de la propia AFA o externo.<\/p>\n<p>Se puede contactar con el servicio mediante la direcci\u00f3n electr\u00f3nica tsocial@afabaix.org, llamando por tel\u00e9fono a Servicios Centrales (93.379.00.22) oa trav\u00e9s de las <a href=\"https:\/\/afabaix.org\/es\/afabaix\/delegaciones\/\">delegaciones<\/a> de cada pueblo.<\/p>\n<p>Es un servicio gratuito que ofrece la\u00a0<strong>AFA Baix Llobregat<\/strong> a todos sus socios y socias..<\/p>\n<h5>Objetivos<\/h5>\n<ul>\n<li>Contener las angustias generadas por la problem\u00e1tica vivida.<\/li>\n<li>Evaluar la sobrecarga del cuidador y el apoyo familiar y \/ o de instituciones que est\u00e1 recibiendo.<\/li>\n<li>Informar, orientar y valorar conjuntamente con la familia, cu\u00e1l es el recurso social, sanitario o sociosanitario m\u00e1s adecuado para la necesidad y problem\u00e1tica que plantean.<\/li>\n<li>Ayudar a planificar los cuidados que debe recibir o necesitar\u00e1 el enfermo en un futuro.<\/li>\n<li>Derivar y hacer el seguimiento, en su caso, al recurso m\u00e1s adecuado.<\/li>\n<li>Orientar sobre los tr\u00e1mites o tramitar algunas ayudas p\u00fablicas.<\/li>\n<li>Valorar la posibilidad de utilizar alg\u00fan recurso propio de la Asociaci\u00f3n (SAD, Servicio de Apoyo Psicol\u00f3gico, Talleres de Memoria, Centros Alo\u00efs, etc.).<\/li>\n<\/ul>\n<\/div>\n<\/div>\n<\/div>\n<\/div>\n<\/div>\n<\/div>\n<\/div>\n<\/div>\n<aside id=\"region-sidebar-second\" class=\"grid-6 region region-sidebar-second\">\n<div class=\"region-inner region-sidebar-second-inner\">\n<section id=\"block-menu-block-5\" class=\"block block-menu-block block-5 block-menu-block-5 odd\">\n<div class=\"block-inner clearfix\">\u00a0<\/div>\n<\/section>\n<\/div>\n<\/aside>\n<\/div><\/div><\/div><\/div><div class = \"tatsu-column-bg-image-wrap\"><div class = \"tatsu-column-bg-image\" ><\/div><\/div><div class=\"tatsu-overlay tatsu-column-overlay tatsu-animate-none\" ><\/div><\/div><style>.tatsu-row > .tatsu-B1Sp9_rL2O.tatsu-column{width: 100%;}.tatsu-B1Sp9_rL2O.tatsu-column > .tatsu-column-inner > .tatsu-column-overlay{mix-blend-mode: normal;}.tatsu-B1Sp9_rL2O > .tatsu-column-inner > .tatsu-top-divider{z-index: 9999;}.tatsu-B1Sp9_rL2O > .tatsu-column-inner > .tatsu-bottom-divider{z-index: 9999;}.tatsu-B1Sp9_rL2O > .tatsu-column-inner > .tatsu-left-divider{z-index: 9999;}.tatsu-B1Sp9_rL2O > .tatsu-column-inner > .tatsu-right-divider{z-index: 9999;}<\/style><\/div><\/div><\/div><\/div><div class=\"tatsu-section-background-wrap\"><div class = \"tatsu-section-background\" ><\/div><\/div><div class=\"tatsu-overlay tatsu-section-overlay\"><\/div><style>.tatsu-H1m6cOrLnu .tatsu-section-pad{padding: 90px 0px 90px 0px;}.tatsu-H1m6cOrLnu > .tatsu-bottom-divider{z-index: 9999;}.tatsu-H1m6cOrLnu > .tatsu-top-divider{z-index: 9999;}.tatsu-H1m6cOrLnu .tatsu-section-overlay{mix-blend-mode: normal;}@media only screen and (max-width: 767px) {.tatsu-H1m6cOrLnu .tatsu-section-pad{padding: 65px 0px 90px 0px;}}<\/style><\/div>\n","protected":false},"excerpt":{"rendered":"<div><a href=\"https:\/\/afabaix.org\/es\/servicios\/atencion-social\/\" class=\"exp-read-more exp-read-more-underlined\">Read More<\/a><\/div>\n","protected":false},"author":1,"featured_media":0,"parent":22601,"menu_order":0,"comment_status":"closed","ping_status":"closed","template":"","meta":{"footnotes":""},"class_list":["post-74","page","type-page","status-publish","hentry"],"_links":{"self":[{"href":"https:\/\/afabaix.org\/es\/wp-json\/wp\/v2\/pages\/74","targetHints":{"allow":["GET"]}}],"collection":[{"href":"https:\/\/afabaix.org\/es\/wp-json\/wp\/v2\/pages"}],"about":[{"href":"https:\/\/afabaix.org\/es\/wp-json\/wp\/v2\/types\/page"}],"author":[{"embeddable":true,"href":"https:\/\/afabaix.org\/es\/wp-json\/wp\/v2\/users\/1"}],"replies":[{"embeddable":true,"href":"https:\/\/afabaix.org\/es\/wp-json\/wp\/v2\/comments?post=74"}],"version-history":[{"count":5,"href":"https:\/\/afabaix.org\/es\/wp-json\/wp\/v2\/pages\/74\/revisions"}],"predecessor-version":[{"id":23815,"href":"https:\/\/afabaix.org\/es\/wp-json\/wp\/v2\/pages\/74\/revisions\/23815"}],"up":[{"embeddable":true,"href":"https:\/\/afabaix.org\/es\/wp-json\/wp\/v2\/pages\/22601"}],"wp:attachment":[{"href":"https:\/\/afabaix.org\/es\/wp-json\/wp\/v2\/media?parent=74"}],"curies":[{"name":"wp","href":"https:\/\/api.w.org\/{rel}","templated":true}]}}