
{"id":82,"date":"2013-02-05T17:17:07","date_gmt":"2013-02-05T17:17:07","guid":{"rendered":"https:\/\/lacuinade.timit2003.com\/afabaix2\/asesoramiento-juridico\/"},"modified":"2022-01-31T17:12:21","modified_gmt":"2022-01-31T17:12:21","slug":"asesoramiento-juridico","status":"publish","type":"page","link":"https:\/\/afabaix.org\/es\/servicios\/asesoramiento-juridico\/","title":{"rendered":"Asesoramiento jur\u00eddico"},"content":{"rendered":"<div  class=\"tatsu-BJ-j_S8n_ tatsu-section  tatsu-bg-overlay   tatsu-clearfix\" data-title=\"\"  data-headerscheme=\"background--dark\"><div class='tatsu-section-pad clearfix' data-padding='{\"d\":\"320px 0px 25px 0px\",\"t\":\"200px 0px 38px 0px\"}' data-padding-top='320px'><div class=\"tatsu-row-wrap  tatsu-wrap tatsu-row-one-col tatsu-row-has-one-cols tatsu-medium-gutter tatsu-reg-cols  tatsu-clearfix tatsu-rJlbodrU3u\" ><div  class=\"tatsu-row \" ><div  class=\"tatsu-column  tatsu-bg-overlay tatsu-one-col tatsu-column-align-bottom tatsu-column-image-none tatsu-column-effect-none  tatsu-ryZZiurLhd\"  data-parallax-speed=\"0\" style=\"\"><div class=\"tatsu-column-inner \" ><div class=\"tatsu-column-pad-wrap\"><div class=\"tatsu-column-pad\" ><div  class=\"tatsu-module tatsu-text-block-wrap tatsu-r1MZjdr8nu  \"><div class=\"tatsu-text-inner   clearfix\" ><style>.tatsu-r1MZjdr8nu.tatsu-text-block-wrap .tatsu-text-inner{width: 41%;text-align: left;background-color: rgba(241,145,3,1);padding: 0px 0px 0px 5px;color: rgba(255,255,255,1) ;}.tatsu-r1MZjdr8nu.tatsu-text-block-wrap{margin: 0px 0px 30px 5px;}.tatsu-r1MZjdr8nu .tatsu-text-inner *{color: rgba(255,255,255,1) ;}.tatsu-r1MZjdr8nu.tatsu-text-block-wrap .tatsu-text-inner *{font-family : \"Montserrat\",-apple-system,BlinkMacSystemFont,'Segoe UI',Roboto,Oxygen-Sans,Ubuntu,Cantarell,'Helvetica Neue',sans-serif;font-weight : 700;font-size : 36px;letter-spacing : 0px;}@media only screen and (max-width:1377px) {.tatsu-r1MZjdr8nu.tatsu-text-block-wrap .tatsu-text-inner{width: 21%;}}@media only screen and (min-width:768px) and (max-width: 1024px) {.tatsu-r1MZjdr8nu.tatsu-text-block-wrap .tatsu-text-inner{width: 33%;}}@media only screen and (max-width: 767px) {.tatsu-r1MZjdr8nu.tatsu-text-block-wrap .tatsu-text-inner{width: 83%;}}<\/style>\n<h1 id=\"page-title\" class=\"title\">Asesoramiento jur\u00eddico<\/h1>\n<\/div><\/div><\/div><\/div><div class = \"tatsu-column-bg-image-wrap\"><div class = \"tatsu-column-bg-image\" ><\/div><\/div><div class=\"tatsu-overlay tatsu-column-overlay tatsu-animate-none\" ><\/div><\/div><style>.tatsu-row > .tatsu-ryZZiurLhd.tatsu-column{width: 100%;}.tatsu-ryZZiurLhd.tatsu-column > .tatsu-column-inner > .tatsu-column-overlay{mix-blend-mode: normal;}.tatsu-ryZZiurLhd > .tatsu-column-inner > .tatsu-top-divider{z-index: 9999;}.tatsu-ryZZiurLhd > .tatsu-column-inner > .tatsu-bottom-divider{z-index: 9999;}.tatsu-ryZZiurLhd > .tatsu-column-inner > .tatsu-left-divider{z-index: 9999;}.tatsu-ryZZiurLhd > .tatsu-column-inner > .tatsu-right-divider{z-index: 9999;}@media only screen and (max-width:1377px) {.tatsu-row > .tatsu-ryZZiurLhd.tatsu-column{width: 100%;}}@media only screen and (min-width:768px) and (max-width: 1024px) {.tatsu-row > .tatsu-ryZZiurLhd.tatsu-column{width: 100%;}}@media only screen and (max-width: 767px) {.tatsu-row > .tatsu-ryZZiurLhd.tatsu-column{width: 100%;}}<\/style><\/div><\/div><\/div><\/div><div class=\"tatsu-section-background-wrap\"><div class = \"tatsu-section-background\" ><\/div><\/div><div class=\"tatsu-overlay tatsu-section-overlay\"><\/div><style>.tatsu-BJ-j_S8n_ .tatsu-section-background{background-image: url(https:\/\/afabaix.org\/wp-content\/uploads\/2021\/09\/mikhail-pavstyuk-EKy2OTRPXdw-unsplash.jpg);background-repeat: no-repeat;background-attachment: scroll;background-position: center left;background-size: cover;}.tatsu-BJ-j_S8n_ .tatsu-bg-blur{background-repeat: no-repeat;background-attachment: scroll;background-position: center left;background-size: cover;}.tatsu-BJ-j_S8n_ .tatsu-section-pad{padding: 320px 0px 25px 0px;}.tatsu-BJ-j_S8n_ .tatsu-section-offset-wrap{transform: translateY(-0px);}.tatsu-BJ-j_S8n_ > .tatsu-bottom-divider{z-index: 9999;}.tatsu-BJ-j_S8n_ > .tatsu-top-divider{z-index: 9999;}.tatsu-BJ-j_S8n_ .tatsu-section-overlay{background: rgba(22,20,5,0.19);mix-blend-mode: normal;}@media only screen and (min-width:768px) and (max-width: 1024px) {.tatsu-BJ-j_S8n_ .tatsu-section-pad{padding: 200px 0px 38px 0px;}}<\/style><\/div><div  class=\"tatsu-rk7-s_BL3u tatsu-section  tatsu-bg-overlay   tatsu-clearfix\" data-title=\"\"  data-headerscheme=\"background--dark\"><div class='tatsu-section-pad clearfix' data-padding='{\"d\":\"90px 0px 90px 0px\",\"m\":\"65px 0px 90px 0px\"}' data-padding-top='65px'><div class=\"tatsu-row-wrap  tatsu-wrap tatsu-row-has-one-half tatsu-row-has-two-cols tatsu-medium-gutter tatsu-reg-cols  tatsu-clearfix tatsu-HyVZouHI2u\" ><div  class=\"tatsu-row \" ><div  class=\"tatsu-column  tatsu-bg-overlay tatsu-one-half tatsu-column-image-none tatsu-column-effect-none  tatsu-SkHWjOBIhd\"  data-parallax-speed=\"0\" style=\"\"><div class=\"tatsu-column-inner \" ><div class=\"tatsu-column-pad-wrap\"><div class=\"tatsu-column-pad\" ><div  class=\"tatsu-module tatsu-text-block-wrap tatsu-grxek4m4p1defpmk  \"><div class=\"tatsu-text-inner tatsu-align-center  clearfix\" ><style>.tatsu-grxek4m4p1defpmk.tatsu-text-block-wrap .tatsu-text-inner{width: 100%;text-align: left;}<\/style>\n<p><strong>AFA Baix Llobregat<\/strong>\u00a0ofrece a sus socios un servicio de asesor\u00eda jur\u00eddica para poder llevar a cabo todos los tr\u00e1mites inherentes al curso de la enfermedad.<\/p>\n<p>En la primera visita con la abogada -gratuita para socios- se informar\u00e1 de las diferentes figuras jur\u00eddicas que existen para proteger a la persona afectada de demencia y cu\u00e1les son las acciones que deben llevarse a cabo.<\/p>\n<p>Igualmente se orienta a los interesados sobre la posibilidad de redactar el Documento de Voluntades Anticipadas.<\/p>\n<p>Para contactar con este servicio deben ponerse en contacto con el delegado de cada poblaci\u00f3n, o llamando a los Servicios Centrales de la AFA: 933790022 o utilizando nuestro <a href=\"https:\/\/afabaix.org\/es\/formulario\/contacto\">formulario de contacto<\/a>.<\/p>\n<\/div><\/div><\/div><\/div><div class = \"tatsu-column-bg-image-wrap\"><div class = \"tatsu-column-bg-image\" ><\/div><\/div><div class=\"tatsu-overlay tatsu-column-overlay tatsu-animate-none\" ><\/div><\/div><style>.tatsu-row > .tatsu-SkHWjOBIhd.tatsu-column{width: 75.3%;}.tatsu-SkHWjOBIhd.tatsu-column > .tatsu-column-inner > .tatsu-column-overlay{mix-blend-mode: normal;}.tatsu-SkHWjOBIhd > .tatsu-column-inner > .tatsu-top-divider{z-index: 9999;}.tatsu-SkHWjOBIhd > .tatsu-column-inner > .tatsu-bottom-divider{z-index: 9999;}.tatsu-SkHWjOBIhd > .tatsu-column-inner > .tatsu-left-divider{z-index: 9999;}.tatsu-SkHWjOBIhd > .tatsu-column-inner > .tatsu-right-divider{z-index: 9999;}@media only screen and (max-width:1377px) {.tatsu-row > .tatsu-SkHWjOBIhd.tatsu-column{width: 50%;}}@media only screen and (min-width:768px) and (max-width: 1024px) {.tatsu-row > .tatsu-SkHWjOBIhd.tatsu-column{width: 50%;}}@media only screen and (max-width: 767px) {.tatsu-row > .tatsu-SkHWjOBIhd.tatsu-column{width: 100%;}}<\/style><\/div><div  class=\"tatsu-column  tatsu-bg-overlay tatsu-one-half tatsu-column-image-none tatsu-column-effect-none  tatsu-BylTasBKyF\"  data-parallax-speed=\"0\" style=\"\"><div class=\"tatsu-column-inner \" ><div class=\"tatsu-column-pad-wrap\"><div class=\"tatsu-column-pad\" ><div  class=\"tatsu-module tatsu-text-block-wrap tatsu-ry7CiBt1t  \"><div class=\"tatsu-text-inner tatsu-align-center  clearfix\" ><style>.tatsu-ry7CiBt1t.tatsu-text-block-wrap .tatsu-text-inner{width: 100%;text-align: left;}<\/style>\n<p><strong>Contacto<\/strong><\/p>\n<p>Para mayor informaci\u00f3n rellenar el formulario de contacto.<\/p>\n<\/div><\/div><div  class=\"tatsu-module tatsu-normal-button tatsu-button-wrap   tatsu-rJ5RoSFkt   \"><a class=\"tatsu-shortcode smallbtn tatsu-button left-icon circular   bg-animation-none  \" href=\"https:\/\/afabaix.org\/es\/contacto\/\" style= \"\"  aria-label=\"PEDIR ASESORAMIENTO\" data-gdpr-atts={} >PEDIR ASESORAMIENTO<\/a><style>.tatsu-rJ5RoSFkt .tatsu-button{background-color: rgba(104,146,46,1);color: #ffffff ;}<\/style><\/div><\/div><\/div><div class = \"tatsu-column-bg-image-wrap\"><div class = \"tatsu-column-bg-image\" ><\/div><\/div><div class=\"tatsu-overlay tatsu-column-overlay tatsu-animate-none\" ><\/div><\/div><style>.tatsu-row > .tatsu-BylTasBKyF.tatsu-column{width: 24.7%;}.tatsu-BylTasBKyF.tatsu-column > .tatsu-column-inner > .tatsu-column-overlay{mix-blend-mode: normal;}.tatsu-BylTasBKyF > .tatsu-column-inner > .tatsu-top-divider{z-index: 9999;}.tatsu-BylTasBKyF > .tatsu-column-inner > .tatsu-bottom-divider{z-index: 9999;}.tatsu-BylTasBKyF > .tatsu-column-inner > .tatsu-left-divider{z-index: 9999;}.tatsu-BylTasBKyF > .tatsu-column-inner > .tatsu-right-divider{z-index: 9999;}@media only screen and (max-width:1377px) {.tatsu-row > .tatsu-BylTasBKyF.tatsu-column{width: 50%;}}@media only screen and (min-width:768px) and (max-width: 1024px) {.tatsu-row > .tatsu-BylTasBKyF.tatsu-column{width: 50%;}}@media only screen and (max-width: 767px) {.tatsu-row > .tatsu-BylTasBKyF.tatsu-column{width: 100%;}}<\/style><\/div><\/div><\/div><\/div><div class=\"tatsu-section-background-wrap\"><div class = \"tatsu-section-background\" ><\/div><\/div><div class=\"tatsu-overlay tatsu-section-overlay\"><\/div><style>.tatsu-rk7-s_BL3u .tatsu-section-pad{padding: 90px 0px 90px 0px;}.tatsu-rk7-s_BL3u > .tatsu-bottom-divider{z-index: 9999;}.tatsu-rk7-s_BL3u > .tatsu-top-divider{z-index: 9999;}.tatsu-rk7-s_BL3u .tatsu-section-overlay{mix-blend-mode: normal;}@media only screen and (max-width: 767px) {.tatsu-rk7-s_BL3u .tatsu-section-pad{padding: 65px 0px 90px 0px;}}<\/style><\/div>\n","protected":false},"excerpt":{"rendered":"<div><a href=\"https:\/\/afabaix.org\/es\/servicios\/asesoramiento-juridico\/\" class=\"exp-read-more exp-read-more-underlined\">Read More<\/a><\/div>\n","protected":false},"author":1,"featured_media":76,"parent":22601,"menu_order":0,"comment_status":"closed","ping_status":"closed","template":"","meta":{"footnotes":""},"class_list":["post-82","page","type-page","status-publish","has-post-thumbnail","hentry"],"_links":{"self":[{"href":"https:\/\/afabaix.org\/es\/wp-json\/wp\/v2\/pages\/82","targetHints":{"allow":["GET"]}}],"collection":[{"href":"https:\/\/afabaix.org\/es\/wp-json\/wp\/v2\/pages"}],"about":[{"href":"https:\/\/afabaix.org\/es\/wp-json\/wp\/v2\/types\/page"}],"author":[{"embeddable":true,"href":"https:\/\/afabaix.org\/es\/wp-json\/wp\/v2\/users\/1"}],"replies":[{"embeddable":true,"href":"https:\/\/afabaix.org\/es\/wp-json\/wp\/v2\/comments?post=82"}],"version-history":[{"count":11,"href":"https:\/\/afabaix.org\/es\/wp-json\/wp\/v2\/pages\/82\/revisions"}],"predecessor-version":[{"id":23710,"href":"https:\/\/afabaix.org\/es\/wp-json\/wp\/v2\/pages\/82\/revisions\/23710"}],"up":[{"embeddable":true,"href":"https:\/\/afabaix.org\/es\/wp-json\/wp\/v2\/pages\/22601"}],"wp:featuredmedia":[{"embeddable":true,"href":"https:\/\/afabaix.org\/es\/wp-json\/wp\/v2\/media\/76"}],"wp:attachment":[{"href":"https:\/\/afabaix.org\/es\/wp-json\/wp\/v2\/media?parent=82"}],"curies":[{"name":"wp","href":"https:\/\/api.w.org\/{rel}","templated":true}]}}