
{"id":89,"date":"2013-02-06T16:10:20","date_gmt":"2013-02-06T16:10:20","guid":{"rendered":"https:\/\/lacuinade.timit2003.com\/afabaix2\/hazte-voluntario\/"},"modified":"2021-09-21T10:13:03","modified_gmt":"2021-09-21T10:13:03","slug":"hazte-voluntario","status":"publish","type":"page","link":"https:\/\/afabaix.org\/es\/colabora\/hazte-voluntario\/","title":{"rendered":"Hazte voluntario"},"content":{"rendered":"<div  class=\"tatsu-SJ7TjNzXF tatsu-section  tatsu-bg-overlay   tatsu-clearfix\" data-title=\"\"  data-headerscheme=\"background--dark\"><div class='tatsu-section-pad clearfix' data-padding='{\"d\":\"320px 0px 25px 0px\",\"t\":\"200px 0px 38px 0px\"}' data-padding-top='320px'><div class=\"tatsu-row-wrap  tatsu-wrap tatsu-row-one-col tatsu-row-has-one-cols tatsu-medium-gutter tatsu-reg-cols  tatsu-clearfix tatsu-HJlmasNfXY\" ><div  class=\"tatsu-row \" ><div  class=\"tatsu-column  tatsu-bg-overlay tatsu-one-col tatsu-column-align-bottom tatsu-column-image-none tatsu-column-effect-none  tatsu-HJ-mpoEGQt\"  data-parallax-speed=\"0\" style=\"\"><div class=\"tatsu-column-inner \" ><div class=\"tatsu-column-pad-wrap\"><div class=\"tatsu-column-pad\" ><div  class=\"tatsu-module tatsu-text-block-wrap tatsu-Byz7TsVMmY  \"><div class=\"tatsu-text-inner   clearfix\" ><style>.tatsu-Byz7TsVMmY.tatsu-text-block-wrap .tatsu-text-inner{width: 29%;text-align: left;background-color: rgba(241,145,3,1);padding: 10px 0px 10px 5px;color: rgba(255,255,255,1) ;}.tatsu-Byz7TsVMmY.tatsu-text-block-wrap{margin: 0px 0px 30px 5px;}.tatsu-Byz7TsVMmY .tatsu-text-inner *{color: rgba(255,255,255,1) ;}.tatsu-Byz7TsVMmY.tatsu-text-block-wrap .tatsu-text-inner *{font-family : \"Montserrat\",-apple-system,BlinkMacSystemFont,'Segoe UI',Roboto,Oxygen-Sans,Ubuntu,Cantarell,'Helvetica Neue',sans-serif;font-weight : 700;font-size : 36px;letter-spacing : 0px;}@media only screen and (max-width:1377px) {.tatsu-Byz7TsVMmY.tatsu-text-block-wrap .tatsu-text-inner{width: 21%;}}@media only screen and (min-width:768px) and (max-width: 1024px) {.tatsu-Byz7TsVMmY.tatsu-text-block-wrap .tatsu-text-inner{width: 33%;}}@media only screen and (max-width: 767px) {.tatsu-Byz7TsVMmY.tatsu-text-block-wrap .tatsu-text-inner{width: 83%;}}<\/style>\n<p><strong>Hazte voluntario<\/strong><\/p>\n<\/div><\/div><\/div><\/div><div class = \"tatsu-column-bg-image-wrap\"><div class = \"tatsu-column-bg-image\" ><\/div><\/div><div class=\"tatsu-overlay tatsu-column-overlay tatsu-animate-none\" ><\/div><\/div><style>.tatsu-row > .tatsu-HJ-mpoEGQt.tatsu-column{width: 100%;}.tatsu-HJ-mpoEGQt.tatsu-column > .tatsu-column-inner > .tatsu-column-overlay{mix-blend-mode: normal;}.tatsu-HJ-mpoEGQt > .tatsu-column-inner > .tatsu-top-divider{z-index: 9999;}.tatsu-HJ-mpoEGQt > .tatsu-column-inner > .tatsu-bottom-divider{z-index: 9999;}.tatsu-HJ-mpoEGQt > .tatsu-column-inner > .tatsu-left-divider{z-index: 9999;}.tatsu-HJ-mpoEGQt > .tatsu-column-inner > .tatsu-right-divider{z-index: 9999;}@media only screen and (max-width:1377px) {.tatsu-row > .tatsu-HJ-mpoEGQt.tatsu-column{width: 100%;}}@media only screen and (min-width:768px) and (max-width: 1024px) {.tatsu-row > .tatsu-HJ-mpoEGQt.tatsu-column{width: 100%;}}@media only screen and (max-width: 767px) {.tatsu-row > .tatsu-HJ-mpoEGQt.tatsu-column{width: 100%;}}<\/style><\/div><\/div><\/div><\/div><div class=\"tatsu-section-background-wrap\"><div class = \"tatsu-section-background\" ><\/div><\/div><div class=\"tatsu-overlay tatsu-section-overlay\"><\/div><style>.tatsu-SJ7TjNzXF .tatsu-section-background{background-image: url(https:\/\/afabaix.org\/wp-content\/uploads\/2021\/09\/banner_17.jpg);background-repeat: no-repeat;background-attachment: scroll;background-position: center left;background-size: cover;}.tatsu-SJ7TjNzXF .tatsu-bg-blur{background-repeat: no-repeat;background-attachment: scroll;background-position: center left;background-size: cover;}.tatsu-SJ7TjNzXF .tatsu-section-pad{padding: 320px 0px 25px 0px;}.tatsu-SJ7TjNzXF .tatsu-section-offset-wrap{transform: translateY(-0px);}.tatsu-SJ7TjNzXF > .tatsu-bottom-divider{z-index: 9999;}.tatsu-SJ7TjNzXF > .tatsu-top-divider{z-index: 9999;}.tatsu-SJ7TjNzXF .tatsu-section-overlay{background: rgba(22,20,5,0.19);mix-blend-mode: normal;}@media only screen and (min-width:768px) and (max-width: 1024px) {.tatsu-SJ7TjNzXF .tatsu-section-pad{padding: 200px 0px 38px 0px;}}<\/style><\/div><div  class=\"tatsu-guk1xdr04eavm1gv tatsu-section  tatsu-bg-overlay   tatsu-clearfix\" data-title=\"\"  data-headerscheme=\"background--dark\"><div class='tatsu-section-pad clearfix' data-padding='{\"d\":\"62px 0px 90px 0px\"}' data-padding-top='62px'><div class=\"tatsu-row-wrap  tatsu-wrap tatsu-row-has-two-cols tatsu-medium-gutter tatsu-reg-cols  tatsu-clearfix tatsu-guk1xdr08k7tq6w0\" ><div  class=\"tatsu-row \" ><div  class=\"tatsu-column  tatsu-bg-overlay tatsu-two-third tatsu-column-image-none tatsu-column-effect-none  tatsu-guk1xdr0cyblsyy2\"  data-parallax-speed=\"0\" style=\"\"><div class=\"tatsu-column-inner \" ><div class=\"tatsu-column-pad-wrap\"><div class=\"tatsu-column-pad\" ><div  class=\"tatsu-module tatsu-text-block-wrap tatsu-guk1xdr0gn3c9e7u  \"><div class=\"tatsu-text-inner tatsu-align-center  clearfix\" ><style>.tatsu-guk1xdr0gn3c9e7u.tatsu-text-block-wrap .tatsu-text-inner{width: 100%;text-align: left;}<\/style>\n<h4>Voluntariado en AFA Baix Llobregat<\/h4>\n<p style=\"text-align: justify;\">En estos momentos la Asociaci\u00f3n tiene voluntari@s que se ocupan de tareas que van, desde la direcci\u00f3n de la entidad (Junta Directiva), a tareas administrativas de apoyo, pasando por el apoyo a otros familiares y socios, acompa\u00f1amiento en domicilios, impulso a las actividades de captaci\u00f3n de fondos (actividades de difusi\u00f3n y recaudaci\u00f3n como las mesas petitorias, los bailes, los desfiles de moda y otros ), gesti\u00f3n del servicio de pr\u00e9stamo de ayudas t\u00e9cnicas (sillas, colchones de aire, muletas, andadores &#8230;), mantenimiento de los archivos de la entidad., etc. Sea lo que sea lo que est\u00e1s dispuesto a hacer, seguro que encontraremos un lugar para ti!.<\/p>\n<p style=\"text-align: justify;\">No dudes en ponerte en contacto con nosotros si estas interesado en colaborar con la Asociaci\u00f3n, puedes hacerlo llamando al nuestro tel\u00e9fono 93 379 00 22 o trav\u00e9s del <a href=\"https:\/\/afabaix.org\/es\/contacto\/\">formulario de contacto<\/a>.<\/p>\n<\/div><\/div><\/div><\/div><div class = \"tatsu-column-bg-image-wrap\"><div class = \"tatsu-column-bg-image\" ><\/div><\/div><div class=\"tatsu-overlay tatsu-column-overlay tatsu-animate-none\" ><\/div><\/div><style>.tatsu-row > .tatsu-guk1xdr0cyblsyy2.tatsu-column{width: 66.67%;}.tatsu-guk1xdr0cyblsyy2.tatsu-column > .tatsu-column-inner > .tatsu-column-overlay{mix-blend-mode: normal;}.tatsu-guk1xdr0cyblsyy2 > .tatsu-column-inner > .tatsu-top-divider{z-index: 9999;}.tatsu-guk1xdr0cyblsyy2 > .tatsu-column-inner > .tatsu-bottom-divider{z-index: 9999;}.tatsu-guk1xdr0cyblsyy2 > .tatsu-column-inner > .tatsu-left-divider{z-index: 9999;}.tatsu-guk1xdr0cyblsyy2 > .tatsu-column-inner > .tatsu-right-divider{z-index: 9999;}@media only screen and (max-width:1377px) {.tatsu-row > .tatsu-guk1xdr0cyblsyy2.tatsu-column{width: 66.67%;}}@media only screen and (min-width:768px) and (max-width: 1024px) {.tatsu-row > .tatsu-guk1xdr0cyblsyy2.tatsu-column{width: 66.67%;}}@media only screen and (max-width: 767px) {.tatsu-row > .tatsu-guk1xdr0cyblsyy2.tatsu-column{width: 100%;}}<\/style><\/div><div  class=\"tatsu-column  tatsu-bg-overlay tatsu-one-third tatsu-column-image-none tatsu-column-effect-none  tatsu-Hyg62yNvmK\"  data-parallax-speed=\"0\" style=\"\"><div class=\"tatsu-column-inner \" ><div class=\"tatsu-column-pad-wrap\"><div class=\"tatsu-column-pad\" >        <div  class = \"exp-contact-form-cf7 exp-module  tatsu-S1bc1EwXF \" >\n            <style>.tatsu-S1bc1EwXF{border-width: 0px 0px 0px 0px;border-style: solid;}<\/style>            <div class = \"exp-contact-cf7-inner\">\n                \n<div class=\"wpcf7 no-js\" id=\"wpcf7-f22901-o1\" lang=\"ca\" dir=\"ltr\" data-wpcf7-id=\"22901\">\n<div class=\"screen-reader-response\"><p role=\"status\" aria-live=\"polite\" aria-atomic=\"true\"><\/p> <ul><\/ul><\/div>\n<form action=\"\/es\/wp-json\/wp\/v2\/pages\/89#wpcf7-f22901-o1\" method=\"post\" class=\"wpcf7-form init exp-form-rounded exp-button-rounded exp-form\" aria-label=\"Formulari de contacte\" enctype=\"multipart\/form-data\" novalidate=\"novalidate\" data-status=\"init\">\n<fieldset class=\"hidden-fields-container\"><input type=\"hidden\" name=\"_wpcf7\" value=\"22901\" \/><input type=\"hidden\" name=\"_wpcf7_version\" value=\"6.1.5\" \/><input type=\"hidden\" name=\"_wpcf7_locale\" value=\"ca\" \/><input type=\"hidden\" name=\"_wpcf7_unit_tag\" value=\"wpcf7-f22901-o1\" \/><input type=\"hidden\" name=\"_wpcf7_container_post\" value=\"0\" \/><input type=\"hidden\" name=\"_wpcf7_posted_data_hash\" value=\"\" \/><input type=\"hidden\" name=\"_wpcf7_recaptcha_response\" value=\"\" \/>\n<\/fieldset>\n<span class=\"wpcf7-form-control-wrap\" data-name=\"your-name\"><input size=\"40\" maxlength=\"400\" class=\"wpcf7-form-control wpcf7-text wpcf7-validates-as-required\" aria-required=\"true\" aria-invalid=\"false\" placeholder=\"Nombre\" value=\"\" type=\"text\" name=\"your-name\" \/><\/span>\n          <span class=\"wpcf7-form-control-wrap\" data-name=\"your-email\"><input size=\"40\" maxlength=\"400\" class=\"wpcf7-form-control wpcf7-email wpcf7-validates-as-required wpcf7-text wpcf7-validates-as-email\" aria-required=\"true\" aria-invalid=\"false\" placeholder=\"Email\" value=\"\" type=\"email\" name=\"your-email\" \/><\/span>\n          <span class=\"wpcf7-form-control-wrap\" data-name=\"your-subject\"><input size=\"40\" maxlength=\"400\" class=\"wpcf7-form-control wpcf7-text\" aria-invalid=\"false\" placeholder=\"Asunto\" value=\"\" type=\"text\" name=\"your-subject\" \/><\/span> \n          <span class=\"wpcf7-form-control-wrap\" data-name=\"your-message\"><textarea cols=\"40\" rows=\"10\" maxlength=\"2000\" class=\"wpcf7-form-control wpcf7-textarea\" aria-invalid=\"false\" placeholder=\"Mensaje\" name=\"your-message\"><\/textarea><\/span>\n<span class=\"wpcf7-form-control-wrap\" data-name=\"file-821\"><input size=\"40\" class=\"wpcf7-form-control wpcf7-file\" accept=\".docx,.pdf,.png,.jpg,.xls,.doc,.jpeg\" aria-invalid=\"false\" type=\"file\" name=\"file-821\" \/><\/span>\n<span class=\"wpcf7-form-control-wrap\" data-name=\"acceptance-100\"><span class=\"wpcf7-form-control wpcf7-acceptance\"><span class=\"wpcf7-list-item\"><label><input type=\"checkbox\" name=\"acceptance-100\" value=\"1\" aria-invalid=\"false\" \/><span class=\"wpcf7-list-item-label\"><a href=\"https:\/\/afabaix.org\/es\/politica-de-privacidad-rgpd\/\">He le\u00eddo y acepto la pol\u00edtica de privacidad<\/a><\/span><\/label><\/span><\/span><\/span>\n          <input class=\"wpcf7-form-control wpcf7-submit has-spinner\" type=\"submit\" value=\"Envia\" \/><div class=\"wpcf7-response-output\" aria-hidden=\"true\"><\/div>\n<\/form>\n<\/div>\n            <\/div>\n        <\/div>\n<\/div><\/div><div class = \"tatsu-column-bg-image-wrap\"><div class = \"tatsu-column-bg-image\" ><\/div><\/div><div class=\"tatsu-overlay tatsu-column-overlay tatsu-animate-none\" ><\/div><\/div><style>.tatsu-row > .tatsu-Hyg62yNvmK.tatsu-column{width: 33.33%;}.tatsu-Hyg62yNvmK.tatsu-column > .tatsu-column-inner > .tatsu-column-overlay{mix-blend-mode: normal;}.tatsu-Hyg62yNvmK > .tatsu-column-inner > .tatsu-top-divider{z-index: 9999;}.tatsu-Hyg62yNvmK > .tatsu-column-inner > .tatsu-bottom-divider{z-index: 9999;}.tatsu-Hyg62yNvmK > .tatsu-column-inner > .tatsu-left-divider{z-index: 9999;}.tatsu-Hyg62yNvmK > .tatsu-column-inner > .tatsu-right-divider{z-index: 9999;}@media only screen and (max-width:1377px) {.tatsu-row > .tatsu-Hyg62yNvmK.tatsu-column{width: 33.33%;}}@media only screen and (min-width:768px) and (max-width: 1024px) {.tatsu-row > .tatsu-Hyg62yNvmK.tatsu-column{width: 33.33%;}}@media only screen and (max-width: 767px) {.tatsu-row > .tatsu-Hyg62yNvmK.tatsu-column{width: 100%;}}<\/style><\/div><\/div><\/div><\/div><div class=\"tatsu-section-background-wrap\"><div class = \"tatsu-section-background\" ><\/div><\/div><div class=\"tatsu-overlay tatsu-section-overlay\"><\/div><style>.tatsu-guk1xdr04eavm1gv .tatsu-section-pad{padding: 62px 0px 90px 0px;}.tatsu-guk1xdr04eavm1gv > .tatsu-bottom-divider{z-index: 9999;}.tatsu-guk1xdr04eavm1gv > .tatsu-top-divider{z-index: 9999;}.tatsu-guk1xdr04eavm1gv .tatsu-section-overlay{mix-blend-mode: normal;}<\/style><\/div>\n","protected":false},"excerpt":{"rendered":"<div><a href=\"https:\/\/afabaix.org\/es\/colabora\/hazte-voluntario\/\" class=\"exp-read-more exp-read-more-underlined\">Read More<\/a><\/div>\n","protected":false},"author":1,"featured_media":0,"parent":22609,"menu_order":0,"comment_status":"closed","ping_status":"closed","template":"","meta":{"footnotes":""},"class_list":["post-89","page","type-page","status-publish","hentry"],"_links":{"self":[{"href":"https:\/\/afabaix.org\/es\/wp-json\/wp\/v2\/pages\/89","targetHints":{"allow":["GET"]}}],"collection":[{"href":"https:\/\/afabaix.org\/es\/wp-json\/wp\/v2\/pages"}],"about":[{"href":"https:\/\/afabaix.org\/es\/wp-json\/wp\/v2\/types\/page"}],"author":[{"embeddable":true,"href":"https:\/\/afabaix.org\/es\/wp-json\/wp\/v2\/users\/1"}],"replies":[{"embeddable":true,"href":"https:\/\/afabaix.org\/es\/wp-json\/wp\/v2\/comments?post=89"}],"version-history":[{"count":10,"href":"https:\/\/afabaix.org\/es\/wp-json\/wp\/v2\/pages\/89\/revisions"}],"predecessor-version":[{"id":23025,"href":"https:\/\/afabaix.org\/es\/wp-json\/wp\/v2\/pages\/89\/revisions\/23025"}],"up":[{"embeddable":true,"href":"https:\/\/afabaix.org\/es\/wp-json\/wp\/v2\/pages\/22609"}],"wp:attachment":[{"href":"https:\/\/afabaix.org\/es\/wp-json\/wp\/v2\/media?parent=89"}],"curies":[{"name":"wp","href":"https:\/\/api.w.org\/{rel}","templated":true}]}}