
{"id":99,"date":"2013-02-08T11:34:21","date_gmt":"2013-02-08T11:34:21","guid":{"rendered":"https:\/\/lacuinade.timit2003.com\/afabaix2\/haz-un-donativo\/"},"modified":"2022-02-22T13:09:37","modified_gmt":"2022-02-22T13:09:37","slug":"haz-un-donativo","status":"publish","type":"page","link":"https:\/\/afabaix.org\/es\/colabora\/haz-un-donativo\/","title":{"rendered":"Haz un donativo"},"content":{"rendered":"<div  class=\"tatsu-HkMsvXhAO tatsu-section  tatsu-bg-overlay   tatsu-clearfix\" data-title=\"\"  data-headerscheme=\"background--dark\"><div class='tatsu-section-pad clearfix' data-padding='{\"d\":\"321px 0px 25px 0px\",\"t\":\"200px 0px 38px 0px\"}' data-padding-top='321px'><div class=\"tatsu-row-wrap  tatsu-wrap tatsu-row-one-col tatsu-row-has-one-cols tatsu-medium-gutter tatsu-reg-cols  tatsu-clearfix tatsu-Sklzjv72Au\" ><div  class=\"tatsu-row \" ><div  class=\"tatsu-column  tatsu-bg-overlay tatsu-one-col tatsu-column-align-bottom tatsu-column-image-none tatsu-column-effect-none  tatsu-H1bfsPXh0O\"  data-parallax-speed=\"0\" style=\"\"><div class=\"tatsu-column-inner \" ><div class=\"tatsu-column-pad-wrap\"><div class=\"tatsu-column-pad\" ><div  class=\"tatsu-module tatsu-text-block-wrap tatsu-r1zMow73Cd  \"><div class=\"tatsu-text-inner   clearfix\" ><style>.tatsu-r1zMow73Cd.tatsu-text-block-wrap .tatsu-text-inner{width: 28%;text-align: left;background-color: rgba(241,145,3,1);padding: 0px 0px 0px 5px;color: rgba(255,255,255,1) ;}.tatsu-r1zMow73Cd.tatsu-text-block-wrap{margin: 0px 0px 30px 5px;}.tatsu-r1zMow73Cd .tatsu-text-inner *{color: rgba(255,255,255,1) ;}.tatsu-r1zMow73Cd.tatsu-text-block-wrap .tatsu-text-inner *{font-family : \"Montserrat\",-apple-system,BlinkMacSystemFont,'Segoe UI',Roboto,Oxygen-Sans,Ubuntu,Cantarell,'Helvetica Neue',sans-serif;font-weight : 700;font-size : 36px;letter-spacing : 0px;}@media only screen and (max-width:1377px) {.tatsu-r1zMow73Cd.tatsu-text-block-wrap .tatsu-text-inner{width: 21%;}}@media only screen and (min-width:768px) and (max-width: 1024px) {.tatsu-r1zMow73Cd.tatsu-text-block-wrap .tatsu-text-inner{width: 33%;}}@media only screen and (max-width: 767px) {.tatsu-r1zMow73Cd.tatsu-text-block-wrap .tatsu-text-inner{width: 83%;}}<\/style>\n<h2>Haz un donativo<\/h2>\n<\/div><\/div><\/div><\/div><div class = \"tatsu-column-bg-image-wrap\"><div class = \"tatsu-column-bg-image\" ><\/div><\/div><div class=\"tatsu-overlay tatsu-column-overlay tatsu-animate-none\" ><\/div><\/div><style>.tatsu-row > .tatsu-H1bfsPXh0O.tatsu-column{width: 100%;}.tatsu-H1bfsPXh0O.tatsu-column > .tatsu-column-inner > .tatsu-column-overlay{mix-blend-mode: normal;}.tatsu-H1bfsPXh0O > .tatsu-column-inner > .tatsu-top-divider{z-index: 9999;}.tatsu-H1bfsPXh0O > .tatsu-column-inner > .tatsu-bottom-divider{z-index: 9999;}.tatsu-H1bfsPXh0O > .tatsu-column-inner > .tatsu-left-divider{z-index: 9999;}.tatsu-H1bfsPXh0O > .tatsu-column-inner > .tatsu-right-divider{z-index: 9999;}@media only screen and (max-width:1377px) {.tatsu-row > .tatsu-H1bfsPXh0O.tatsu-column{width: 100%;}}@media only screen and (min-width:768px) and (max-width: 1024px) {.tatsu-row > .tatsu-H1bfsPXh0O.tatsu-column{width: 100%;}}@media only screen and (max-width: 767px) {.tatsu-row > .tatsu-H1bfsPXh0O.tatsu-column{width: 100%;}}<\/style><\/div><\/div><\/div><\/div><div class=\"tatsu-section-background-wrap\"><div class = \"tatsu-section-background\" ><\/div><\/div><div class=\"tatsu-overlay tatsu-section-overlay\"><\/div><style>.tatsu-HkMsvXhAO .tatsu-section-background{background-image: url(https:\/\/afabaix.org\/wp-content\/uploads\/2022\/01\/donatiu.jpg);background-repeat: no-repeat;background-attachment: scroll;background-position: center left;background-size: cover;}.tatsu-HkMsvXhAO .tatsu-bg-blur{background-repeat: no-repeat;background-attachment: scroll;background-position: center left;background-size: cover;}.tatsu-HkMsvXhAO .tatsu-section-pad{padding: 321px 0px 25px 0px;}.tatsu-HkMsvXhAO .tatsu-section-offset-wrap{transform: translateY(-0px);}.tatsu-HkMsvXhAO > .tatsu-bottom-divider{z-index: 9999;}.tatsu-HkMsvXhAO > .tatsu-top-divider{z-index: 9999;}.tatsu-HkMsvXhAO .tatsu-section-overlay{background: rgba(22,20,5,0.19);mix-blend-mode: normal;}@media only screen and (min-width:768px) and (max-width: 1024px) {.tatsu-HkMsvXhAO .tatsu-section-pad{padding: 200px 0px 38px 0px;}}<\/style><\/div><div  class=\"tatsu-ryQGswmnAu tatsu-section  tatsu-bg-overlay   tatsu-clearfix\" data-title=\"\"  data-headerscheme=\"background--dark\"><div class='tatsu-section-pad clearfix' data-padding='{\"d\":\"65px 0px 90px 0px\",\"m\":\"65px 0px 90px 0px\"}' data-padding-top='65px'><div class=\"tatsu-row-wrap  tatsu-wrap tatsu-row-one-col tatsu-row-has-one-cols tatsu-medium-gutter tatsu-reg-cols  tatsu-clearfix tatsu-BkNMovmnRO\" ><div  class=\"tatsu-row \" ><div  class=\"tatsu-column  tatsu-bg-overlay tatsu-one-col tatsu-column-image-none tatsu-column-effect-none  tatsu-ByBMsD73R_\"  data-parallax-speed=\"0\" style=\"\"><div class=\"tatsu-column-inner \" ><div class=\"tatsu-column-pad-wrap\"><div class=\"tatsu-column-pad\" ><div  class=\"tatsu-module tatsu-text-block-wrap tatsu-gsum5r8byu1gqmub  \"><div class=\"tatsu-text-inner tatsu-align-center  clearfix\" ><style>.tatsu-gsum5r8byu1gqmub.tatsu-text-block-wrap .tatsu-text-inner{width: 100%;text-align: left;}<\/style>\n<h4>Donativos<\/h4>\n<p><strong>La AFA Baix Llobregat<\/strong> es una entidad declarada de Utilidad P\u00fablica, por este motivo los socios y colaboradores disfrutar\u00e1n de importantes beneficios fiscales en su declaraci\u00f3n del impuesto de la renta sobre las personas f\u00edsicas. Igualmente las empresas que quieran colaborar con donativos tendr\u00e1n grandes ventajas fiscales en su declaraci\u00f3n del impuesto de actividades econ\u00f3micas.\u00a0<a href=\"https:\/\/suport.fundesplai.org\/es\/blog-es\/actualidad\/desgravacion-de-las-donaciones-a-asociaciones-y-fundaciones\/\" target=\"_blank\" rel=\"noopener\">Pueden ver en el art\u00edculo de este enlace los detalles y condiciones de las mismas.<\/a><\/p>\n<p>Las aportaciones voluntarias que desee hacer para colaborar con AFA Baix Llobregat se pueden ingresar en la cuenta de la Asociaci\u00f3n:<\/p>\n<p><strong>CAIXABANK<\/strong><br \/>Cuenta n \u00ba\u00a0<strong>ES32<\/strong>\u00a0<strong>2100 3315 2122 0006 5695<\/strong><\/p>\n<\/div><\/div><div  class=\"tatsu-module tatsu-text-block-wrap tatsu-HJQmKQ3Au  \"><div class=\"tatsu-text-inner tatsu-align-center  clearfix\" ><style>.tatsu-HJQmKQ3Au.tatsu-text-block-wrap .tatsu-text-inner{width: 100%;text-align: left;}<\/style><\/div><\/div><\/div><\/div><div class = \"tatsu-column-bg-image-wrap\"><div class = \"tatsu-column-bg-image\" ><\/div><\/div><div class=\"tatsu-overlay tatsu-column-overlay tatsu-animate-none\" ><\/div><\/div><style>.tatsu-row > .tatsu-ByBMsD73R_.tatsu-column{width: 100%;}.tatsu-ByBMsD73R_.tatsu-column > .tatsu-column-inner > .tatsu-column-overlay{mix-blend-mode: normal;}.tatsu-ByBMsD73R_ > .tatsu-column-inner > .tatsu-top-divider{z-index: 9999;}.tatsu-ByBMsD73R_ > .tatsu-column-inner > .tatsu-bottom-divider{z-index: 9999;}.tatsu-ByBMsD73R_ > .tatsu-column-inner > .tatsu-left-divider{z-index: 9999;}.tatsu-ByBMsD73R_ > .tatsu-column-inner > .tatsu-right-divider{z-index: 9999;}<\/style><\/div><\/div><\/div><\/div><div class=\"tatsu-section-background-wrap\"><div class = \"tatsu-section-background\" ><\/div><\/div><div class=\"tatsu-overlay tatsu-section-overlay\"><\/div><style>.tatsu-ryQGswmnAu .tatsu-section-pad{padding: 65px 0px 90px 0px;}.tatsu-ryQGswmnAu > .tatsu-bottom-divider{z-index: 9999;}.tatsu-ryQGswmnAu > .tatsu-top-divider{z-index: 9999;}.tatsu-ryQGswmnAu .tatsu-section-overlay{mix-blend-mode: normal;}@media only screen and (max-width: 767px) {.tatsu-ryQGswmnAu .tatsu-section-pad{padding: 65px 0px 90px 0px;}}<\/style><\/div>\n","protected":false},"excerpt":{"rendered":"<div><a href=\"https:\/\/afabaix.org\/es\/colabora\/haz-un-donativo\/\" class=\"exp-read-more exp-read-more-underlined\">Read More<\/a><\/div>\n","protected":false},"author":1,"featured_media":0,"parent":22609,"menu_order":0,"comment_status":"closed","ping_status":"closed","template":"","meta":{"footnotes":""},"class_list":["post-99","page","type-page","status-publish","hentry"],"_links":{"self":[{"href":"https:\/\/afabaix.org\/es\/wp-json\/wp\/v2\/pages\/99","targetHints":{"allow":["GET"]}}],"collection":[{"href":"https:\/\/afabaix.org\/es\/wp-json\/wp\/v2\/pages"}],"about":[{"href":"https:\/\/afabaix.org\/es\/wp-json\/wp\/v2\/types\/page"}],"author":[{"embeddable":true,"href":"https:\/\/afabaix.org\/es\/wp-json\/wp\/v2\/users\/1"}],"replies":[{"embeddable":true,"href":"https:\/\/afabaix.org\/es\/wp-json\/wp\/v2\/comments?post=99"}],"version-history":[{"count":6,"href":"https:\/\/afabaix.org\/es\/wp-json\/wp\/v2\/pages\/99\/revisions"}],"predecessor-version":[{"id":23910,"href":"https:\/\/afabaix.org\/es\/wp-json\/wp\/v2\/pages\/99\/revisions\/23910"}],"up":[{"embeddable":true,"href":"https:\/\/afabaix.org\/es\/wp-json\/wp\/v2\/pages\/22609"}],"wp:attachment":[{"href":"https:\/\/afabaix.org\/es\/wp-json\/wp\/v2\/media?parent=99"}],"curies":[{"name":"wp","href":"https:\/\/api.w.org\/{rel}","templated":true}]}}